{"id":10134,"date":"2022-06-14T11:42:31","date_gmt":"2022-06-14T09:42:31","guid":{"rendered":"https:\/\/www.testrunner.se\/blog\/?page_id=10134"},"modified":"2023-09-08T15:47:29","modified_gmt":"2023-09-08T13:47:29","slug":"kundcase","status":"publish","type":"page","link":"https:\/\/www.dorunner.se\/blog\/for-foretag\/kundcase\/","title":{"rendered":"Kundcase"},"content":{"rendered":"\t\t<div data-elementor-type=\"wp-page\" data-elementor-id=\"10134\" class=\"elementor elementor-10134\" data-elementor-post-type=\"page\">\n\t\t\t\t\t\t<section class=\"elementor-section elementor-top-section elementor-element elementor-element-6ed95a2c elementor-section-boxed elementor-section-height-default elementor-section-height-default\" data-id=\"6ed95a2c\" data-element_type=\"section\">\n\t\t\t\t\t\t<div class=\"elementor-container elementor-column-gap-default\">\n\t\t\t\t\t<div class=\"elementor-column elementor-col-100 elementor-top-column elementor-element elementor-element-28910bd\" data-id=\"28910bd\" data-element_type=\"column\">\n\t\t\t<div class=\"elementor-widget-wrap elementor-element-populated\">\n\t\t\t\t\t\t<div class=\"elementor-element elementor-element-3b18fad2 elementor-widget elementor-widget-heading\" data-id=\"3b18fad2\" data-element_type=\"widget\" data-widget_type=\"heading.default\">\n\t\t\t\t<div class=\"elementor-widget-container\">\n\t\t\t<style>\/*! elementor - v3.23.0 - 05-08-2024 *\/\n.elementor-heading-title{padding:0;margin:0;line-height:1}.elementor-widget-heading .elementor-heading-title[class*=elementor-size-]>a{color:inherit;font-size:inherit;line-height:inherit}.elementor-widget-heading .elementor-heading-title.elementor-size-small{font-size:15px}.elementor-widget-heading .elementor-heading-title.elementor-size-medium{font-size:19px}.elementor-widget-heading .elementor-heading-title.elementor-size-large{font-size:29px}.elementor-widget-heading .elementor-heading-title.elementor-size-xl{font-size:39px}.elementor-widget-heading .elementor-heading-title.elementor-size-xxl{font-size:59px}<\/style><h2 class=\"elementor-heading-title elementor-size-default\">Dorunner tr\u00e4ffar kunden<\/h2>\t\t<\/div>\n\t\t\t\t<\/div>\n\t\t\t\t<div class=\"elementor-element elementor-element-6f3be0a3 elementor-widget-divider--view-line elementor-widget elementor-widget-divider\" data-id=\"6f3be0a3\" data-element_type=\"widget\" data-widget_type=\"divider.default\">\n\t\t\t\t<div class=\"elementor-widget-container\">\n\t\t\t<style>\/*! elementor - v3.23.0 - 05-08-2024 *\/\n.elementor-widget-divider{--divider-border-style:none;--divider-border-width:1px;--divider-color:#0c0d0e;--divider-icon-size:20px;--divider-element-spacing:10px;--divider-pattern-height:24px;--divider-pattern-size:20px;--divider-pattern-url:none;--divider-pattern-repeat:repeat-x}.elementor-widget-divider .elementor-divider{display:flex}.elementor-widget-divider .elementor-divider__text{font-size:15px;line-height:1;max-width:95%}.elementor-widget-divider .elementor-divider__element{margin:0 var(--divider-element-spacing);flex-shrink:0}.elementor-widget-divider .elementor-icon{font-size:var(--divider-icon-size)}.elementor-widget-divider .elementor-divider-separator{display:flex;margin:0;direction:ltr}.elementor-widget-divider--view-line_icon .elementor-divider-separator,.elementor-widget-divider--view-line_text .elementor-divider-separator{align-items:center}.elementor-widget-divider--view-line_icon .elementor-divider-separator:after,.elementor-widget-divider--view-line_icon .elementor-divider-separator:before,.elementor-widget-divider--view-line_text .elementor-divider-separator:after,.elementor-widget-divider--view-line_text .elementor-divider-separator:before{display:block;content:\"\";border-block-end:0;flex-grow:1;border-block-start:var(--divider-border-width) var(--divider-border-style) var(--divider-color)}.elementor-widget-divider--element-align-left .elementor-divider .elementor-divider-separator>.elementor-divider__svg:first-of-type{flex-grow:0;flex-shrink:100}.elementor-widget-divider--element-align-left .elementor-divider-separator:before{content:none}.elementor-widget-divider--element-align-left .elementor-divider__element{margin-left:0}.elementor-widget-divider--element-align-right .elementor-divider .elementor-divider-separator>.elementor-divider__svg:last-of-type{flex-grow:0;flex-shrink:100}.elementor-widget-divider--element-align-right .elementor-divider-separator:after{content:none}.elementor-widget-divider--element-align-right .elementor-divider__element{margin-right:0}.elementor-widget-divider--element-align-start .elementor-divider .elementor-divider-separator>.elementor-divider__svg:first-of-type{flex-grow:0;flex-shrink:100}.elementor-widget-divider--element-align-start .elementor-divider-separator:before{content:none}.elementor-widget-divider--element-align-start .elementor-divider__element{margin-inline-start:0}.elementor-widget-divider--element-align-end .elementor-divider .elementor-divider-separator>.elementor-divider__svg:last-of-type{flex-grow:0;flex-shrink:100}.elementor-widget-divider--element-align-end .elementor-divider-separator:after{content:none}.elementor-widget-divider--element-align-end .elementor-divider__element{margin-inline-end:0}.elementor-widget-divider:not(.elementor-widget-divider--view-line_text):not(.elementor-widget-divider--view-line_icon) .elementor-divider-separator{border-block-start:var(--divider-border-width) var(--divider-border-style) var(--divider-color)}.elementor-widget-divider--separator-type-pattern{--divider-border-style:none}.elementor-widget-divider--separator-type-pattern.elementor-widget-divider--view-line .elementor-divider-separator,.elementor-widget-divider--separator-type-pattern:not(.elementor-widget-divider--view-line) .elementor-divider-separator:after,.elementor-widget-divider--separator-type-pattern:not(.elementor-widget-divider--view-line) .elementor-divider-separator:before,.elementor-widget-divider--separator-type-pattern:not([class*=elementor-widget-divider--view]) .elementor-divider-separator{width:100%;min-height:var(--divider-pattern-height);-webkit-mask-size:var(--divider-pattern-size) 100%;mask-size:var(--divider-pattern-size) 100%;-webkit-mask-repeat:var(--divider-pattern-repeat);mask-repeat:var(--divider-pattern-repeat);background-color:var(--divider-color);-webkit-mask-image:var(--divider-pattern-url);mask-image:var(--divider-pattern-url)}.elementor-widget-divider--no-spacing{--divider-pattern-size:auto}.elementor-widget-divider--bg-round{--divider-pattern-repeat:round}.rtl .elementor-widget-divider .elementor-divider__text{direction:rtl}.e-con-inner>.elementor-widget-divider,.e-con>.elementor-widget-divider{width:var(--container-widget-width,100%);--flex-grow:var(--container-widget-flex-grow)}<\/style>\t\t<div class=\"elementor-divider\">\n\t\t\t<span class=\"elementor-divider-separator\">\n\t\t\t\t\t\t<\/span>\n\t\t<\/div>\n\t\t\t\t<\/div>\n\t\t\t\t<\/div>\n\t\t\t\t\t<\/div>\n\t\t<\/div>\n\t\t\t\t\t<\/div>\n\t\t<\/section>\n\t\t\t\t<section class=\"elementor-section elementor-top-section elementor-element elementor-element-3c8a568f elementor-section-boxed elementor-section-height-default elementor-section-height-default\" data-id=\"3c8a568f\" data-element_type=\"section\">\n\t\t\t\t\t\t<div class=\"elementor-container elementor-column-gap-default\">\n\t\t\t\t\t<div class=\"elementor-column elementor-col-100 elementor-top-column elementor-element elementor-element-384e31dc\" data-id=\"384e31dc\" data-element_type=\"column\">\n\t\t\t<div class=\"elementor-widget-wrap elementor-element-populated\">\n\t\t\t\t\t\t<div class=\"elementor-element elementor-element-1421dac0 elementor-grid-4 elementor-grid-tablet-2 elementor-grid-mobile-1 elementor-posts--thumbnail-top load-more-align-center elementor-widget elementor-widget-posts\" data-id=\"1421dac0\" data-element_type=\"widget\" data-settings=\"{&quot;classic_columns&quot;:&quot;4&quot;,&quot;pagination_type&quot;:&quot;load_more_on_click&quot;,&quot;classic_columns_tablet&quot;:&quot;2&quot;,&quot;classic_columns_mobile&quot;:&quot;1&quot;,&quot;classic_row_gap&quot;:{&quot;unit&quot;:&quot;px&quot;,&quot;size&quot;:35,&quot;sizes&quot;:[]},&quot;classic_row_gap_tablet&quot;:{&quot;unit&quot;:&quot;px&quot;,&quot;size&quot;:&quot;&quot;,&quot;sizes&quot;:[]},&quot;classic_row_gap_mobile&quot;:{&quot;unit&quot;:&quot;px&quot;,&quot;size&quot;:&quot;&quot;,&quot;sizes&quot;:[]},&quot;load_more_spinner&quot;:{&quot;value&quot;:&quot;fas fa-spinner&quot;,&quot;library&quot;:&quot;fa-solid&quot;}}\" data-widget_type=\"posts.classic\">\n\t\t\t\t<div class=\"elementor-widget-container\">\n\t\t\t<link rel=\"stylesheet\" href=\"https:\/\/www.dorunner.se\/blog\/wp-content\/plugins\/elementor-pro\/assets\/css\/widget-posts.min.css?ver=1724401801\">\t\t<div class=\"elementor-posts-container elementor-posts elementor-posts--skin-classic elementor-grid\">\n\t\t\t\t<article class=\"elementor-post elementor-grid-item post-18110 post type-post status-publish format-standard has-post-thumbnail hentry category-kundcase tag-dryft tag-foretag tag-foretagande tag-tjansteforetag tag-vaxa-med-dorunner\">\n\t\t\t\t<a class=\"elementor-post__thumbnail__link\" href=\"https:\/\/www.dorunner.se\/blog\/dryft-berattar\/\" tabindex=\"-1\" >\n\t\t\t<div class=\"elementor-post__thumbnail\"><img fetchpriority=\"high\" decoding=\"async\" width=\"1320\" height=\"1320\" src=\"https:\/\/www.dorunner.se\/blog\/wp-content\/uploads\/2023\/07\/Dryft_team.jpg\" class=\"attachment-full size-full wp-image-18537\" alt=\"\" srcset=\"https:\/\/www.dorunner.se\/blog\/wp-content\/uploads\/2023\/07\/Dryft_team.jpg 1320w, https:\/\/www.dorunner.se\/blog\/wp-content\/uploads\/2023\/07\/Dryft_team-300x300.jpg 300w, https:\/\/www.dorunner.se\/blog\/wp-content\/uploads\/2023\/07\/Dryft_team-1024x1024.jpg 1024w, https:\/\/www.dorunner.se\/blog\/wp-content\/uploads\/2023\/07\/Dryft_team-150x150.jpg 150w, https:\/\/www.dorunner.se\/blog\/wp-content\/uploads\/2023\/07\/Dryft_team-768x768.jpg 768w\" sizes=\"(max-width: 1320px) 100vw, 1320px\" \/><\/div>\n\t\t<\/a>\n\t\t\t\t<div class=\"elementor-post__text\">\n\t\t\t\t<h3 class=\"elementor-post__title\">\n\t\t\t<a href=\"https:\/\/www.dorunner.se\/blog\/dryft-berattar\/\" >\n\t\t\t\tDryft ber\u00e4ttar: Att skapa tillv\u00e4xt &#038; en positiv kundupplevelse\t\t\t<\/a>\n\t\t<\/h3>\n\t\t\t\t<div class=\"elementor-post__meta-data\">\n\t\t\t\t\t<span class=\"elementor-post-date\">\n\t\t\t2023-08-14\t\t<\/span>\n\t\t\t\t<\/div>\n\t\t\t\t<div class=\"elementor-post__excerpt\">\n\t\t\t<p>Johannes Ivarsson, Ledare f\u00f6r Growth och Tech p\u00e5 Dryft Sverige AB, delar sina insikter kring att v\u00e4xa sin kundbas fr\u00e5n grunden och att bygga ett framg\u00e5ngsrikt f\u00f6retag inom hantverksbranschen.<\/p>\n\t\t<\/div>\n\t\t\t\t\t<div class=\"elementor-post__read-more-wrapper\">\n\t\t\n\t\t<a class=\"elementor-post__read-more\" href=\"https:\/\/www.dorunner.se\/blog\/dryft-berattar\/\" aria-label=\"L\u00e4s mer om Dryft ber\u00e4ttar: Att skapa tillv\u00e4xt &#038; en positiv kundupplevelse\" tabindex=\"-1\" >\n\t\t\tL\u00e4s mer \u00bb\t\t<\/a>\n\n\t\t\t\t\t<\/div>\n\t\t\t\t<\/div>\n\t\t\t\t<\/article>\n\t\t\t\t<article class=\"elementor-post elementor-grid-item post-8774 post type-post status-publish format-standard has-post-thumbnail hentry category-kundcase tag-5-snabba tag-flyttfirma tag-flyttstadning tag-intervju tag-stadfirma tag-vp-stad-service\">\n\t\t\t\t<a class=\"elementor-post__thumbnail__link\" href=\"https:\/\/www.dorunner.se\/blog\/5-snabba-med-vp-stad-service\/\" tabindex=\"-1\" >\n\t\t\t<div class=\"elementor-post__thumbnail\"><img decoding=\"async\" width=\"1598\" height=\"1598\" data-src=\"https:\/\/www.dorunner.se\/blog\/wp-content\/uploads\/2022\/03\/5-snabba_VP-Sta\u0308d_ljusgul_1x1.jpg\" class=\"attachment-full size-full wp-image-8908 lazyload\" alt=\"5 snabba med VP St\u00e4d Service\" data-srcset=\"https:\/\/www.dorunner.se\/blog\/wp-content\/uploads\/2022\/03\/5-snabba_VP-Sta\u0308d_ljusgul_1x1.jpg 1598w, https:\/\/www.dorunner.se\/blog\/wp-content\/uploads\/2022\/03\/5-snabba_VP-Sta\u0308d_ljusgul_1x1-300x300.jpg 300w, https:\/\/www.dorunner.se\/blog\/wp-content\/uploads\/2022\/03\/5-snabba_VP-Sta\u0308d_ljusgul_1x1-1024x1024.jpg 1024w, https:\/\/www.dorunner.se\/blog\/wp-content\/uploads\/2022\/03\/5-snabba_VP-Sta\u0308d_ljusgul_1x1-150x150.jpg 150w, https:\/\/www.dorunner.se\/blog\/wp-content\/uploads\/2022\/03\/5-snabba_VP-Sta\u0308d_ljusgul_1x1-768x768.jpg 768w, https:\/\/www.dorunner.se\/blog\/wp-content\/uploads\/2022\/03\/5-snabba_VP-Sta\u0308d_ljusgul_1x1-1536x1536.jpg 1536w\" data-sizes=\"(max-width: 1598px) 100vw, 1598px\" src=\"data:image\/gif;base64,R0lGODlhAQABAAAAACH5BAEKAAEALAAAAAABAAEAAAICTAEAOw==\" style=\"--smush-placeholder-width: 1598px; --smush-placeholder-aspect-ratio: 1598\/1598;\" \/><noscript><img decoding=\"async\" width=\"1598\" height=\"1598\" src=\"https:\/\/www.dorunner.se\/blog\/wp-content\/uploads\/2022\/03\/5-snabba_VP-Sta\u0308d_ljusgul_1x1.jpg\" class=\"attachment-full size-full wp-image-8908\" alt=\"5 snabba med VP St\u00e4d Service\" srcset=\"https:\/\/www.dorunner.se\/blog\/wp-content\/uploads\/2022\/03\/5-snabba_VP-Sta\u0308d_ljusgul_1x1.jpg 1598w, https:\/\/www.dorunner.se\/blog\/wp-content\/uploads\/2022\/03\/5-snabba_VP-Sta\u0308d_ljusgul_1x1-300x300.jpg 300w, https:\/\/www.dorunner.se\/blog\/wp-content\/uploads\/2022\/03\/5-snabba_VP-Sta\u0308d_ljusgul_1x1-1024x1024.jpg 1024w, https:\/\/www.dorunner.se\/blog\/wp-content\/uploads\/2022\/03\/5-snabba_VP-Sta\u0308d_ljusgul_1x1-150x150.jpg 150w, https:\/\/www.dorunner.se\/blog\/wp-content\/uploads\/2022\/03\/5-snabba_VP-Sta\u0308d_ljusgul_1x1-768x768.jpg 768w, https:\/\/www.dorunner.se\/blog\/wp-content\/uploads\/2022\/03\/5-snabba_VP-Sta\u0308d_ljusgul_1x1-1536x1536.jpg 1536w\" sizes=\"(max-width: 1598px) 100vw, 1598px\" \/><\/noscript><\/div>\n\t\t<\/a>\n\t\t\t\t<div class=\"elementor-post__text\">\n\t\t\t\t<h3 class=\"elementor-post__title\">\n\t\t\t<a href=\"https:\/\/www.dorunner.se\/blog\/5-snabba-med-vp-stad-service\/\" >\n\t\t\t\t5 snabba med VP St\u00e4d Service\t\t\t<\/a>\n\t\t<\/h3>\n\t\t\t\t<div class=\"elementor-post__meta-data\">\n\t\t\t\t\t<span class=\"elementor-post-date\">\n\t\t\t2022-03-24\t\t<\/span>\n\t\t\t\t<\/div>\n\t\t\t\t<div class=\"elementor-post__excerpt\">\n\t\t\t<p>VP St\u00e4d Service \u00e4r ett av v\u00e5ra medlemsf\u00f6retag som riktar in sig p\u00e5 flytt och st\u00e4dning och har varit medlemmar hos oss \u00e4nda sedan 2017. Vi har passat p\u00e5 att st\u00e4lla 5 snabba fr\u00e5gor till dem!<\/p>\n\t\t<\/div>\n\t\t\t\t\t<div class=\"elementor-post__read-more-wrapper\">\n\t\t\n\t\t<a class=\"elementor-post__read-more\" href=\"https:\/\/www.dorunner.se\/blog\/5-snabba-med-vp-stad-service\/\" aria-label=\"L\u00e4s mer om 5 snabba med VP St\u00e4d Service\" tabindex=\"-1\" >\n\t\t\tL\u00e4s mer \u00bb\t\t<\/a>\n\n\t\t\t\t\t<\/div>\n\t\t\t\t<\/div>\n\t\t\t\t<\/article>\n\t\t\t\t<\/div>\n\t\t\t\t\t<span class=\"e-load-more-spinner\">\n\t\t\t\t<i aria-hidden=\"true\" class=\"fas fa-spinner\"><\/i>\t\t\t<\/span>\n\t\t\n\t\t\t\t<\/div>\n\t\t\t\t<\/div>\n\t\t\t\t<div class=\"elementor-element elementor-element-5e13ad71 elementor-widget-divider--view-line elementor-widget elementor-widget-divider\" data-id=\"5e13ad71\" data-element_type=\"widget\" data-widget_type=\"divider.default\">\n\t\t\t\t<div class=\"elementor-widget-container\">\n\t\t\t\t\t<div class=\"elementor-divider\">\n\t\t\t<span class=\"elementor-divider-separator\">\n\t\t\t\t\t\t<\/span>\n\t\t<\/div>\n\t\t\t\t<\/div>\n\t\t\t\t<\/div>\n\t\t\t\t\t<\/div>\n\t\t<\/div>\n\t\t\t\t\t<\/div>\n\t\t<\/section>\n\t\t\t\t<\/div>\n\t\t","protected":false},"excerpt":{"rendered":"<p>Dorunner tr\u00e4ffar kunden<\/p>\n","protected":false},"author":3,"featured_media":6594,"parent":10132,"menu_order":1,"comment_status":"closed","ping_status":"closed","template":"elementor_theme","meta":{"footnotes":""},"yoast_head":"<!-- This site is optimized with the Yoast SEO plugin v23.3 - https:\/\/yoast.com\/wordpress\/plugins\/seo\/ -->\n<title>Dorunner Kundcase<\/title>\n<meta name=\"description\" content=\"F\u00f6retag vi har hj\u00e4lp med Dorunners plattform och verktyg.\" \/>\n<meta name=\"robots\" content=\"index, follow, max-snippet:-1, max-image-preview:large, max-video-preview:-1\" \/>\n<link rel=\"canonical\" href=\"https:\/\/www.dorunner.se\/blog\/for-foretag\/kundcase\/\" \/>\n<meta property=\"og:locale\" content=\"sv_SE\" \/>\n<meta property=\"og:type\" content=\"article\" \/>\n<meta property=\"og:title\" content=\"Dorunner Kundcase\" \/>\n<meta property=\"og:description\" content=\"F\u00f6retag vi har hj\u00e4lp med Dorunners plattform och verktyg.\" \/>\n<meta property=\"og:url\" content=\"https:\/\/www.dorunner.se\/blog\/for-foretag\/kundcase\/\" \/>\n<meta property=\"og:site_name\" content=\"Dorunnervations\" \/>\n<meta property=\"article:publisher\" content=\"https:\/\/www.facebook.com\/dorunner\" \/>\n<meta property=\"article:modified_time\" content=\"2023-09-08T13:47:29+00:00\" \/>\n<meta property=\"og:image\" content=\"https:\/\/www.dorunner.se\/blog\/wp-content\/uploads\/2023\/03\/Fo\u0308retagare-din-profil-ger-dig-bra-synlighet-online.webp\" \/>\n\t<meta property=\"og:image:width\" content=\"1016\" \/>\n\t<meta property=\"og:image:height\" content=\"572\" \/>\n\t<meta property=\"og:image:type\" content=\"image\/webp\" \/>\n<meta name=\"twitter:card\" content=\"summary_large_image\" \/>\n<meta name=\"twitter:label1\" content=\"Ber\u00e4knad l\u00e4stid\" \/>\n\t<meta name=\"twitter:data1\" content=\"1 minut\" \/>\n<script type=\"application\/ld+json\" class=\"yoast-schema-graph\">{\"@context\":\"https:\/\/schema.org\",\"@graph\":[{\"@type\":\"WebPage\",\"@id\":\"https:\/\/www.dorunner.se\/blog\/for-foretag\/kundcase\/\",\"url\":\"https:\/\/www.dorunner.se\/blog\/for-foretag\/kundcase\/\",\"name\":\"Dorunner Kundcase\",\"isPartOf\":{\"@id\":\"https:\/\/www.dorunner.se\/blog\/#website\"},\"primaryImageOfPage\":{\"@id\":\"https:\/\/www.dorunner.se\/blog\/for-foretag\/kundcase\/#primaryimage\"},\"image\":{\"@id\":\"https:\/\/www.dorunner.se\/blog\/for-foretag\/kundcase\/#primaryimage\"},\"thumbnailUrl\":\"https:\/\/www.dorunner.se\/blog\/wp-content\/uploads\/2020\/02\/dorunner-lampa-arets-hantverkare.jpg\",\"datePublished\":\"2022-06-14T09:42:31+00:00\",\"dateModified\":\"2023-09-08T13:47:29+00:00\",\"description\":\"F\u00f6retag vi har hj\u00e4lp med Dorunners plattform och verktyg.\",\"breadcrumb\":{\"@id\":\"https:\/\/www.dorunner.se\/blog\/for-foretag\/kundcase\/#breadcrumb\"},\"inLanguage\":\"sv-SE\",\"potentialAction\":[{\"@type\":\"ReadAction\",\"target\":[\"https:\/\/www.dorunner.se\/blog\/for-foretag\/kundcase\/\"]}]},{\"@type\":\"ImageObject\",\"inLanguage\":\"sv-SE\",\"@id\":\"https:\/\/www.dorunner.se\/blog\/for-foretag\/kundcase\/#primaryimage\",\"url\":\"https:\/\/www.dorunner.se\/blog\/wp-content\/uploads\/2020\/02\/dorunner-lampa-arets-hantverkare.jpg\",\"contentUrl\":\"https:\/\/www.dorunner.se\/blog\/wp-content\/uploads\/2020\/02\/dorunner-lampa-arets-hantverkare.jpg\",\"width\":2000,\"height\":1333},{\"@type\":\"BreadcrumbList\",\"@id\":\"https:\/\/www.dorunner.se\/blog\/for-foretag\/kundcase\/#breadcrumb\",\"itemListElement\":[{\"@type\":\"ListItem\",\"position\":1,\"name\":\"Home\",\"item\":\"https:\/\/www.dorunner.se\/blog\/\"},{\"@type\":\"ListItem\",\"position\":2,\"name\":\"F\u00f6r F\u00f6retag\",\"item\":\"https:\/\/www.dorunner.se\/blog\/for-foretag\/\"},{\"@type\":\"ListItem\",\"position\":3,\"name\":\"Kundcase\"}]},{\"@type\":\"WebSite\",\"@id\":\"https:\/\/www.dorunner.se\/blog\/#website\",\"url\":\"https:\/\/www.dorunner.se\/blog\/\",\"name\":\"Dorunnervations\",\"description\":\"Inspiration, guider &amp; tips\",\"publisher\":{\"@id\":\"https:\/\/www.dorunner.se\/blog\/#organization\"},\"potentialAction\":[{\"@type\":\"SearchAction\",\"target\":{\"@type\":\"EntryPoint\",\"urlTemplate\":\"https:\/\/www.dorunner.se\/blog\/?s={search_term_string}\"},\"query-input\":\"required name=search_term_string\"}],\"inLanguage\":\"sv-SE\"},{\"@type\":\"Organization\",\"@id\":\"https:\/\/www.dorunner.se\/blog\/#organization\",\"name\":\"Dorunner\",\"url\":\"https:\/\/www.dorunner.se\/blog\/\",\"logo\":{\"@type\":\"ImageObject\",\"inLanguage\":\"sv-SE\",\"@id\":\"https:\/\/www.dorunner.se\/blog\/#\/schema\/logo\/image\/\",\"url\":\"https:\/\/www.dorunner.se\/blog\/wp-content\/uploads\/2021\/12\/340x340.png\",\"contentUrl\":\"https:\/\/www.dorunner.se\/blog\/wp-content\/uploads\/2021\/12\/340x340.png\",\"width\":340,\"height\":340,\"caption\":\"Dorunner\"},\"image\":{\"@id\":\"https:\/\/www.dorunner.se\/blog\/#\/schema\/logo\/image\/\"},\"sameAs\":[\"https:\/\/www.facebook.com\/dorunner\",\"https:\/\/www.linkedin.com\/company\/dorunner-ab\/\"]}]}<\/script>\n<!-- \/ Yoast SEO plugin. -->","yoast_head_json":{"title":"Dorunner Kundcase","description":"F\u00f6retag vi har hj\u00e4lp med Dorunners plattform och verktyg.","robots":{"index":"index","follow":"follow","max-snippet":"max-snippet:-1","max-image-preview":"max-image-preview:large","max-video-preview":"max-video-preview:-1"},"canonical":"https:\/\/www.dorunner.se\/blog\/for-foretag\/kundcase\/","og_locale":"sv_SE","og_type":"article","og_title":"Dorunner Kundcase","og_description":"F\u00f6retag vi har hj\u00e4lp med Dorunners plattform och verktyg.","og_url":"https:\/\/www.dorunner.se\/blog\/for-foretag\/kundcase\/","og_site_name":"Dorunnervations","article_publisher":"https:\/\/www.facebook.com\/dorunner","article_modified_time":"2023-09-08T13:47:29+00:00","og_image":[{"width":1016,"height":572,"url":"https:\/\/www.dorunner.se\/blog\/wp-content\/uploads\/2023\/03\/Fo\u0308retagare-din-profil-ger-dig-bra-synlighet-online.webp","type":"image\/webp"}],"twitter_card":"summary_large_image","twitter_misc":{"Ber\u00e4knad l\u00e4stid":"1 minut"},"schema":{"@context":"https:\/\/schema.org","@graph":[{"@type":"WebPage","@id":"https:\/\/www.dorunner.se\/blog\/for-foretag\/kundcase\/","url":"https:\/\/www.dorunner.se\/blog\/for-foretag\/kundcase\/","name":"Dorunner Kundcase","isPartOf":{"@id":"https:\/\/www.dorunner.se\/blog\/#website"},"primaryImageOfPage":{"@id":"https:\/\/www.dorunner.se\/blog\/for-foretag\/kundcase\/#primaryimage"},"image":{"@id":"https:\/\/www.dorunner.se\/blog\/for-foretag\/kundcase\/#primaryimage"},"thumbnailUrl":"https:\/\/www.dorunner.se\/blog\/wp-content\/uploads\/2020\/02\/dorunner-lampa-arets-hantverkare.jpg","datePublished":"2022-06-14T09:42:31+00:00","dateModified":"2023-09-08T13:47:29+00:00","description":"F\u00f6retag vi har hj\u00e4lp med Dorunners plattform och verktyg.","breadcrumb":{"@id":"https:\/\/www.dorunner.se\/blog\/for-foretag\/kundcase\/#breadcrumb"},"inLanguage":"sv-SE","potentialAction":[{"@type":"ReadAction","target":["https:\/\/www.dorunner.se\/blog\/for-foretag\/kundcase\/"]}]},{"@type":"ImageObject","inLanguage":"sv-SE","@id":"https:\/\/www.dorunner.se\/blog\/for-foretag\/kundcase\/#primaryimage","url":"https:\/\/www.dorunner.se\/blog\/wp-content\/uploads\/2020\/02\/dorunner-lampa-arets-hantverkare.jpg","contentUrl":"https:\/\/www.dorunner.se\/blog\/wp-content\/uploads\/2020\/02\/dorunner-lampa-arets-hantverkare.jpg","width":2000,"height":1333},{"@type":"BreadcrumbList","@id":"https:\/\/www.dorunner.se\/blog\/for-foretag\/kundcase\/#breadcrumb","itemListElement":[{"@type":"ListItem","position":1,"name":"Home","item":"https:\/\/www.dorunner.se\/blog\/"},{"@type":"ListItem","position":2,"name":"F\u00f6r F\u00f6retag","item":"https:\/\/www.dorunner.se\/blog\/for-foretag\/"},{"@type":"ListItem","position":3,"name":"Kundcase"}]},{"@type":"WebSite","@id":"https:\/\/www.dorunner.se\/blog\/#website","url":"https:\/\/www.dorunner.se\/blog\/","name":"Dorunnervations","description":"Inspiration, guider &amp; tips","publisher":{"@id":"https:\/\/www.dorunner.se\/blog\/#organization"},"potentialAction":[{"@type":"SearchAction","target":{"@type":"EntryPoint","urlTemplate":"https:\/\/www.dorunner.se\/blog\/?s={search_term_string}"},"query-input":"required name=search_term_string"}],"inLanguage":"sv-SE"},{"@type":"Organization","@id":"https:\/\/www.dorunner.se\/blog\/#organization","name":"Dorunner","url":"https:\/\/www.dorunner.se\/blog\/","logo":{"@type":"ImageObject","inLanguage":"sv-SE","@id":"https:\/\/www.dorunner.se\/blog\/#\/schema\/logo\/image\/","url":"https:\/\/www.dorunner.se\/blog\/wp-content\/uploads\/2021\/12\/340x340.png","contentUrl":"https:\/\/www.dorunner.se\/blog\/wp-content\/uploads\/2021\/12\/340x340.png","width":340,"height":340,"caption":"Dorunner"},"image":{"@id":"https:\/\/www.dorunner.se\/blog\/#\/schema\/logo\/image\/"},"sameAs":["https:\/\/www.facebook.com\/dorunner","https:\/\/www.linkedin.com\/company\/dorunner-ab\/"]}]}},"_links":{"self":[{"href":"https:\/\/www.dorunner.se\/blog\/wp-json\/wp\/v2\/pages\/10134"}],"collection":[{"href":"https:\/\/www.dorunner.se\/blog\/wp-json\/wp\/v2\/pages"}],"about":[{"href":"https:\/\/www.dorunner.se\/blog\/wp-json\/wp\/v2\/types\/page"}],"author":[{"embeddable":true,"href":"https:\/\/www.dorunner.se\/blog\/wp-json\/wp\/v2\/users\/3"}],"replies":[{"embeddable":true,"href":"https:\/\/www.dorunner.se\/blog\/wp-json\/wp\/v2\/comments?post=10134"}],"version-history":[{"count":0,"href":"https:\/\/www.dorunner.se\/blog\/wp-json\/wp\/v2\/pages\/10134\/revisions"}],"up":[{"embeddable":true,"href":"https:\/\/www.dorunner.se\/blog\/wp-json\/wp\/v2\/pages\/10132"}],"wp:featuredmedia":[{"embeddable":true,"href":"https:\/\/www.dorunner.se\/blog\/wp-json\/wp\/v2\/media\/6594"}],"wp:attachment":[{"href":"https:\/\/www.dorunner.se\/blog\/wp-json\/wp\/v2\/media?parent=10134"}],"curies":[{"name":"wp","href":"https:\/\/api.w.org\/{rel}","templated":true}]}}