{"id":567,"date":"2022-11-30T09:44:53","date_gmt":"2022-11-30T09:44:53","guid":{"rendered":"https:\/\/www.testrunner.se\/aretshantverkare\/?page_id=567"},"modified":"2023-08-21T08:40:20","modified_gmt":"2023-08-21T08:40:20","slug":"finalister-2023","status":"publish","type":"page","link":"https:\/\/www.dorunner.se\/aretshantverkare\/resultat\/resultat-2023\/finalister-2023\/","title":{"rendered":"Finalister 2023"},"content":{"rendered":"\t\t<div data-elementor-type=\"wp-page\" data-elementor-id=\"567\" class=\"elementor elementor-567\" data-elementor-post-type=\"page\">\n\t\t\t\t\t\t<section class=\"elementor-section elementor-top-section elementor-element elementor-element-6bb121a1 elementor-section-boxed elementor-section-height-default elementor-section-height-default\" data-id=\"6bb121a1\" data-element_type=\"section\">\n\t\t\t\t\t\t<div class=\"elementor-container elementor-column-gap-default\">\n\t\t\t\t\t<div class=\"elementor-column elementor-col-50 elementor-top-column elementor-element elementor-element-1606c19d\" data-id=\"1606c19d\" data-element_type=\"column\" data-settings=\"{&quot;background_background&quot;:&quot;classic&quot;}\">\n\t\t\t<div class=\"elementor-widget-wrap elementor-element-populated\">\n\t\t\t\t\t<div class=\"elementor-background-overlay\"><\/div>\n\t\t\t\t\t\t<div class=\"elementor-element elementor-element-20d34405 elementor-widget elementor-widget-toggle\" data-id=\"20d34405\" data-element_type=\"widget\" data-widget_type=\"toggle.default\">\n\t\t\t\t<div class=\"elementor-widget-container\">\n\t\t\t<style>\/*! elementor - v3.23.0 - 05-08-2024 *\/\n.elementor-toggle{text-align:start}.elementor-toggle .elementor-tab-title{font-weight:700;line-height:1;margin:0;padding:15px;border-bottom:1px solid #d5d8dc;cursor:pointer;outline:none}.elementor-toggle .elementor-tab-title .elementor-toggle-icon{display:inline-block;width:1em}.elementor-toggle .elementor-tab-title .elementor-toggle-icon svg{margin-inline-start:-5px;width:1em;height:1em}.elementor-toggle .elementor-tab-title .elementor-toggle-icon.elementor-toggle-icon-right{float:right;text-align:right}.elementor-toggle .elementor-tab-title .elementor-toggle-icon.elementor-toggle-icon-left{float:left;text-align:left}.elementor-toggle .elementor-tab-title .elementor-toggle-icon .elementor-toggle-icon-closed{display:block}.elementor-toggle .elementor-tab-title .elementor-toggle-icon .elementor-toggle-icon-opened{display:none}.elementor-toggle .elementor-tab-title.elementor-active{border-bottom:none}.elementor-toggle .elementor-tab-title.elementor-active .elementor-toggle-icon-closed{display:none}.elementor-toggle .elementor-tab-title.elementor-active .elementor-toggle-icon-opened{display:block}.elementor-toggle .elementor-tab-content{padding:15px;border-bottom:1px solid #d5d8dc;display:none}@media (max-width:767px){.elementor-toggle .elementor-tab-title{padding:12px}.elementor-toggle .elementor-tab-content{padding:12px 10px}}.e-con-inner>.elementor-widget-toggle,.e-con>.elementor-widget-toggle{width:var(--container-widget-width);--flex-grow:var(--container-widget-flex-grow)}<\/style>\t\t<div class=\"elementor-toggle\">\n\t\t\t\t\t\t\t<div class=\"elementor-toggle-item\">\n\t\t\t\t\t<div id=\"elementor-tab-title-5501\" class=\"elementor-tab-title\" data-tab=\"1\" role=\"button\" aria-controls=\"elementor-tab-content-5501\" aria-expanded=\"false\">\n\t\t\t\t\t\t\t\t\t\t\t\t<span class=\"elementor-toggle-icon elementor-toggle-icon-left\" aria-hidden=\"true\">\n\t\t\t\t\t\t\t\t\t\t\t\t\t\t\t<span class=\"elementor-toggle-icon-closed\"><i class=\"fas fa-caret-right\"><\/i><\/span>\n\t\t\t\t\t\t\t\t<span class=\"elementor-toggle-icon-opened\"><i class=\"elementor-toggle-icon-opened fas fa-caret-up\"><\/i><\/span>\n\t\t\t\t\t\t\t\t\t\t\t\t\t<\/span>\n\t\t\t\t\t\t\t\t\t\t\t\t<a class=\"elementor-toggle-title\" tabindex=\"0\">\u00c5rets VVS-f\u00f6retag<\/a>\n\t\t\t\t\t<\/div>\n\n\t\t\t\t\t<div id=\"elementor-tab-content-5501\" class=\"elementor-tab-content elementor-clearfix\" data-tab=\"1\" role=\"region\" aria-labelledby=\"elementor-tab-title-5501\"><h5><strong>Sm\u00e5<\/strong><\/h5>\n<p>Aktiebolaget Erlandssons VVS och Fastighetsservice<\/p>\n<p>R\u00f6r\u00f6mokar&#8217;n AB<\/p>\n<p><a href=\"https:\/\/www.dorunner.se\/f%C3%B6retag\/mk-r%C3%B6r-i-stockholm-ab-56042\">MK R\u00f6r i Stockholm AB<\/a><\/p>\n<p><a href=\"https:\/\/www.dorunner.se\/f%C3%B6retag\/v%C3%A4rmepumpsproffsen-i-53529\">V\u00e4rmepumpsproffsen i M\u00e4lardalen AB<\/a><\/p>\n<p>\u00c5rsunda R\u00f6r AB<\/p>\n<p><\/p>\n<h5><strong>Medelstora<\/strong><\/h5>\n<p><span style=\"background-color: var( --e-global-color-a5028ba ); color: var( --e-global-color-text );\"><a href=\"https:\/\/www.dorunner.se\/f%C3%B6retag\/lye-bygg-ab-9792\">Lye Bygg AB<\/a><\/span><\/p>\n<p>M\u00e5rtenssons VVS i S\u00f6lvesborg AB<\/p>\n<p><span style=\"background-color: var( --e-global-color-a5028ba ); color: var( --e-global-color-text );\">Sj\u00f6valla VVS AB&nbsp;<\/span><\/p>\n<p><span style=\"background-color: var( --e-global-color-a5028ba ); color: var( --e-global-color-text );\">Sk\u00e5nska Fastighet och Badrum AB<\/span><\/p>\n<p>U-Con VVS AB<\/p>\n<p><\/p>\n<h5><strong>Stora<\/strong><\/h5>\n<p><a href=\"https:\/\/www.dorunner.se\/f%C3%B6retag\/carlaplans-r%C3%B6r-ab-8216\">Carlaplans R\u00f6r AB<\/a><\/p>\n<p><a href=\"https:\/\/www.dorunner.se\/f%C3%B6retag\/comne-work-ab-4161\">Comne Work AB<\/a><\/p>\n<p>Kristianstad Kylservice<\/p>\n<p>R\u00f6rmannen i Bromma AB<br><\/p>\n<p>Svanstr\u00f6ms El &amp; VVS AB<\/p><\/div>\n\t\t\t\t<\/div>\n\t\t\t\t\t\t\t\t<\/div>\n\t\t\t\t<\/div>\n\t\t\t\t<\/div>\n\t\t\t\t\t<\/div>\n\t\t<\/div>\n\t\t\t\t<div class=\"elementor-column elementor-col-50 elementor-top-column elementor-element elementor-element-736c9b59\" data-id=\"736c9b59\" data-element_type=\"column\" data-settings=\"{&quot;background_background&quot;:&quot;classic&quot;}\">\n\t\t\t<div class=\"elementor-widget-wrap elementor-element-populated\">\n\t\t\t\t\t\t<div class=\"elementor-element elementor-element-70094cc1 elementor-widget elementor-widget-toggle\" data-id=\"70094cc1\" data-element_type=\"widget\" data-widget_type=\"toggle.default\">\n\t\t\t\t<div class=\"elementor-widget-container\">\n\t\t\t\t\t<div class=\"elementor-toggle\">\n\t\t\t\t\t\t\t<div class=\"elementor-toggle-item\">\n\t\t\t\t\t<div id=\"elementor-tab-title-1871\" class=\"elementor-tab-title\" data-tab=\"1\" role=\"button\" aria-controls=\"elementor-tab-content-1871\" aria-expanded=\"false\">\n\t\t\t\t\t\t\t\t\t\t\t\t<span class=\"elementor-toggle-icon elementor-toggle-icon-left\" aria-hidden=\"true\">\n\t\t\t\t\t\t\t\t\t\t\t\t\t\t\t<span class=\"elementor-toggle-icon-closed\"><i class=\"fas fa-caret-right\"><\/i><\/span>\n\t\t\t\t\t\t\t\t<span class=\"elementor-toggle-icon-opened\"><i class=\"elementor-toggle-icon-opened fas fa-caret-up\"><\/i><\/span>\n\t\t\t\t\t\t\t\t\t\t\t\t\t<\/span>\n\t\t\t\t\t\t\t\t\t\t\t\t<a class=\"elementor-toggle-title\" tabindex=\"0\">\u00c5rets Elf\u00f6retag<\/a>\n\t\t\t\t\t<\/div>\n\n\t\t\t\t\t<div id=\"elementor-tab-content-1871\" class=\"elementor-tab-content elementor-clearfix\" data-tab=\"1\" role=\"region\" aria-labelledby=\"elementor-tab-title-1871\"><h5><strong>Sm\u00e5<\/strong><\/h5><p>Elprojekt V\u00e4rmland AB<\/p><p>Er el i Falun AB<\/p><p>Hyr en timme i Nacka<\/p><p><a href=\"https:\/\/www.dorunner.se\/f%C3%B6retag\/ita-elteknik-25494\">ITA Elteknik AB<\/a><\/p><p>S\u00f6derorts Elservice AB<\/p><p>\u00a0<\/p><h5><strong>Medelstora<\/strong><\/h5><p>Aspdahls Elektriska AB<\/p><p><a href=\"https:\/\/www.dorunner.se\/f%C3%B6retag\/elnature-ab-61217\">Elnature Ab<\/a><\/p><p>Greve Jakobs Hiss AB<\/p><p>G\u00e4strike Solkonsult AB<\/p><p><a href=\"https:\/\/www.dorunner.se\/f%C3%B6retag\/kng-el-konsult-och-installation-ab-49192\">KNG EL Konsult &amp; Installation AB<\/a><\/p><p>\u00a0<\/p><h5><strong>Stora<\/strong><\/h5><p><a href=\"https:\/\/www.dorunner.se\/f%C3%B6retag\/elektropartner-nacka-ab-21031\">Elektropartner Nacka AB<\/a><\/p><p>E.S.F. Service AB\u00a0<\/p><p>Jikson Solutions AB<\/p><p>Ultra El AB<\/p><p><a href=\"https:\/\/www.dorunner.se\/f%C3%B6retag\/%C3%A5kessons-el-ab-ockelbo-hk-15043\">\u00c5kessons El i Ockelbo AB<\/a><\/p><\/div>\n\t\t\t\t<\/div>\n\t\t\t\t\t\t\t\t<\/div>\n\t\t\t\t<\/div>\n\t\t\t\t<\/div>\n\t\t\t\t\t<\/div>\n\t\t<\/div>\n\t\t\t\t\t<\/div>\n\t\t<\/section>\n\t\t\t\t<section class=\"elementor-section elementor-top-section elementor-element elementor-element-7af2d8c9 elementor-section-boxed elementor-section-height-default elementor-section-height-default\" data-id=\"7af2d8c9\" data-element_type=\"section\">\n\t\t\t\t\t\t<div class=\"elementor-container elementor-column-gap-default\">\n\t\t\t\t\t<div class=\"elementor-column elementor-col-50 elementor-top-column elementor-element elementor-element-340af8a5\" data-id=\"340af8a5\" data-element_type=\"column\" data-settings=\"{&quot;background_background&quot;:&quot;classic&quot;}\">\n\t\t\t<div class=\"elementor-widget-wrap elementor-element-populated\">\n\t\t\t\t\t<div class=\"elementor-background-overlay\"><\/div>\n\t\t\t\t\t\t<div class=\"elementor-element elementor-element-50989d4a elementor-widget elementor-widget-toggle\" data-id=\"50989d4a\" data-element_type=\"widget\" data-widget_type=\"toggle.default\">\n\t\t\t\t<div class=\"elementor-widget-container\">\n\t\t\t\t\t<div class=\"elementor-toggle\">\n\t\t\t\t\t\t\t<div class=\"elementor-toggle-item\">\n\t\t\t\t\t<div id=\"elementor-tab-title-1351\" class=\"elementor-tab-title\" data-tab=\"1\" role=\"button\" aria-controls=\"elementor-tab-content-1351\" aria-expanded=\"false\">\n\t\t\t\t\t\t\t\t\t\t\t\t<span class=\"elementor-toggle-icon elementor-toggle-icon-left\" aria-hidden=\"true\">\n\t\t\t\t\t\t\t\t\t\t\t\t\t\t\t<span class=\"elementor-toggle-icon-closed\"><i class=\"fas fa-caret-right\"><\/i><\/span>\n\t\t\t\t\t\t\t\t<span class=\"elementor-toggle-icon-opened\"><i class=\"elementor-toggle-icon-opened fas fa-caret-up\"><\/i><\/span>\n\t\t\t\t\t\t\t\t\t\t\t\t\t<\/span>\n\t\t\t\t\t\t\t\t\t\t\t\t<a class=\"elementor-toggle-title\" tabindex=\"0\">\u00c5rets M\u00e5lerif\u00f6retag<\/a>\n\t\t\t\t\t<\/div>\n\n\t\t\t\t\t<div id=\"elementor-tab-content-1351\" class=\"elementor-tab-content elementor-clearfix\" data-tab=\"1\" role=\"region\" aria-labelledby=\"elementor-tab-title-1351\"><h5><strong>Sm\u00e5<\/strong><\/h5><p>DC M\u00e5leri AB<\/p><p>F\u00e4rgstark Sk\u00f6vde<\/p><p>Karlsson Kl\u00e4tterteknik AB<\/p><p>M\u00f6ckl\u00f6 M\u00e5leri AB<\/p><p>Sandells M\u00e5leri<\/p><p>\u00a0<\/p><h5><strong>Medelstora<\/strong><\/h5><p>Anders Jansson M\u00e5leri AB<\/p><p><a href=\"https:\/\/www.dorunner.se\/f%C3%B6retag\/city-f%C3%B6nsterrenovering-i-stockholm-ab-5958\">City F\u00f6nsterrenovering Stockholm AB<\/a><\/p><p>Stockholms innerstads m\u00e5leri och inredning AB<\/p><p>Vaksala M\u00e5leri AB<\/p><p>\u00c5ke Wid\u00e9n M\u00e5leri Express AB<\/p><p>\u00a0<\/p><h5><strong>Stora<\/strong><\/h5><p><a href=\"https:\/\/www.dorunner.se\/f%C3%B6retag\/engbergs-m%C3%A5leri-ab-1090\">Engbergs M\u00e5leri i Uppsala AB<\/a><\/p><p>Let&#8217;s Paint<\/p><p><a href=\"https:\/\/www.dorunner.se\/f%C3%B6retag\/malm%C3%B6-m%C3%A5leritj%C3%A4nst-ab-arl%C3%B6v-17075\">Malm\u00f6 M\u00e5leritj\u00e4nst<\/a><\/p><p>M\u00e5lerifirma Alfred Holm AB<\/p><p>Renew Service AB<\/p><\/div>\n\t\t\t\t<\/div>\n\t\t\t\t\t\t\t\t<\/div>\n\t\t\t\t<\/div>\n\t\t\t\t<\/div>\n\t\t\t\t\t<\/div>\n\t\t<\/div>\n\t\t\t\t<div class=\"elementor-column elementor-col-50 elementor-top-column elementor-element elementor-element-1f03403d\" data-id=\"1f03403d\" data-element_type=\"column\" data-settings=\"{&quot;background_background&quot;:&quot;classic&quot;}\">\n\t\t\t<div class=\"elementor-widget-wrap elementor-element-populated\">\n\t\t\t\t\t<div class=\"elementor-background-overlay\"><\/div>\n\t\t\t\t\t\t<div class=\"elementor-element elementor-element-31bc85ad elementor-widget elementor-widget-toggle\" data-id=\"31bc85ad\" data-element_type=\"widget\" data-widget_type=\"toggle.default\">\n\t\t\t\t<div class=\"elementor-widget-container\">\n\t\t\t\t\t<div class=\"elementor-toggle\">\n\t\t\t\t\t\t\t<div class=\"elementor-toggle-item\">\n\t\t\t\t\t<div id=\"elementor-tab-title-8341\" class=\"elementor-tab-title\" data-tab=\"1\" role=\"button\" aria-controls=\"elementor-tab-content-8341\" aria-expanded=\"false\">\n\t\t\t\t\t\t\t\t\t\t\t\t<span class=\"elementor-toggle-icon elementor-toggle-icon-left\" aria-hidden=\"true\">\n\t\t\t\t\t\t\t\t\t\t\t\t\t\t\t<span class=\"elementor-toggle-icon-closed\"><i class=\"fas fa-caret-right\"><\/i><\/span>\n\t\t\t\t\t\t\t\t<span class=\"elementor-toggle-icon-opened\"><i class=\"elementor-toggle-icon-opened fas fa-caret-up\"><\/i><\/span>\n\t\t\t\t\t\t\t\t\t\t\t\t\t<\/span>\n\t\t\t\t\t\t\t\t\t\t\t\t<a class=\"elementor-toggle-title\" tabindex=\"0\">\u00c5rets Byggf\u00f6retag<\/a>\n\t\t\t\t\t<\/div>\n\n\t\t\t\t\t<div id=\"elementor-tab-content-8341\" class=\"elementor-tab-content elementor-clearfix\" data-tab=\"1\" role=\"region\" aria-labelledby=\"elementor-tab-title-8341\"><h5><strong>Sm\u00e5<\/strong><\/h5><p>G\u00f6teborgs Byggteam AB<\/p><p>JB Bygg &amp; Alltj\u00e4nst AB<\/p><p><a href=\"https:\/\/www.dorunner.se\/f%C3%B6retag\/object-entreprenad-ab-65243\">Object Entreprenad AB<\/a><\/p><p><a href=\"https:\/\/www.dorunner.se\/f%C3%B6retag\/mattias-olssons-byggtj%C3%A4nst-v%C3%A4sby-ab-7490\">Mattias Olssons Byggtj\u00e4nst V\u00e4sby AB<\/a><\/p><p><a href=\"https:\/\/www.dorunner.se\/f%C3%B6retag\/takcenter-v%C3%A4stkusten-entreprenad-ab-16081\">Takcenter V\u00e4stkusten Entreprenad AB<\/a><\/p><p>\u00a0<\/p><h5><strong>Medelstora<\/strong><\/h5><p><a href=\"https:\/\/www.dorunner.se\/f%C3%B6retag\/allti1bygg-huskvarna-55469\">Allt i 1 Bygg Huskvarna AB<\/a><\/p><p>J. Hertzmans Bygg &amp; Entreprenad AB<\/p><p>Karlssons Golv &amp; Badrum AB<\/p><p>MLS Alltj\u00e4nst &amp; Byggservice<\/p><p>PP Hus &amp; Bygg AB<\/p><p>\u00a0<\/p><h5><strong>Stora<\/strong><\/h5><p><a href=\"https:\/\/www.dorunner.se\/f%C3%B6retag\/hemfixarna-nordic-ab-24752\">Hemfixarna Nordic AB<\/a><\/p><p><span style=\"background-color: var( --e-global-color-a5028ba ); color: var( --e-global-color-text );\">M Degerstedt Bygg AB<\/span><\/p><p><a href=\"https:\/\/www.dorunner.se\/f%C3%B6retag\/sydbab-jonas-billgren-ab-9588\">Sydbab Jonas Billgren AB<\/a><\/p><p>Sj\u00f6valla Byggservice AB<\/p><p>WBygg &amp; Fastighets AB<\/p><\/div>\n\t\t\t\t<\/div>\n\t\t\t\t\t\t\t\t<\/div>\n\t\t\t\t<\/div>\n\t\t\t\t<\/div>\n\t\t\t\t\t<\/div>\n\t\t<\/div>\n\t\t\t\t\t<\/div>\n\t\t<\/section>\n\t\t\t\t<section class=\"elementor-section elementor-top-section elementor-element elementor-element-6ebfc381 elementor-section-boxed elementor-section-height-default elementor-section-height-default\" data-id=\"6ebfc381\" data-element_type=\"section\">\n\t\t\t\t\t\t<div class=\"elementor-container elementor-column-gap-default\">\n\t\t\t\t\t<div class=\"elementor-column elementor-col-50 elementor-top-column elementor-element elementor-element-7b54f7e3\" data-id=\"7b54f7e3\" data-element_type=\"column\" data-settings=\"{&quot;background_background&quot;:&quot;classic&quot;}\">\n\t\t\t<div class=\"elementor-widget-wrap elementor-element-populated\">\n\t\t\t\t\t<div class=\"elementor-background-overlay\"><\/div>\n\t\t\t\t\t\t<div class=\"elementor-element elementor-element-24a3d67b elementor-widget elementor-widget-toggle\" data-id=\"24a3d67b\" data-element_type=\"widget\" data-widget_type=\"toggle.default\">\n\t\t\t\t<div class=\"elementor-widget-container\">\n\t\t\t\t\t<div class=\"elementor-toggle\">\n\t\t\t\t\t\t\t<div class=\"elementor-toggle-item\">\n\t\t\t\t\t<div id=\"elementor-tab-title-6141\" class=\"elementor-tab-title\" data-tab=\"1\" role=\"button\" aria-controls=\"elementor-tab-content-6141\" aria-expanded=\"false\">\n\t\t\t\t\t\t\t\t\t\t\t\t<span class=\"elementor-toggle-icon elementor-toggle-icon-left\" aria-hidden=\"true\">\n\t\t\t\t\t\t\t\t\t\t\t\t\t\t\t<span class=\"elementor-toggle-icon-closed\"><i class=\"fas fa-caret-right\"><\/i><\/span>\n\t\t\t\t\t\t\t\t<span class=\"elementor-toggle-icon-opened\"><i class=\"elementor-toggle-icon-opened fas fa-caret-up\"><\/i><\/span>\n\t\t\t\t\t\t\t\t\t\t\t\t\t<\/span>\n\t\t\t\t\t\t\t\t\t\t\t\t<a class=\"elementor-toggle-title\" tabindex=\"0\">\u00c5rets Badrumsentrepren\u00f6r<\/a>\n\t\t\t\t\t<\/div>\n\n\t\t\t\t\t<div id=\"elementor-tab-content-6141\" class=\"elementor-tab-content elementor-clearfix\" data-tab=\"1\" role=\"region\" aria-labelledby=\"elementor-tab-title-6141\"><p><a href=\"https:\/\/www.dorunner.se\/f%C3%B6retag\/edlunds-kakel-klinker-byggservice-ab-19228\">Edlunds Kakel, Klinker &amp; Byggservice AB<\/a><\/p><p>Gotlands platts\u00e4ttning AB<\/p><p>JDE Bygg<\/p><p>JMG Kakel &amp; Klinker AB<\/p><p><a href=\"https:\/\/www.dorunner.se\/f%C3%B6retag\/ma-kakel-ab-60519\">MA Kakel AB<\/a><\/p><\/div>\n\t\t\t\t<\/div>\n\t\t\t\t\t\t\t\t<\/div>\n\t\t\t\t<\/div>\n\t\t\t\t<\/div>\n\t\t\t\t\t<\/div>\n\t\t<\/div>\n\t\t\t\t<div class=\"elementor-column elementor-col-50 elementor-top-column elementor-element elementor-element-20a08893\" data-id=\"20a08893\" data-element_type=\"column\" data-settings=\"{&quot;background_background&quot;:&quot;classic&quot;}\">\n\t\t\t<div class=\"elementor-widget-wrap elementor-element-populated\">\n\t\t\t\t\t<div class=\"elementor-background-overlay\"><\/div>\n\t\t\t\t\t\t<div class=\"elementor-element elementor-element-786b47b4 elementor-widget elementor-widget-toggle\" data-id=\"786b47b4\" data-element_type=\"widget\" data-widget_type=\"toggle.default\">\n\t\t\t\t<div class=\"elementor-widget-container\">\n\t\t\t\t\t<div class=\"elementor-toggle\">\n\t\t\t\t\t\t\t<div class=\"elementor-toggle-item\">\n\t\t\t\t\t<div id=\"elementor-tab-title-2021\" class=\"elementor-tab-title\" data-tab=\"1\" role=\"button\" aria-controls=\"elementor-tab-content-2021\" aria-expanded=\"false\">\n\t\t\t\t\t\t\t\t\t\t\t\t<span class=\"elementor-toggle-icon elementor-toggle-icon-left\" aria-hidden=\"true\">\n\t\t\t\t\t\t\t\t\t\t\t\t\t\t\t<span class=\"elementor-toggle-icon-closed\"><i class=\"fas fa-caret-right\"><\/i><\/span>\n\t\t\t\t\t\t\t\t<span class=\"elementor-toggle-icon-opened\"><i class=\"elementor-toggle-icon-opened fas fa-caret-up\"><\/i><\/span>\n\t\t\t\t\t\t\t\t\t\t\t\t\t<\/span>\n\t\t\t\t\t\t\t\t\t\t\t\t<a class=\"elementor-toggle-title\" tabindex=\"0\">\u00c5rets Golventrepren\u00f6r<\/a>\n\t\t\t\t\t<\/div>\n\n\t\t\t\t\t<div id=\"elementor-tab-content-2021\" class=\"elementor-tab-content elementor-clearfix\" data-tab=\"1\" role=\"region\" aria-labelledby=\"elementor-tab-title-2021\"><p>Elofsson Wood &amp; Concrete AB<\/p><p>Hiltima Golv AB<\/p><p>LD Golv &amp; Platt AB<\/p><p>PO Golv &amp; Bygg AB<\/p><p>Sundets Golvslipning AB<\/p><\/div>\n\t\t\t\t<\/div>\n\t\t\t\t\t\t\t\t<\/div>\n\t\t\t\t<\/div>\n\t\t\t\t<\/div>\n\t\t\t\t\t<\/div>\n\t\t<\/div>\n\t\t\t\t\t<\/div>\n\t\t<\/section>\n\t\t\t\t<section class=\"elementor-section elementor-top-section elementor-element elementor-element-5ea900e5 elementor-section-boxed elementor-section-height-default elementor-section-height-default\" data-id=\"5ea900e5\" data-element_type=\"section\">\n\t\t\t\t\t\t<div class=\"elementor-container elementor-column-gap-default\">\n\t\t\t\t\t<div class=\"elementor-column elementor-col-100 elementor-top-column elementor-element elementor-element-166ab5c1\" data-id=\"166ab5c1\" data-element_type=\"column\">\n\t\t\t<div class=\"elementor-widget-wrap elementor-element-populated\">\n\t\t\t\t\t\t<div class=\"elementor-element elementor-element-1059f7c1 elementor-widget elementor-widget-heading\" data-id=\"1059f7c1\" data-element_type=\"widget\" data-widget_type=\"heading.default\">\n\t\t\t\t<div class=\"elementor-widget-container\">\n\t\t\t<style>\/*! elementor - v3.23.0 - 05-08-2024 *\/\n.elementor-heading-title{padding:0;margin:0;line-height:1}.elementor-widget-heading .elementor-heading-title[class*=elementor-size-]>a{color:inherit;font-size:inherit;line-height:inherit}.elementor-widget-heading .elementor-heading-title.elementor-size-small{font-size:15px}.elementor-widget-heading .elementor-heading-title.elementor-size-medium{font-size:19px}.elementor-widget-heading .elementor-heading-title.elementor-size-large{font-size:29px}.elementor-widget-heading .elementor-heading-title.elementor-size-xl{font-size:39px}.elementor-widget-heading .elementor-heading-title.elementor-size-xxl{font-size:59px}<\/style><h2 class=\"elementor-heading-title elementor-size-default\">Vill du se vilka vinnarna blev?<\/h2>\t\t<\/div>\n\t\t\t\t<\/div>\n\t\t\t\t<div class=\"elementor-element elementor-element-53fbbf8c elementor-align-center elementor-widget elementor-widget-button\" data-id=\"53fbbf8c\" data-element_type=\"widget\" data-widget_type=\"button.default\">\n\t\t\t\t<div class=\"elementor-widget-container\">\n\t\t\t\t\t<div class=\"elementor-button-wrapper\">\n\t\t\t<a class=\"elementor-button elementor-button-link elementor-size-sm\" href=\"\/aretshantverkare\/resultat\/2022-2\/vinnare-2022\/\">\n\t\t\t\t\t\t<span class=\"elementor-button-content-wrapper\">\n\t\t\t\t\t\t\t\t\t<span class=\"elementor-button-text\">Vinnare 2023<\/span>\n\t\t\t\t\t<\/span>\n\t\t\t\t\t<\/a>\n\t\t<\/div>\n\t\t\t\t<\/div>\n\t\t\t\t<\/div>\n\t\t\t\t\t<\/div>\n\t\t<\/div>\n\t\t\t\t\t<\/div>\n\t\t<\/section>\n\t\t\t\t<\/div>\n\t\t","protected":false},"excerpt":{"rendered":"<p>\u00c5rets VVS-f\u00f6retag Sm\u00e5 Aktiebolaget Erlandssons VVS och Fastighetsservice R\u00f6r\u00f6mokar&#8217;n AB MK R\u00f6r i Stockholm AB V\u00e4rmepumpsproffsen i M\u00e4lardalen AB \u00c5rsunda R\u00f6r AB Medelstora Lye Bygg AB M\u00e5rtenssons VVS i S\u00f6lvesborg AB Sj\u00f6valla VVS AB&nbsp; Sk\u00e5nska Fastighet och Badrum AB U-Con VVS AB Stora Carlaplans R\u00f6r AB Comne Work AB Kristianstad Kylservice R\u00f6rmannen i Bromma AB [&hellip;]<\/p>\n","protected":false},"author":1,"featured_media":0,"parent":1655,"menu_order":0,"comment_status":"closed","ping_status":"closed","template":"","meta":{"footnotes":""},"_links":{"self":[{"href":"https:\/\/www.dorunner.se\/aretshantverkare\/wp-json\/wp\/v2\/pages\/567"}],"collection":[{"href":"https:\/\/www.dorunner.se\/aretshantverkare\/wp-json\/wp\/v2\/pages"}],"about":[{"href":"https:\/\/www.dorunner.se\/aretshantverkare\/wp-json\/wp\/v2\/types\/page"}],"author":[{"embeddable":true,"href":"https:\/\/www.dorunner.se\/aretshantverkare\/wp-json\/wp\/v2\/users\/1"}],"replies":[{"embeddable":true,"href":"https:\/\/www.dorunner.se\/aretshantverkare\/wp-json\/wp\/v2\/comments?post=567"}],"version-history":[{"count":74,"href":"https:\/\/www.dorunner.se\/aretshantverkare\/wp-json\/wp\/v2\/pages\/567\/revisions"}],"predecessor-version":[{"id":3703,"href":"https:\/\/www.dorunner.se\/aretshantverkare\/wp-json\/wp\/v2\/pages\/567\/revisions\/3703"}],"up":[{"embeddable":true,"href":"https:\/\/www.dorunner.se\/aretshantverkare\/wp-json\/wp\/v2\/pages\/1655"}],"wp:attachment":[{"href":"https:\/\/www.dorunner.se\/aretshantverkare\/wp-json\/wp\/v2\/media?parent=567"}],"curies":[{"name":"wp","href":"https:\/\/api.w.org\/{rel}","templated":true}]}}