{"id":21,"date":"2022-11-17T15:12:32","date_gmt":"2022-11-17T15:12:32","guid":{"rendered":"https:\/\/www.testrunner.se\/aretshantverkare\/?page_id=21"},"modified":"2022-12-12T20:15:32","modified_gmt":"2022-12-12T20:15:32","slug":"tavlingsregler","status":"publish","type":"page","link":"https:\/\/www.dorunner.se\/aretshantverkare\/tavlingsregler\/","title":{"rendered":"T\u00e4vlingsregler"},"content":{"rendered":"\t\t<div data-elementor-type=\"wp-page\" data-elementor-id=\"21\" class=\"elementor elementor-21\" data-elementor-post-type=\"page\">\n\t\t\t\t\t\t<section class=\"elementor-section elementor-top-section elementor-element elementor-element-6623f0e elementor-section-height-min-height elementor-section-boxed elementor-section-height-default elementor-section-items-middle\" data-id=\"6623f0e\" data-element_type=\"section\" data-settings=\"{&quot;background_background&quot;:&quot;classic&quot;}\">\n\t\t\t\t\t\t<div class=\"elementor-container elementor-column-gap-default\">\n\t\t\t\t\t<div class=\"elementor-column elementor-col-100 elementor-top-column elementor-element elementor-element-6d7793d\" data-id=\"6d7793d\" data-element_type=\"column\">\n\t\t\t<div class=\"elementor-widget-wrap elementor-element-populated\">\n\t\t\t\t\t\t<section class=\"elementor-section elementor-inner-section elementor-element elementor-element-55136ab elementor-section-boxed elementor-section-height-default elementor-section-height-default\" data-id=\"55136ab\" data-element_type=\"section\">\n\t\t\t\t\t\t<div class=\"elementor-container elementor-column-gap-default\">\n\t\t\t\t\t<div class=\"elementor-column elementor-col-100 elementor-inner-column elementor-element elementor-element-04f4c26\" data-id=\"04f4c26\" data-element_type=\"column\">\n\t\t\t<div class=\"elementor-widget-wrap elementor-element-populated\">\n\t\t\t\t\t\t<div class=\"elementor-element elementor-element-52c2412 elementor-widget elementor-widget-heading\" data-id=\"52c2412\" data-element_type=\"widget\" data-widget_type=\"heading.default\">\n\t\t\t\t<div class=\"elementor-widget-container\">\n\t\t\t<style>\/*! elementor - v3.23.0 - 05-08-2024 *\/\n.elementor-heading-title{padding:0;margin:0;line-height:1}.elementor-widget-heading .elementor-heading-title[class*=elementor-size-]>a{color:inherit;font-size:inherit;line-height:inherit}.elementor-widget-heading .elementor-heading-title.elementor-size-small{font-size:15px}.elementor-widget-heading .elementor-heading-title.elementor-size-medium{font-size:19px}.elementor-widget-heading .elementor-heading-title.elementor-size-large{font-size:29px}.elementor-widget-heading .elementor-heading-title.elementor-size-xl{font-size:39px}.elementor-widget-heading .elementor-heading-title.elementor-size-xxl{font-size:59px}<\/style><h1 class=\"elementor-heading-title elementor-size-default\">T\u00e4vlingsregler<\/h1>\t\t<\/div>\n\t\t\t\t<\/div>\n\t\t\t\t<div class=\"elementor-element elementor-element-146f734 elementor-widget elementor-widget-heading\" data-id=\"146f734\" data-element_type=\"widget\" data-widget_type=\"heading.default\">\n\t\t\t\t<div class=\"elementor-widget-container\">\n\t\t\t<h2 class=\"elementor-heading-title elementor-size-default\">& villkor<\/h2>\t\t<\/div>\n\t\t\t\t<\/div>\n\t\t\t\t\t<\/div>\n\t\t<\/div>\n\t\t\t\t\t<\/div>\n\t\t<\/section>\n\t\t\t\t\t<\/div>\n\t\t<\/div>\n\t\t\t\t\t<\/div>\n\t\t<\/section>\n\t\t\t\t<section class=\"elementor-section elementor-top-section elementor-element elementor-element-6805ac9 elementor-section-boxed elementor-section-height-default elementor-section-height-default\" data-id=\"6805ac9\" data-element_type=\"section\">\n\t\t\t\t\t\t<div class=\"elementor-container elementor-column-gap-default\">\n\t\t\t\t\t<div class=\"elementor-column elementor-col-100 elementor-top-column elementor-element elementor-element-942dd78\" data-id=\"942dd78\" data-element_type=\"column\">\n\t\t\t<div class=\"elementor-widget-wrap elementor-element-populated\">\n\t\t\t\t\t\t<section class=\"elementor-section elementor-inner-section elementor-element elementor-element-5ff5479 elementor-section-boxed elementor-section-height-default elementor-section-height-default\" data-id=\"5ff5479\" data-element_type=\"section\">\n\t\t\t\t\t\t<div class=\"elementor-container elementor-column-gap-default\">\n\t\t\t\t\t<div class=\"elementor-column elementor-col-100 elementor-inner-column elementor-element elementor-element-7cc4ef1\" data-id=\"7cc4ef1\" data-element_type=\"column\">\n\t\t\t<div class=\"elementor-widget-wrap elementor-element-populated\">\n\t\t\t\t\t\t<div class=\"elementor-element elementor-element-5bfef14 elementor-widget elementor-widget-heading\" data-id=\"5bfef14\" data-element_type=\"widget\" data-widget_type=\"heading.default\">\n\t\t\t\t<div class=\"elementor-widget-container\">\n\t\t\t<h2 class=\"elementor-heading-title elementor-size-default\">T\u00e4vlingsregler<\/h2>\t\t<\/div>\n\t\t\t\t<\/div>\n\t\t\t\t<div class=\"elementor-element elementor-element-2d5f19c elementor-widget elementor-widget-text-editor\" data-id=\"2d5f19c\" data-element_type=\"widget\" data-widget_type=\"text-editor.default\">\n\t\t\t\t<div class=\"elementor-widget-container\">\n\t\t\t<style>\/*! elementor - v3.23.0 - 05-08-2024 *\/\n.elementor-widget-text-editor.elementor-drop-cap-view-stacked .elementor-drop-cap{background-color:#69727d;color:#fff}.elementor-widget-text-editor.elementor-drop-cap-view-framed .elementor-drop-cap{color:#69727d;border:3px solid;background-color:transparent}.elementor-widget-text-editor:not(.elementor-drop-cap-view-default) .elementor-drop-cap{margin-top:8px}.elementor-widget-text-editor:not(.elementor-drop-cap-view-default) .elementor-drop-cap-letter{width:1em;height:1em}.elementor-widget-text-editor .elementor-drop-cap{float:left;text-align:center;line-height:1;font-size:50px}.elementor-widget-text-editor .elementor-drop-cap-letter{display:inline-block}<\/style>\t\t\t\t<p>T\u00e4vlingen \u00c5rets Hantverkare \u00e4r en t\u00e4vling som syftar till att identifiera och hylla Sveriges b\u00e4sta hantverkare. T\u00e4vlingen tar avstamp i f\u00f6retagets kundrelationer och det \u00e4r d\u00e4rmed kunderna som avg\u00f6r vem som vinner (inte en jury) i kombination med att f\u00f6retaget ska vara v\u00e4lsk\u00f6tt; god ekonomi och inneha erforderliga branschcertifieringar. F\u00f6retag som genomg\u00e5ende utg\u00e5r ifr\u00e5n kundperspektivet genom att leverera god service &amp; kvalitet har d\u00e4rmed stora chanser att vinna priset. Enbart f\u00f6retag kan t\u00e4vla i \u00c5rets Hantverkare.<\/p>\t\t\t\t\t\t<\/div>\n\t\t\t\t<\/div>\n\t\t\t\t<div class=\"elementor-element elementor-element-6d97e83 elementor-widget elementor-widget-heading\" data-id=\"6d97e83\" data-element_type=\"widget\" data-widget_type=\"heading.default\">\n\t\t\t\t<div class=\"elementor-widget-container\">\n\t\t\t<h3 class=\"elementor-heading-title elementor-size-default\">Hur g\u00e5r t\u00e4vlingen till?<\/h3>\t\t<\/div>\n\t\t\t\t<\/div>\n\t\t\t\t<div class=\"elementor-element elementor-element-0457ec8 elementor-widget elementor-widget-text-editor\" data-id=\"0457ec8\" data-element_type=\"widget\" data-widget_type=\"text-editor.default\">\n\t\t\t\t<div class=\"elementor-widget-container\">\n\t\t\t\t\t\t\t<p>En n\u00f6jd kund nominerar och motiverar varf\u00f6r just ditt f\u00f6retag, enligt deras tycke, ska bli \u00c5rets Hantverkare. Efter att du har blivit nominerad kan andra kunder ocks\u00e5 r\u00f6sta och motivera varf\u00f6r du ska vinna (det ligger i ditt intresse att informera och uppmuntra dina kunder att r\u00f6sta). Omr\u00f6stningen p\u00e5g\u00e5r fram till tre veckor innan Hantverkargalan d\u00e4r vinnarna koras och hyllas p\u00e5 scen.<\/p>\t\t\t\t\t\t<\/div>\n\t\t\t\t<\/div>\n\t\t\t\t<div class=\"elementor-element elementor-element-34975cb elementor-widget elementor-widget-heading\" data-id=\"34975cb\" data-element_type=\"widget\" data-widget_type=\"heading.default\">\n\t\t\t\t<div class=\"elementor-widget-container\">\n\t\t\t<h3 class=\"elementor-heading-title elementor-size-default\">Hur utses vinnaren?<\/h3>\t\t<\/div>\n\t\t\t\t<\/div>\n\t\t\t\t<div class=\"elementor-element elementor-element-f8eac59 elementor-widget elementor-widget-text-editor\" data-id=\"f8eac59\" data-element_type=\"widget\" data-widget_type=\"text-editor.default\">\n\t\t\t\t<div class=\"elementor-widget-container\">\n\t\t\t\t\t\t\t<p>\u00c5rets Hantverkare utses inom olika branschkategorier, ex. VVS, El, M\u00e5leri, Bygg osv. Ditt f\u00f6retag t\u00e4vlar s\u00e5ledes mot liknande f\u00f6retag runt om i Sverige. T\u00e4vlande f\u00f6retag delas d\u00e4rtill in i tre olika kategorier; Stora, Medelstora och sm\u00e5 f\u00f6retag. F\u00f6r att resultatet ska vara r\u00e4ttvist och j\u00e4mf\u00f6rbart f\u00f6retag emellan s\u00e5 j\u00e4mf\u00f6r vi kvotv\u00e4rdet av antal r\u00f6ster genom antal anst\u00e4llda och oms\u00e4ttning p\u00e5 bolaget enligt en formel. Vid indelning av Stora, Medelstora respektive Sm\u00e5 f\u00f6retag tar vi h\u00e4nsyn till antal anst\u00e4llda samt oms\u00e4ttning (eftersom det \u00e4r relativt vanligt att man i branschen anv\u00e4nder underkonsulter och inhyrd personal). I slut\u00e4ndan annonseras 5 finalister inom respektive t\u00e4vlingskategori baserat p\u00e5 antal r\u00f6ster (kvotv\u00e4rde) samt en noggrann granskning av f\u00f6retagets ekonomi och branschcertifieringar. Vem som vinner \u00e4r hemligt hela v\u00e4gen fram till den \u00e5rliga prisceremonin p\u00e5 Hantverkargalan.<\/p>\t\t\t\t\t\t<\/div>\n\t\t\t\t<\/div>\n\t\t\t\t\t<\/div>\n\t\t<\/div>\n\t\t\t\t\t<\/div>\n\t\t<\/section>\n\t\t\t\t<section class=\"elementor-section elementor-inner-section elementor-element elementor-element-1911433 elementor-section-boxed elementor-section-height-default elementor-section-height-default\" data-id=\"1911433\" data-element_type=\"section\">\n\t\t\t\t\t\t<div class=\"elementor-container elementor-column-gap-default\">\n\t\t\t\t\t<div class=\"elementor-column elementor-col-100 elementor-inner-column elementor-element elementor-element-0d85674\" data-id=\"0d85674\" data-element_type=\"column\">\n\t\t\t<div class=\"elementor-widget-wrap elementor-element-populated\">\n\t\t\t\t\t\t<div class=\"elementor-element elementor-element-4166a34 elementor-widget elementor-widget-heading\" data-id=\"4166a34\" data-element_type=\"widget\" data-widget_type=\"heading.default\">\n\t\t\t\t<div class=\"elementor-widget-container\">\n\t\t\t<h2 class=\"elementor-heading-title elementor-size-default\">T\u00e4vlingsvillkor<\/h2>\t\t<\/div>\n\t\t\t\t<\/div>\n\t\t\t\t<div class=\"elementor-element elementor-element-d2a1ac3 elementor-widget elementor-widget-heading\" data-id=\"d2a1ac3\" data-element_type=\"widget\" data-widget_type=\"heading.default\">\n\t\t\t\t<div class=\"elementor-widget-container\">\n\t\t\t<h3 class=\"elementor-heading-title elementor-size-default\">Villkor f\u00f6r deltagande<\/h3>\t\t<\/div>\n\t\t\t\t<\/div>\n\t\t\t\t<div class=\"elementor-element elementor-element-443dd8d elementor-widget elementor-widget-text-editor\" data-id=\"443dd8d\" data-element_type=\"widget\" data-widget_type=\"text-editor.default\">\n\t\t\t\t<div class=\"elementor-widget-container\">\n\t\t\t\t\t\t\t<p>Enbart registrerade f\u00f6retag med giltig svensk f-skatt kan bli nominerade i t\u00e4vlingen. Enbart r\u00f6ster och nomineringar med motivering registreras. Enbart r\u00f6ster fr\u00e5n kunder r\u00e4knas (vi genomf\u00f6r stickprovskontroller). Det \u00e4r vidare inte till\u00e5tet att uppmuntra andra \u00e4n f\u00f6retagets kunder att r\u00f6sta. En kund kan enbart r\u00f6sta en g\u00e5ng. F\u00f6r att s\u00e4kerst\u00e4lla att kunder inte kan dubbelr\u00f6sta och f\u00f6r att underl\u00e4tta identifiering av kunder (vid stickprovskontroller) kr\u00e4ver vi att de som r\u00f6star och nominerar identifierar sig med hj\u00e4lp av Facebook. I samband med r\u00f6str\u00e4kning r\u00e4knar vi \u00e4ven bort individer som kan misst\u00e4nkas f\u00f6r att inte vara kunder, ex. \u00e4r f\u00f6r unga (under 20 \u00e5r) och bosatta utomlands. I h\u00e4ndelse av att din kund saknar Facebook till\u00e5ter vi r\u00f6ster via mail (dessa skickas tydligt uppm\u00e4rkta till <span style=\"text-decoration: underline;\"><a href=\"mailto:info@hantverkargalan.se\">info@hantverkargalan.se<\/a><\/span>\u00a0inkl. f\u00f6retag och motivering). Om ett f\u00f6retag bryter mot t\u00e4vlingsreglerna kan f\u00f6retaget komma att diskvalificeras fr\u00e5n t\u00e4vlingen. Eventuella vinstskatter betalas av vinnaren.<\/p>\t\t\t\t\t\t<\/div>\n\t\t\t\t<\/div>\n\t\t\t\t<div class=\"elementor-element elementor-element-b710dc4 elementor-widget elementor-widget-heading\" data-id=\"b710dc4\" data-element_type=\"widget\" data-widget_type=\"heading.default\">\n\t\t\t\t<div class=\"elementor-widget-container\">\n\t\t\t<h3 class=\"elementor-heading-title elementor-size-default\">Villkor f\u00f6r nominering\/r\u00f6stning<\/h3>\t\t<\/div>\n\t\t\t\t<\/div>\n\t\t\t\t<div class=\"elementor-element elementor-element-fa3b681 elementor-widget elementor-widget-text-editor\" data-id=\"fa3b681\" data-element_type=\"widget\" data-widget_type=\"text-editor.default\">\n\t\t\t\t<div class=\"elementor-widget-container\">\n\t\t\t\t\t\t\t<p>Det \u00e4r gratis att nominera, r\u00f6sta och som f\u00f6retag att delta i t\u00e4vlingen. Deltagande parter accepterar v\u00e5ra allm\u00e4nna villkor. Detta samtycke kan omedelbart \u00e5terkallas genom att maila till\u00a0<a href=\"mailto:info@hantverkargalan.se\"><span style=\"text-decoration: underline;\">info@hantverkargalan.se<\/span><\/a>. Har du n\u00e5gra fr\u00e5gor g\u00e4llande t\u00e4vlingen och v\u00e5ra t\u00e4vlingsregler g\u00e5r det bra att <a href=\"\/aretshantverkare\/kontakta-oss\/\"><strong><span style=\"text-decoration: underline;\">kontakta oss<\/span><\/strong><\/a>, s\u00e5 hj\u00e4lper vi till.<\/p>\t\t\t\t\t\t<\/div>\n\t\t\t\t<\/div>\n\t\t\t\t\t<\/div>\n\t\t<\/div>\n\t\t\t\t\t<\/div>\n\t\t<\/section>\n\t\t\t\t\t<\/div>\n\t\t<\/div>\n\t\t\t\t\t<\/div>\n\t\t<\/section>\n\t\t\t\t<\/div>\n\t\t","protected":false},"excerpt":{"rendered":"<p>T\u00e4vlingsregler &#038; villkor T\u00e4vlingsregler T\u00e4vlingen \u00c5rets Hantverkare \u00e4r en t\u00e4vling som syftar till att identifiera och hylla Sveriges b\u00e4sta hantverkare. T\u00e4vlingen tar avstamp i f\u00f6retagets kundrelationer och det \u00e4r d\u00e4rmed kunderna som avg\u00f6r vem som vinner (inte en jury) i kombination med att f\u00f6retaget ska vara v\u00e4lsk\u00f6tt; god ekonomi och inneha erforderliga branschcertifieringar. F\u00f6retag som [&hellip;]<\/p>\n","protected":false},"author":1,"featured_media":0,"parent":0,"menu_order":0,"comment_status":"closed","ping_status":"closed","template":"","meta":{"footnotes":""},"_links":{"self":[{"href":"https:\/\/www.dorunner.se\/aretshantverkare\/wp-json\/wp\/v2\/pages\/21"}],"collection":[{"href":"https:\/\/www.dorunner.se\/aretshantverkare\/wp-json\/wp\/v2\/pages"}],"about":[{"href":"https:\/\/www.dorunner.se\/aretshantverkare\/wp-json\/wp\/v2\/types\/page"}],"author":[{"embeddable":true,"href":"https:\/\/www.dorunner.se\/aretshantverkare\/wp-json\/wp\/v2\/users\/1"}],"replies":[{"embeddable":true,"href":"https:\/\/www.dorunner.se\/aretshantverkare\/wp-json\/wp\/v2\/comments?post=21"}],"version-history":[{"count":7,"href":"https:\/\/www.dorunner.se\/aretshantverkare\/wp-json\/wp\/v2\/pages\/21\/revisions"}],"predecessor-version":[{"id":2805,"href":"https:\/\/www.dorunner.se\/aretshantverkare\/wp-json\/wp\/v2\/pages\/21\/revisions\/2805"}],"wp:attachment":[{"href":"https:\/\/www.dorunner.se\/aretshantverkare\/wp-json\/wp\/v2\/media?parent=21"}],"curies":[{"name":"wp","href":"https:\/\/api.w.org\/{rel}","templated":true}]}}