{"id":1860,"date":"2022-12-09T10:06:39","date_gmt":"2022-12-09T10:06:39","guid":{"rendered":"https:\/\/www.testrunner.se\/aretshantverkare\/?page_id=1860"},"modified":"2023-09-21T12:59:15","modified_gmt":"2023-09-21T12:59:15","slug":"tryckmaterial-finalister-2023","status":"publish","type":"page","link":"https:\/\/www.dorunner.se\/aretshantverkare\/tryckmaterial-finalister-2023\/","title":{"rendered":"Tryckmaterial Finalister 2023"},"content":{"rendered":"\t\t<div data-elementor-type=\"wp-page\" data-elementor-id=\"1860\" class=\"elementor elementor-1860\" data-elementor-post-type=\"page\">\n\t\t\t\t\t\t<section class=\"elementor-section elementor-top-section elementor-element elementor-element-1b67255 elementor-section-boxed elementor-section-height-default elementor-section-height-default\" data-id=\"1b67255\" data-element_type=\"section\">\n\t\t\t\t\t\t<div class=\"elementor-container elementor-column-gap-default\">\n\t\t\t\t\t<div class=\"elementor-column elementor-col-100 elementor-top-column elementor-element elementor-element-1466380\" data-id=\"1466380\" data-element_type=\"column\">\n\t\t\t<div class=\"elementor-widget-wrap elementor-element-populated\">\n\t\t\t\t\t\t<section class=\"elementor-section elementor-inner-section elementor-element elementor-element-3e61764 elementor-section-boxed elementor-section-height-default elementor-section-height-default\" data-id=\"3e61764\" data-element_type=\"section\">\n\t\t\t\t\t\t<div class=\"elementor-container elementor-column-gap-default\">\n\t\t\t\t\t<div class=\"elementor-column elementor-col-33 elementor-inner-column elementor-element elementor-element-2db359e\" data-id=\"2db359e\" data-element_type=\"column\">\n\t\t\t<div class=\"elementor-widget-wrap elementor-element-populated\">\n\t\t\t\t\t\t<div class=\"elementor-element elementor-element-0949fa3 elementor-align-justify elementor-widget elementor-widget-button\" data-id=\"0949fa3\" data-element_type=\"widget\" data-widget_type=\"button.default\">\n\t\t\t\t<div class=\"elementor-widget-container\">\n\t\t\t\t\t<div class=\"elementor-button-wrapper\">\n\t\t\t<a class=\"elementor-button elementor-button-link elementor-size-sm\" href=\"https:\/\/www.dropbox.com\/scl\/fi\/crjckqwyc955708e336m2\/Finalist-rets-Bygg-2023.zip?rlkey=9lrao50voq1tro08gdx7d9gez&#038;dl=0\">\n\t\t\t\t\t\t<span class=\"elementor-button-content-wrapper\">\n\t\t\t\t\t\t\t\t\t<span class=\"elementor-button-text\">Finalist<br>\u00c5rets Byggf\u00f6retag<\/span>\n\t\t\t\t\t<\/span>\n\t\t\t\t\t<\/a>\n\t\t<\/div>\n\t\t\t\t<\/div>\n\t\t\t\t<\/div>\n\t\t\t\t<div class=\"elementor-element elementor-element-9b8df97 elementor-align-justify elementor-widget elementor-widget-button\" data-id=\"9b8df97\" data-element_type=\"widget\" data-widget_type=\"button.default\">\n\t\t\t\t<div class=\"elementor-widget-container\">\n\t\t\t\t\t<div class=\"elementor-button-wrapper\">\n\t\t\t<a class=\"elementor-button elementor-button-link elementor-size-sm\" href=\"https:\/\/www.dropbox.com\/scl\/fi\/esieqmm5dpl4jsv9oc3d4\/Finalist-rets-VVS-2023.zip?rlkey=zvxfi0wlwb7a5yg8jn1inekb2&#038;dl=0\">\n\t\t\t\t\t\t<span class=\"elementor-button-content-wrapper\">\n\t\t\t\t\t\t\t\t\t<span class=\"elementor-button-text\">Finalist<br>\u00c5rets VVS-f\u00f6retag<\/span>\n\t\t\t\t\t<\/span>\n\t\t\t\t\t<\/a>\n\t\t<\/div>\n\t\t\t\t<\/div>\n\t\t\t\t<\/div>\n\t\t\t\t\t<\/div>\n\t\t<\/div>\n\t\t\t\t<div class=\"elementor-column elementor-col-33 elementor-inner-column elementor-element elementor-element-b376624\" data-id=\"b376624\" data-element_type=\"column\">\n\t\t\t<div class=\"elementor-widget-wrap elementor-element-populated\">\n\t\t\t\t\t\t<div class=\"elementor-element elementor-element-6319f89 elementor-align-justify elementor-widget elementor-widget-button\" data-id=\"6319f89\" data-element_type=\"widget\" data-widget_type=\"button.default\">\n\t\t\t\t<div class=\"elementor-widget-container\">\n\t\t\t\t\t<div class=\"elementor-button-wrapper\">\n\t\t\t<a class=\"elementor-button elementor-button-link elementor-size-sm\" href=\"https:\/\/www.dropbox.com\/scl\/fi\/agluizckuvrmp7tw9vh1y\/Finalist-rets-El-2023.zip?rlkey=aoa5vagdweql4xcf5wt10qlxv&#038;dl=0\">\n\t\t\t\t\t\t<span class=\"elementor-button-content-wrapper\">\n\t\t\t\t\t\t\t\t\t<span class=\"elementor-button-text\">Finalist<br>\u00c5rets Elf\u00f6retag<\/span>\n\t\t\t\t\t<\/span>\n\t\t\t\t\t<\/a>\n\t\t<\/div>\n\t\t\t\t<\/div>\n\t\t\t\t<\/div>\n\t\t\t\t<div class=\"elementor-element elementor-element-8cbc6cb elementor-align-justify elementor-widget elementor-widget-button\" data-id=\"8cbc6cb\" data-element_type=\"widget\" data-widget_type=\"button.default\">\n\t\t\t\t<div class=\"elementor-widget-container\">\n\t\t\t\t\t<div class=\"elementor-button-wrapper\">\n\t\t\t<a class=\"elementor-button elementor-button-link elementor-size-sm\" href=\"https:\/\/www.dropbox.com\/scl\/fi\/nm8xfc8tg84ho5dmdkgvu\/Finalist-rets-Badrum-2023.zip?rlkey=1ys1hg873q3vdlx73kh34ixyu&#038;dl=0\">\n\t\t\t\t\t\t<span class=\"elementor-button-content-wrapper\">\n\t\t\t\t\t\t\t\t\t<span class=\"elementor-button-text\">Finalist<br>\u00c5rets Badrumsentrepren\u00f6r<\/span>\n\t\t\t\t\t<\/span>\n\t\t\t\t\t<\/a>\n\t\t<\/div>\n\t\t\t\t<\/div>\n\t\t\t\t<\/div>\n\t\t\t\t\t<\/div>\n\t\t<\/div>\n\t\t\t\t<div class=\"elementor-column elementor-col-33 elementor-inner-column elementor-element elementor-element-e0f3b01\" data-id=\"e0f3b01\" data-element_type=\"column\">\n\t\t\t<div class=\"elementor-widget-wrap elementor-element-populated\">\n\t\t\t\t\t\t<div class=\"elementor-element elementor-element-e815ff0 elementor-align-justify elementor-widget elementor-widget-button\" data-id=\"e815ff0\" data-element_type=\"widget\" data-widget_type=\"button.default\">\n\t\t\t\t<div class=\"elementor-widget-container\">\n\t\t\t\t\t<div class=\"elementor-button-wrapper\">\n\t\t\t<a class=\"elementor-button elementor-button-link elementor-size-sm\" href=\"https:\/\/www.dropbox.com\/scl\/fi\/x9h4ygenttqym19een3re\/Finalist-rets-M-leri-2023.zip?rlkey=felmq0sh7k389zjd4dgnh8y7d&#038;dl=0\">\n\t\t\t\t\t\t<span class=\"elementor-button-content-wrapper\">\n\t\t\t\t\t\t\t\t\t<span class=\"elementor-button-text\">Finalist<br>\u00c5rets M\u00e5lerif\u00f6retag<\/span>\n\t\t\t\t\t<\/span>\n\t\t\t\t\t<\/a>\n\t\t<\/div>\n\t\t\t\t<\/div>\n\t\t\t\t<\/div>\n\t\t\t\t<div class=\"elementor-element elementor-element-8849650 elementor-align-justify elementor-widget elementor-widget-button\" data-id=\"8849650\" data-element_type=\"widget\" data-widget_type=\"button.default\">\n\t\t\t\t<div class=\"elementor-widget-container\">\n\t\t\t\t\t<div class=\"elementor-button-wrapper\">\n\t\t\t<a class=\"elementor-button elementor-button-link elementor-size-sm\" href=\"https:\/\/www.dropbox.com\/scl\/fi\/3j3qcnlinqtj4upkbwiba\/Finalist-rets-Golv-2023.zip?rlkey=vxcuavhuf30s3pysf9es6k7vz&#038;dl=0\">\n\t\t\t\t\t\t<span class=\"elementor-button-content-wrapper\">\n\t\t\t\t\t\t\t\t\t<span class=\"elementor-button-text\">Finalist<br>\u00c5rets Golventrepren\u00f6r<\/span>\n\t\t\t\t\t<\/span>\n\t\t\t\t\t<\/a>\n\t\t<\/div>\n\t\t\t\t<\/div>\n\t\t\t\t<\/div>\n\t\t\t\t\t<\/div>\n\t\t<\/div>\n\t\t\t\t\t<\/div>\n\t\t<\/section>\n\t\t\t\t\t<\/div>\n\t\t<\/div>\n\t\t\t\t\t<\/div>\n\t\t<\/section>\n\t\t\t\t<\/div>\n\t\t","protected":false},"excerpt":{"rendered":"<p>Finalist \u00c5rets Byggf\u00f6retag Finalist \u00c5rets VVS-f\u00f6retag Finalist \u00c5rets Elf\u00f6retag Finalist \u00c5rets Badrumsentrepren\u00f6r Finalist \u00c5rets M\u00e5lerif\u00f6retag Finalist \u00c5rets Golventrepren\u00f6r<\/p>\n","protected":false},"author":1,"featured_media":0,"parent":0,"menu_order":0,"comment_status":"closed","ping_status":"closed","template":"elementor_canvas","meta":{"footnotes":""},"_links":{"self":[{"href":"https:\/\/www.dorunner.se\/aretshantverkare\/wp-json\/wp\/v2\/pages\/1860"}],"collection":[{"href":"https:\/\/www.dorunner.se\/aretshantverkare\/wp-json\/wp\/v2\/pages"}],"about":[{"href":"https:\/\/www.dorunner.se\/aretshantverkare\/wp-json\/wp\/v2\/types\/page"}],"author":[{"embeddable":true,"href":"https:\/\/www.dorunner.se\/aretshantverkare\/wp-json\/wp\/v2\/users\/1"}],"replies":[{"embeddable":true,"href":"https:\/\/www.dorunner.se\/aretshantverkare\/wp-json\/wp\/v2\/comments?post=1860"}],"version-history":[{"count":8,"href":"https:\/\/www.dorunner.se\/aretshantverkare\/wp-json\/wp\/v2\/pages\/1860\/revisions"}],"predecessor-version":[{"id":4286,"href":"https:\/\/www.dorunner.se\/aretshantverkare\/wp-json\/wp\/v2\/pages\/1860\/revisions\/4286"}],"wp:attachment":[{"href":"https:\/\/www.dorunner.se\/aretshantverkare\/wp-json\/wp\/v2\/media?parent=1860"}],"curies":[{"name":"wp","href":"https:\/\/api.w.org\/{rel}","templated":true}]}}