{"id":155,"date":"2022-11-18T10:49:35","date_gmt":"2022-11-18T10:49:35","guid":{"rendered":"https:\/\/www.testrunner.se\/aretshantverkare\/?page_id=155"},"modified":"2022-12-15T12:18:20","modified_gmt":"2022-12-15T12:18:20","slug":"vinnare-2015","status":"publish","type":"page","link":"https:\/\/www.dorunner.se\/aretshantverkare\/resultat\/resultat-2015\/vinnare-2015\/","title":{"rendered":"Vinnare 2015"},"content":{"rendered":"\t\t<div data-elementor-type=\"wp-page\" data-elementor-id=\"155\" class=\"elementor elementor-155\" data-elementor-post-type=\"page\">\n\t\t\t\t\t\t<section class=\"elementor-section elementor-top-section elementor-element elementor-element-187bd437 elementor-section-height-min-height elementor-section-items-top elementor-section-boxed elementor-section-height-default\" data-id=\"187bd437\" data-element_type=\"section\">\n\t\t\t\t\t\t<div class=\"elementor-container elementor-column-gap-default\">\n\t\t\t\t\t<div class=\"elementor-column elementor-col-100 elementor-top-column elementor-element elementor-element-3fa9ae4\" data-id=\"3fa9ae4\" data-element_type=\"column\">\n\t\t\t<div class=\"elementor-widget-wrap elementor-element-populated\">\n\t\t\t\t\t\t<div class=\"elementor-element elementor-element-537e757b elementor-align-center elementor-widget elementor-widget-button\" data-id=\"537e757b\" data-element_type=\"widget\" data-widget_type=\"button.default\">\n\t\t\t\t<div class=\"elementor-widget-container\">\n\t\t\t\t\t<div class=\"elementor-button-wrapper\">\n\t\t\t<a class=\"elementor-button elementor-button-link elementor-size-sm\" href=\"\/aretshantverkare\/resultat\/resultat-2015\/pr-bilder-2015\/\">\n\t\t\t\t\t\t<span class=\"elementor-button-content-wrapper\">\n\t\t\t\t\t\t\t\t\t<span class=\"elementor-button-text\">PR & Bilder 2015<\/span>\n\t\t\t\t\t<\/span>\n\t\t\t\t\t<\/a>\n\t\t<\/div>\n\t\t\t\t<\/div>\n\t\t\t\t<\/div>\n\t\t\t\t<div class=\"elementor-element elementor-element-6dc2f17b elementor-nav-menu__align-center elementor-nav-menu--dropdown-none elementor-invisible elementor-widget elementor-widget-nav-menu\" data-id=\"6dc2f17b\" data-element_type=\"widget\" data-settings=\"{&quot;_animation&quot;:&quot;fadeInUp&quot;,&quot;layout&quot;:&quot;horizontal&quot;,&quot;submenu_icon&quot;:{&quot;value&quot;:&quot;&lt;i class=\\&quot;fas fa-caret-down\\&quot;&gt;&lt;\\\/i&gt;&quot;,&quot;library&quot;:&quot;fa-solid&quot;}}\" data-widget_type=\"nav-menu.default\">\n\t\t\t\t<div class=\"elementor-widget-container\">\n\t\t\t<link rel=\"stylesheet\" href=\"https:\/\/www.dorunner.se\/aretshantverkare\/wp-content\/plugins\/elementor-pro\/assets\/css\/widget-nav-menu.min.css?ver=1724419202\">\t\t\t<nav aria-label=\"Meny\" class=\"elementor-nav-menu--main elementor-nav-menu__container elementor-nav-menu--layout-horizontal e--pointer-none\">\n\t\t\t\t<ul id=\"menu-1-6dc2f17b\" class=\"elementor-nav-menu\"><li class=\"menu-item menu-item-type-post_type menu-item-object-page menu-item-3716\"><a href=\"https:\/\/www.dorunner.se\/aretshantverkare\/resultat\/resultat-2023\/vinnare-2023\/\" class=\"elementor-item\">Vinnare 2023<\/a><\/li>\n<li class=\"menu-item menu-item-type-post_type menu-item-object-page menu-item-604\"><a href=\"https:\/\/www.dorunner.se\/aretshantverkare\/resultat\/resultat-2022\/vinnare-2022\/\" class=\"elementor-item\">Vinnare 2022<\/a><\/li>\n<li class=\"menu-item menu-item-type-post_type menu-item-object-page menu-item-605\"><a href=\"https:\/\/www.dorunner.se\/aretshantverkare\/resultat\/resultat-2020-2021\/vinnare-2020-2021\/\" class=\"elementor-item\">Vinnare 2020\/2021<\/a><\/li>\n<li class=\"menu-item menu-item-type-post_type menu-item-object-page menu-item-606\"><a href=\"https:\/\/www.dorunner.se\/aretshantverkare\/resultat\/resultat-2019\/vinnare-2019\/\" class=\"elementor-item\">Vinnare 2019<\/a><\/li>\n<li class=\"menu-item menu-item-type-post_type menu-item-object-page menu-item-607\"><a href=\"https:\/\/www.dorunner.se\/aretshantverkare\/resultat\/resultat-2018\/vinnare-2018\/\" class=\"elementor-item\">Vinnare 2018<\/a><\/li>\n<li class=\"menu-item menu-item-type-post_type menu-item-object-page menu-item-608\"><a href=\"https:\/\/www.dorunner.se\/aretshantverkare\/resultat\/resultat-2017\/vinnare-2017\/\" class=\"elementor-item\">Vinnare 2017<\/a><\/li>\n<li class=\"menu-item menu-item-type-post_type menu-item-object-page menu-item-609\"><a href=\"https:\/\/www.dorunner.se\/aretshantverkare\/resultat\/resultat-2016\/vinnare-2016\/\" class=\"elementor-item\">Vinnare 2016<\/a><\/li>\n<li class=\"menu-item menu-item-type-post_type menu-item-object-page menu-item-610\"><a href=\"https:\/\/www.dorunner.se\/aretshantverkare\/resultat\/resultat-2015\/vinnare-2015\/\" class=\"elementor-item\">Vinnare 2015<\/a><\/li>\n<\/ul>\t\t\t<\/nav>\n\t\t\t\t\t\t<nav class=\"elementor-nav-menu--dropdown elementor-nav-menu__container\" aria-hidden=\"true\">\n\t\t\t\t<ul id=\"menu-2-6dc2f17b\" class=\"elementor-nav-menu\"><li class=\"menu-item menu-item-type-post_type menu-item-object-page menu-item-3716\"><a href=\"https:\/\/www.dorunner.se\/aretshantverkare\/resultat\/resultat-2023\/vinnare-2023\/\" class=\"elementor-item\" tabindex=\"-1\">Vinnare 2023<\/a><\/li>\n<li class=\"menu-item menu-item-type-post_type menu-item-object-page menu-item-604\"><a href=\"https:\/\/www.dorunner.se\/aretshantverkare\/resultat\/resultat-2022\/vinnare-2022\/\" class=\"elementor-item\" tabindex=\"-1\">Vinnare 2022<\/a><\/li>\n<li class=\"menu-item menu-item-type-post_type menu-item-object-page menu-item-605\"><a href=\"https:\/\/www.dorunner.se\/aretshantverkare\/resultat\/resultat-2020-2021\/vinnare-2020-2021\/\" class=\"elementor-item\" tabindex=\"-1\">Vinnare 2020\/2021<\/a><\/li>\n<li class=\"menu-item menu-item-type-post_type menu-item-object-page menu-item-606\"><a href=\"https:\/\/www.dorunner.se\/aretshantverkare\/resultat\/resultat-2019\/vinnare-2019\/\" class=\"elementor-item\" tabindex=\"-1\">Vinnare 2019<\/a><\/li>\n<li class=\"menu-item menu-item-type-post_type menu-item-object-page menu-item-607\"><a href=\"https:\/\/www.dorunner.se\/aretshantverkare\/resultat\/resultat-2018\/vinnare-2018\/\" class=\"elementor-item\" tabindex=\"-1\">Vinnare 2018<\/a><\/li>\n<li class=\"menu-item menu-item-type-post_type menu-item-object-page menu-item-608\"><a href=\"https:\/\/www.dorunner.se\/aretshantverkare\/resultat\/resultat-2017\/vinnare-2017\/\" class=\"elementor-item\" tabindex=\"-1\">Vinnare 2017<\/a><\/li>\n<li class=\"menu-item menu-item-type-post_type menu-item-object-page menu-item-609\"><a href=\"https:\/\/www.dorunner.se\/aretshantverkare\/resultat\/resultat-2016\/vinnare-2016\/\" class=\"elementor-item\" tabindex=\"-1\">Vinnare 2016<\/a><\/li>\n<li class=\"menu-item menu-item-type-post_type menu-item-object-page menu-item-610\"><a href=\"https:\/\/www.dorunner.se\/aretshantverkare\/resultat\/resultat-2015\/vinnare-2015\/\" class=\"elementor-item\" tabindex=\"-1\">Vinnare 2015<\/a><\/li>\n<\/ul>\t\t\t<\/nav>\n\t\t\t\t<\/div>\n\t\t\t\t<\/div>\n\t\t\t\t\t<\/div>\n\t\t<\/div>\n\t\t\t\t\t<\/div>\n\t\t<\/section>\n\t\t\t\t<section class=\"elementor-section elementor-top-section elementor-element elementor-element-13a70b2f elementor-section-boxed elementor-section-height-default elementor-section-height-default\" data-id=\"13a70b2f\" data-element_type=\"section\">\n\t\t\t\t\t\t<div class=\"elementor-container elementor-column-gap-default\">\n\t\t\t\t\t<div class=\"elementor-column elementor-col-50 elementor-top-column elementor-element elementor-element-6569b3a5\" data-id=\"6569b3a5\" data-element_type=\"column\" data-settings=\"{&quot;background_background&quot;:&quot;classic&quot;}\">\n\t\t\t<div class=\"elementor-widget-wrap elementor-element-populated\">\n\t\t\t\t\t<div class=\"elementor-background-overlay\"><\/div>\n\t\t\t\t\t\t<div class=\"elementor-element elementor-element-62042aab elementor-widget elementor-widget-toggle\" data-id=\"62042aab\" data-element_type=\"widget\" data-widget_type=\"toggle.default\">\n\t\t\t\t<div class=\"elementor-widget-container\">\n\t\t\t<style>\/*! elementor - v3.23.0 - 05-08-2024 *\/\n.elementor-toggle{text-align:start}.elementor-toggle .elementor-tab-title{font-weight:700;line-height:1;margin:0;padding:15px;border-bottom:1px solid #d5d8dc;cursor:pointer;outline:none}.elementor-toggle .elementor-tab-title .elementor-toggle-icon{display:inline-block;width:1em}.elementor-toggle .elementor-tab-title .elementor-toggle-icon svg{margin-inline-start:-5px;width:1em;height:1em}.elementor-toggle .elementor-tab-title .elementor-toggle-icon.elementor-toggle-icon-right{float:right;text-align:right}.elementor-toggle .elementor-tab-title .elementor-toggle-icon.elementor-toggle-icon-left{float:left;text-align:left}.elementor-toggle .elementor-tab-title .elementor-toggle-icon .elementor-toggle-icon-closed{display:block}.elementor-toggle .elementor-tab-title .elementor-toggle-icon .elementor-toggle-icon-opened{display:none}.elementor-toggle .elementor-tab-title.elementor-active{border-bottom:none}.elementor-toggle .elementor-tab-title.elementor-active .elementor-toggle-icon-closed{display:none}.elementor-toggle .elementor-tab-title.elementor-active .elementor-toggle-icon-opened{display:block}.elementor-toggle .elementor-tab-content{padding:15px;border-bottom:1px solid #d5d8dc;display:none}@media (max-width:767px){.elementor-toggle .elementor-tab-title{padding:12px}.elementor-toggle .elementor-tab-content{padding:12px 10px}}.e-con-inner>.elementor-widget-toggle,.e-con>.elementor-widget-toggle{width:var(--container-widget-width);--flex-grow:var(--container-widget-flex-grow)}<\/style>\t\t<div class=\"elementor-toggle\">\n\t\t\t\t\t\t\t<div class=\"elementor-toggle-item\">\n\t\t\t\t\t<div id=\"elementor-tab-title-1641\" class=\"elementor-tab-title\" data-tab=\"1\" role=\"button\" aria-controls=\"elementor-tab-content-1641\" aria-expanded=\"false\">\n\t\t\t\t\t\t\t\t\t\t\t\t<span class=\"elementor-toggle-icon elementor-toggle-icon-left\" aria-hidden=\"true\">\n\t\t\t\t\t\t\t\t\t\t\t\t\t\t\t<span class=\"elementor-toggle-icon-closed\"><i class=\"fas fa-caret-right\"><\/i><\/span>\n\t\t\t\t\t\t\t\t<span class=\"elementor-toggle-icon-opened\"><i class=\"elementor-toggle-icon-opened fas fa-caret-up\"><\/i><\/span>\n\t\t\t\t\t\t\t\t\t\t\t\t\t<\/span>\n\t\t\t\t\t\t\t\t\t\t\t\t<a class=\"elementor-toggle-title\" tabindex=\"0\">\u00c5rets VVS-f\u00f6retag<\/a>\n\t\t\t\t\t<\/div>\n\n\t\t\t\t\t<div id=\"elementor-tab-content-1641\" class=\"elementor-tab-content elementor-clearfix\" data-tab=\"1\" role=\"region\" aria-labelledby=\"elementor-tab-title-1641\"><h5><strong>Sm\u00e5\/medelstora<\/strong><\/h5><p><span class=\"block pb-2\"><strong><span style=\"color: #d9b06b;\">Ingvars VVS &amp; R\u00f6rmontage AB<\/span> <span style=\"color: #d9b06b;\"><img decoding=\"async\" class=\"alignnone wp-image-189\" src=\"https:\/\/www.dorunner.se\/aretshantverkare\/wp-content\/uploads\/2022\/11\/trophy-300x267.png\" alt=\"Pokalikon\" width=\"19\" height=\"17\" srcset=\"https:\/\/www.dorunner.se\/aretshantverkare\/wp-content\/uploads\/2022\/11\/trophy-300x267.png 300w, https:\/\/www.dorunner.se\/aretshantverkare\/wp-content\/uploads\/2022\/11\/trophy.png 576w\" sizes=\"(max-width: 19px) 100vw, 19px\" \/><\/span><\/strong><\/span><\/p><p><span class=\"block pb-2\">JTS R\u00f6rservice AB<\/span><\/p><p><span class=\"block pb-2\">Interspol Systems AB<\/span><\/p><p><span class=\"block pb-2\">R\u00f6rfokus G\u00e4vle AB<\/span><\/p><p><span class=\"block pb-2\">R\u00f6r\u00f6mokar\u00b4n AB<\/span><\/p><h5><strong>Stora<\/strong><\/h5><p><span class=\"block pb-2\"><strong><span style=\"color: #d9b06b;\">Johanneshovs R\u00f6r AB<\/span> <span style=\"color: #d9b06b;\"><img decoding=\"async\" class=\"alignnone wp-image-189\" src=\"https:\/\/www.dorunner.se\/aretshantverkare\/wp-content\/uploads\/2022\/11\/trophy-300x267.png\" alt=\"Pokalikon\" width=\"19\" height=\"17\" srcset=\"https:\/\/www.dorunner.se\/aretshantverkare\/wp-content\/uploads\/2022\/11\/trophy-300x267.png 300w, https:\/\/www.dorunner.se\/aretshantverkare\/wp-content\/uploads\/2022\/11\/trophy.png 576w\" sizes=\"(max-width: 19px) 100vw, 19px\" \/><\/span><\/strong><\/span><\/p><p><span class=\"block pb-2\">AB R\u00f6rl\u00e4ggaren<\/span><\/p><p><span class=\"block pb-2\">R\u00f6r Mont\u00f6ren Syd AB<\/span><\/p><p><span class=\"block pb-2\">Svanstr\u00f6ms El &amp; VVS AB<\/span><\/p><p><span class=\"block pb-2\">VVS Montage i B\u00e5lsta AB<\/span><\/p><\/div>\n\t\t\t\t<\/div>\n\t\t\t\t\t\t\t\t<\/div>\n\t\t\t\t<\/div>\n\t\t\t\t<\/div>\n\t\t\t\t\t<\/div>\n\t\t<\/div>\n\t\t\t\t<div class=\"elementor-column elementor-col-50 elementor-top-column elementor-element elementor-element-38e98920\" data-id=\"38e98920\" data-element_type=\"column\" data-settings=\"{&quot;background_background&quot;:&quot;classic&quot;}\">\n\t\t\t<div class=\"elementor-widget-wrap elementor-element-populated\">\n\t\t\t\t\t<div class=\"elementor-background-overlay\"><\/div>\n\t\t\t\t\t\t<div class=\"elementor-element elementor-element-61fe4c1c elementor-widget elementor-widget-toggle\" data-id=\"61fe4c1c\" data-element_type=\"widget\" data-widget_type=\"toggle.default\">\n\t\t\t\t<div class=\"elementor-widget-container\">\n\t\t\t\t\t<div class=\"elementor-toggle\">\n\t\t\t\t\t\t\t<div class=\"elementor-toggle-item\">\n\t\t\t\t\t<div id=\"elementor-tab-title-1641\" class=\"elementor-tab-title\" data-tab=\"1\" role=\"button\" aria-controls=\"elementor-tab-content-1641\" aria-expanded=\"false\">\n\t\t\t\t\t\t\t\t\t\t\t\t<span class=\"elementor-toggle-icon elementor-toggle-icon-left\" aria-hidden=\"true\">\n\t\t\t\t\t\t\t\t\t\t\t\t\t\t\t<span class=\"elementor-toggle-icon-closed\"><i class=\"fas fa-caret-right\"><\/i><\/span>\n\t\t\t\t\t\t\t\t<span class=\"elementor-toggle-icon-opened\"><i class=\"elementor-toggle-icon-opened fas fa-caret-up\"><\/i><\/span>\n\t\t\t\t\t\t\t\t\t\t\t\t\t<\/span>\n\t\t\t\t\t\t\t\t\t\t\t\t<a class=\"elementor-toggle-title\" tabindex=\"0\">\u00c5rets Elf\u00f6retag<\/a>\n\t\t\t\t\t<\/div>\n\n\t\t\t\t\t<div id=\"elementor-tab-content-1641\" class=\"elementor-tab-content elementor-clearfix\" data-tab=\"1\" role=\"region\" aria-labelledby=\"elementor-tab-title-1641\"><h5><strong>Sm\u00e5\/medelstora<\/strong><\/h5><p><span class=\"block pb-2\"><strong><span style=\"color: #d9b06b;\">Johan &amp; Johan Elteknik AB<\/span> <span style=\"color: #d9b06b;\"><img decoding=\"async\" class=\"alignnone wp-image-189\" src=\"https:\/\/www.dorunner.se\/aretshantverkare\/wp-content\/uploads\/2022\/11\/trophy-300x267.png\" alt=\"Pokalikon\" width=\"19\" height=\"17\" srcset=\"https:\/\/www.dorunner.se\/aretshantverkare\/wp-content\/uploads\/2022\/11\/trophy-300x267.png 300w, https:\/\/www.dorunner.se\/aretshantverkare\/wp-content\/uploads\/2022\/11\/trophy.png 576w\" sizes=\"(max-width: 19px) 100vw, 19px\" \/><\/span><\/strong><\/span><\/p><p><span class=\"block pb-2\">AHS Elmontage AB<\/span><\/p><p><span class=\"block pb-2\">Freddan\u00b4s El &amp; Bygg AB<\/span><\/p><p><span class=\"block pb-2\">Holst elektriska i G\u00f6teborg AB<\/span><\/p><p><span class=\"block pb-2\">Leffes El &amp; Allservice<\/span><\/p><h5><strong>Stora<\/strong><\/h5><p><span class=\"block pb-2\"><strong><span style=\"color: #d9b06b;\">Sall\u00e9n Elektriska AB<\/span> <span style=\"color: #d9b06b;\"><img decoding=\"async\" class=\"alignnone wp-image-189\" src=\"https:\/\/www.dorunner.se\/aretshantverkare\/wp-content\/uploads\/2022\/11\/trophy-300x267.png\" alt=\"Pokalikon\" width=\"19\" height=\"17\" srcset=\"https:\/\/www.dorunner.se\/aretshantverkare\/wp-content\/uploads\/2022\/11\/trophy-300x267.png 300w, https:\/\/www.dorunner.se\/aretshantverkare\/wp-content\/uploads\/2022\/11\/trophy.png 576w\" sizes=\"(max-width: 19px) 100vw, 19px\" \/><\/span><\/strong><\/span><\/p><p><span class=\"block pb-2\">APPTEK Teknik Applikationer AB<\/span><\/p><p><span class=\"block pb-2\">Elvisionen Sverige AB<\/span><\/p><p><span class=\"block pb-2\">H-G Elektronik AB<\/span><\/p><p><span class=\"block pb-2\">\u00c5kersberga Elektriska AB<\/span><\/p><\/div>\n\t\t\t\t<\/div>\n\t\t\t\t\t\t\t\t<\/div>\n\t\t\t\t<\/div>\n\t\t\t\t<\/div>\n\t\t\t\t\t<\/div>\n\t\t<\/div>\n\t\t\t\t\t<\/div>\n\t\t<\/section>\n\t\t\t\t<section class=\"elementor-section elementor-top-section elementor-element elementor-element-7d85d3f3 elementor-section-boxed elementor-section-height-default elementor-section-height-default\" data-id=\"7d85d3f3\" data-element_type=\"section\">\n\t\t\t\t\t\t<div class=\"elementor-container elementor-column-gap-default\">\n\t\t\t\t\t<div class=\"elementor-column elementor-col-50 elementor-top-column elementor-element elementor-element-35e46e6f\" data-id=\"35e46e6f\" data-element_type=\"column\" data-settings=\"{&quot;background_background&quot;:&quot;classic&quot;}\">\n\t\t\t<div class=\"elementor-widget-wrap elementor-element-populated\">\n\t\t\t\t\t<div class=\"elementor-background-overlay\"><\/div>\n\t\t\t\t\t\t<div class=\"elementor-element elementor-element-19bb57f1 elementor-widget elementor-widget-toggle\" data-id=\"19bb57f1\" data-element_type=\"widget\" data-widget_type=\"toggle.default\">\n\t\t\t\t<div class=\"elementor-widget-container\">\n\t\t\t\t\t<div class=\"elementor-toggle\">\n\t\t\t\t\t\t\t<div class=\"elementor-toggle-item\">\n\t\t\t\t\t<div id=\"elementor-tab-title-4311\" class=\"elementor-tab-title\" data-tab=\"1\" role=\"button\" aria-controls=\"elementor-tab-content-4311\" aria-expanded=\"false\">\n\t\t\t\t\t\t\t\t\t\t\t\t<span class=\"elementor-toggle-icon elementor-toggle-icon-left\" aria-hidden=\"true\">\n\t\t\t\t\t\t\t\t\t\t\t\t\t\t\t<span class=\"elementor-toggle-icon-closed\"><i class=\"fas fa-caret-right\"><\/i><\/span>\n\t\t\t\t\t\t\t\t<span class=\"elementor-toggle-icon-opened\"><i class=\"elementor-toggle-icon-opened fas fa-caret-up\"><\/i><\/span>\n\t\t\t\t\t\t\t\t\t\t\t\t\t<\/span>\n\t\t\t\t\t\t\t\t\t\t\t\t<a class=\"elementor-toggle-title\" tabindex=\"0\">\u00c5rets M\u00e5lerif\u00f6retag<\/a>\n\t\t\t\t\t<\/div>\n\n\t\t\t\t\t<div id=\"elementor-tab-content-4311\" class=\"elementor-tab-content elementor-clearfix\" data-tab=\"1\" role=\"region\" aria-labelledby=\"elementor-tab-title-4311\"><h5><strong>Sm\u00e5\/medelstora<\/strong><\/h5><p><span class=\"block pb-2\"><strong><span style=\"color: #d9b06b;\">Kvibergs M\u00e5leri AB<\/span> <span style=\"color: #d9b06b;\"><img decoding=\"async\" class=\"alignnone wp-image-189\" src=\"https:\/\/www.dorunner.se\/aretshantverkare\/wp-content\/uploads\/2022\/11\/trophy-300x267.png\" alt=\"Pokalikon\" width=\"19\" height=\"17\" srcset=\"https:\/\/www.dorunner.se\/aretshantverkare\/wp-content\/uploads\/2022\/11\/trophy-300x267.png 300w, https:\/\/www.dorunner.se\/aretshantverkare\/wp-content\/uploads\/2022\/11\/trophy.png 576w\" sizes=\"(max-width: 19px) 100vw, 19px\" \/><\/span><\/strong><\/span><\/p><p><span class=\"block pb-2\">Larbe M\u00e5leri AB<\/span><\/p><p><span class=\"block pb-2\">Malmlunds M\u00e5leri AB<\/span><\/p><p><span class=\"block pb-4\">M\u00e5la nytt i G\u00f6teborg<\/span><\/p><p><span class=\"block pb-4\">Oscarssons M\u00e5leri AB<\/span><\/p><h5><strong>Stora<\/strong><\/h5><p><span class=\"block pb-2\"><strong><span style=\"color: #d9b06b;\">Engbergs M\u00e5leri i Uppsala AB<\/span> <span style=\"color: #d9b06b;\"><img decoding=\"async\" class=\"alignnone wp-image-189\" src=\"https:\/\/www.dorunner.se\/aretshantverkare\/wp-content\/uploads\/2022\/11\/trophy-300x267.png\" alt=\"Pokalikon\" width=\"19\" height=\"17\" srcset=\"https:\/\/www.dorunner.se\/aretshantverkare\/wp-content\/uploads\/2022\/11\/trophy-300x267.png 300w, https:\/\/www.dorunner.se\/aretshantverkare\/wp-content\/uploads\/2022\/11\/trophy.png 576w\" sizes=\"(max-width: 19px) 100vw, 19px\" \/><\/span><\/strong><\/span><\/p><p><span class=\"block pb-2\">Brunflo M\u00e5leri AB<\/span><\/p><p><span class=\"block pb-2\">G\u00f6teborgs M\u00e5leri Kjell B\u00f6rjesson &amp; Co AB<\/span><\/p><p><span class=\"block pb-2\">M\u00e5lerifirma Alfred Holm AB<\/span><\/p><p><span class=\"block pb-2\">Sand\u00e5 Uppsala AB<\/span><\/p><\/div>\n\t\t\t\t<\/div>\n\t\t\t\t\t\t\t\t<\/div>\n\t\t\t\t<\/div>\n\t\t\t\t<\/div>\n\t\t\t\t\t<\/div>\n\t\t<\/div>\n\t\t\t\t<div class=\"elementor-column elementor-col-50 elementor-top-column elementor-element elementor-element-4c9bc8f9\" data-id=\"4c9bc8f9\" data-element_type=\"column\" data-settings=\"{&quot;background_background&quot;:&quot;classic&quot;}\">\n\t\t\t<div class=\"elementor-widget-wrap elementor-element-populated\">\n\t\t\t\t\t<div class=\"elementor-background-overlay\"><\/div>\n\t\t\t\t\t\t<div class=\"elementor-element elementor-element-547e9657 elementor-widget elementor-widget-toggle\" data-id=\"547e9657\" data-element_type=\"widget\" data-widget_type=\"toggle.default\">\n\t\t\t\t<div class=\"elementor-widget-container\">\n\t\t\t\t\t<div class=\"elementor-toggle\">\n\t\t\t\t\t\t\t<div class=\"elementor-toggle-item\">\n\t\t\t\t\t<div id=\"elementor-tab-title-1411\" class=\"elementor-tab-title\" data-tab=\"1\" role=\"button\" aria-controls=\"elementor-tab-content-1411\" aria-expanded=\"false\">\n\t\t\t\t\t\t\t\t\t\t\t\t<span class=\"elementor-toggle-icon elementor-toggle-icon-left\" aria-hidden=\"true\">\n\t\t\t\t\t\t\t\t\t\t\t\t\t\t\t<span class=\"elementor-toggle-icon-closed\"><i class=\"fas fa-caret-right\"><\/i><\/span>\n\t\t\t\t\t\t\t\t<span class=\"elementor-toggle-icon-opened\"><i class=\"elementor-toggle-icon-opened fas fa-caret-up\"><\/i><\/span>\n\t\t\t\t\t\t\t\t\t\t\t\t\t<\/span>\n\t\t\t\t\t\t\t\t\t\t\t\t<a class=\"elementor-toggle-title\" tabindex=\"0\">\u00c5rets Byggf\u00f6retag<\/a>\n\t\t\t\t\t<\/div>\n\n\t\t\t\t\t<div id=\"elementor-tab-content-1411\" class=\"elementor-tab-content elementor-clearfix\" data-tab=\"1\" role=\"region\" aria-labelledby=\"elementor-tab-title-1411\"><h5><strong>Sm\u00e5\/medelstora<\/strong><\/h5><p><span class=\"block pb-2\"><strong><span style=\"color: #d9b06b;\">Bygg &amp; Design M\u00e4lardalen AB<\/span> <span style=\"color: #d9b06b;\"><img decoding=\"async\" class=\"alignnone wp-image-189\" src=\"https:\/\/www.dorunner.se\/aretshantverkare\/wp-content\/uploads\/2022\/11\/trophy-300x267.png\" alt=\"Pokalikon\" width=\"19\" height=\"17\" srcset=\"https:\/\/www.dorunner.se\/aretshantverkare\/wp-content\/uploads\/2022\/11\/trophy-300x267.png 300w, https:\/\/www.dorunner.se\/aretshantverkare\/wp-content\/uploads\/2022\/11\/trophy.png 576w\" sizes=\"(max-width: 19px) 100vw, 19px\" \/><\/span><\/strong><\/span><\/p><p><span class=\"block pb-2\">Bettans Kakelservice AB<\/span><\/p><p><span class=\"block pb-2\">Knutby Bygg AB<\/span><\/p><p><span class=\"block pb-2\">Lindqvist &amp; Engstr\u00f6m AB<\/span><\/p><p><span class=\"block pb-2\">Timmersdala Bygg AB<\/span><\/p><h5><strong>Stora<\/strong><\/h5><p><span class=\"block pb-2\"><strong><span style=\"color: #d9b06b;\">BiWi Bygg AB<\/span> <span style=\"color: #d9b06b;\"><img decoding=\"async\" class=\"alignnone wp-image-189\" src=\"https:\/\/www.dorunner.se\/aretshantverkare\/wp-content\/uploads\/2022\/11\/trophy-300x267.png\" alt=\"Pokalikon\" width=\"19\" height=\"17\" srcset=\"https:\/\/www.dorunner.se\/aretshantverkare\/wp-content\/uploads\/2022\/11\/trophy-300x267.png 300w, https:\/\/www.dorunner.se\/aretshantverkare\/wp-content\/uploads\/2022\/11\/trophy.png 576w\" sizes=\"(max-width: 19px) 100vw, 19px\" \/><\/span><\/strong><\/span><\/p><p><span class=\"block pb-2\">Bruske\/Del\u00e9r F\u00f6nsterrenoveringar AB<\/span><\/p><p><span class=\"block pb-2\">DM Tak AB<\/span><\/p><p><span class=\"block pb-2\">MGS Smide i Stockholm AB<\/span><\/p><p><span class=\"block pb-2\">Titania Bygg &amp; VVS AB<\/span><\/p><\/div>\n\t\t\t\t<\/div>\n\t\t\t\t\t\t\t\t<\/div>\n\t\t\t\t<\/div>\n\t\t\t\t<\/div>\n\t\t\t\t\t<\/div>\n\t\t<\/div>\n\t\t\t\t\t<\/div>\n\t\t<\/section>\n\t\t\t\t<\/div>\n\t\t","protected":false},"excerpt":{"rendered":"<p>PR &#038; Bilder 2015 \u00c5rets VVS-f\u00f6retag Sm\u00e5\/medelstora Ingvars VVS &amp; R\u00f6rmontage AB JTS R\u00f6rservice AB Interspol Systems AB R\u00f6rfokus G\u00e4vle AB R\u00f6r\u00f6mokar\u00b4n AB Stora Johanneshovs R\u00f6r AB AB R\u00f6rl\u00e4ggaren R\u00f6r Mont\u00f6ren Syd AB Svanstr\u00f6ms El &amp; VVS AB VVS Montage i B\u00e5lsta AB \u00c5rets Elf\u00f6retag Sm\u00e5\/medelstora Johan &amp; Johan Elteknik AB AHS Elmontage AB Freddan\u00b4s [&hellip;]<\/p>\n","protected":false},"author":1,"featured_media":0,"parent":41,"menu_order":1,"comment_status":"closed","ping_status":"closed","template":"","meta":{"footnotes":""},"_links":{"self":[{"href":"https:\/\/www.dorunner.se\/aretshantverkare\/wp-json\/wp\/v2\/pages\/155"}],"collection":[{"href":"https:\/\/www.dorunner.se\/aretshantverkare\/wp-json\/wp\/v2\/pages"}],"about":[{"href":"https:\/\/www.dorunner.se\/aretshantverkare\/wp-json\/wp\/v2\/types\/page"}],"author":[{"embeddable":true,"href":"https:\/\/www.dorunner.se\/aretshantverkare\/wp-json\/wp\/v2\/users\/1"}],"replies":[{"embeddable":true,"href":"https:\/\/www.dorunner.se\/aretshantverkare\/wp-json\/wp\/v2\/comments?post=155"}],"version-history":[{"count":22,"href":"https:\/\/www.dorunner.se\/aretshantverkare\/wp-json\/wp\/v2\/pages\/155\/revisions"}],"predecessor-version":[{"id":3149,"href":"https:\/\/www.dorunner.se\/aretshantverkare\/wp-json\/wp\/v2\/pages\/155\/revisions\/3149"}],"up":[{"embeddable":true,"href":"https:\/\/www.dorunner.se\/aretshantverkare\/wp-json\/wp\/v2\/pages\/41"}],"wp:attachment":[{"href":"https:\/\/www.dorunner.se\/aretshantverkare\/wp-json\/wp\/v2\/media?parent=155"}],"curies":[{"name":"wp","href":"https:\/\/api.w.org\/{rel}","templated":true}]}}