{"id":139,"date":"2022-11-18T10:46:36","date_gmt":"2022-11-18T10:46:36","guid":{"rendered":"https:\/\/www.testrunner.se\/aretshantverkare\/?page_id=139"},"modified":"2022-12-15T12:29:48","modified_gmt":"2022-12-15T12:29:48","slug":"vinnare-2017","status":"publish","type":"page","link":"https:\/\/www.dorunner.se\/aretshantverkare\/resultat\/resultat-2017\/vinnare-2017\/","title":{"rendered":"Vinnare 2017"},"content":{"rendered":"\t\t<div data-elementor-type=\"wp-page\" data-elementor-id=\"139\" class=\"elementor elementor-139\" data-elementor-post-type=\"page\">\n\t\t\t\t\t\t<section class=\"elementor-section elementor-top-section elementor-element elementor-element-25012ac2 elementor-section-height-min-height elementor-section-items-top elementor-section-boxed elementor-section-height-default\" data-id=\"25012ac2\" data-element_type=\"section\">\n\t\t\t\t\t\t<div class=\"elementor-container elementor-column-gap-default\">\n\t\t\t\t\t<div class=\"elementor-column elementor-col-100 elementor-top-column elementor-element elementor-element-526043c2\" data-id=\"526043c2\" data-element_type=\"column\">\n\t\t\t<div class=\"elementor-widget-wrap elementor-element-populated\">\n\t\t\t\t\t\t<div class=\"elementor-element elementor-element-49b0535c elementor-align-center elementor-widget elementor-widget-button\" data-id=\"49b0535c\" data-element_type=\"widget\" data-widget_type=\"button.default\">\n\t\t\t\t<div class=\"elementor-widget-container\">\n\t\t\t\t\t<div class=\"elementor-button-wrapper\">\n\t\t\t<a class=\"elementor-button elementor-button-link elementor-size-sm\" href=\"\/aretshantverkare\/resultat\/resultat-2017\/pr-bilder-2017\/\">\n\t\t\t\t\t\t<span class=\"elementor-button-content-wrapper\">\n\t\t\t\t\t\t\t\t\t<span class=\"elementor-button-text\">PR & Bilder 2017<\/span>\n\t\t\t\t\t<\/span>\n\t\t\t\t\t<\/a>\n\t\t<\/div>\n\t\t\t\t<\/div>\n\t\t\t\t<\/div>\n\t\t\t\t<div class=\"elementor-element elementor-element-e3f70a1 elementor-nav-menu__align-center elementor-nav-menu--dropdown-none elementor-invisible elementor-widget elementor-widget-nav-menu\" data-id=\"e3f70a1\" data-element_type=\"widget\" data-settings=\"{&quot;_animation&quot;:&quot;fadeInUp&quot;,&quot;layout&quot;:&quot;horizontal&quot;,&quot;submenu_icon&quot;:{&quot;value&quot;:&quot;&lt;i class=\\&quot;fas fa-caret-down\\&quot;&gt;&lt;\\\/i&gt;&quot;,&quot;library&quot;:&quot;fa-solid&quot;}}\" data-widget_type=\"nav-menu.default\">\n\t\t\t\t<div class=\"elementor-widget-container\">\n\t\t\t<link rel=\"stylesheet\" href=\"https:\/\/www.dorunner.se\/aretshantverkare\/wp-content\/plugins\/elementor-pro\/assets\/css\/widget-nav-menu.min.css?ver=1724419202\">\t\t\t<nav aria-label=\"Meny\" class=\"elementor-nav-menu--main elementor-nav-menu__container elementor-nav-menu--layout-horizontal e--pointer-none\">\n\t\t\t\t<ul id=\"menu-1-e3f70a1\" class=\"elementor-nav-menu\"><li class=\"menu-item menu-item-type-post_type menu-item-object-page menu-item-3716\"><a href=\"https:\/\/www.dorunner.se\/aretshantverkare\/resultat\/resultat-2023\/vinnare-2023\/\" class=\"elementor-item\">Vinnare 2023<\/a><\/li>\n<li class=\"menu-item menu-item-type-post_type menu-item-object-page menu-item-604\"><a href=\"https:\/\/www.dorunner.se\/aretshantverkare\/resultat\/resultat-2022\/vinnare-2022\/\" class=\"elementor-item\">Vinnare 2022<\/a><\/li>\n<li class=\"menu-item menu-item-type-post_type menu-item-object-page menu-item-605\"><a href=\"https:\/\/www.dorunner.se\/aretshantverkare\/resultat\/resultat-2020-2021\/vinnare-2020-2021\/\" class=\"elementor-item\">Vinnare 2020\/2021<\/a><\/li>\n<li class=\"menu-item menu-item-type-post_type menu-item-object-page menu-item-606\"><a href=\"https:\/\/www.dorunner.se\/aretshantverkare\/resultat\/resultat-2019\/vinnare-2019\/\" class=\"elementor-item\">Vinnare 2019<\/a><\/li>\n<li class=\"menu-item menu-item-type-post_type menu-item-object-page menu-item-607\"><a href=\"https:\/\/www.dorunner.se\/aretshantverkare\/resultat\/resultat-2018\/vinnare-2018\/\" class=\"elementor-item\">Vinnare 2018<\/a><\/li>\n<li class=\"menu-item menu-item-type-post_type menu-item-object-page menu-item-608\"><a href=\"https:\/\/www.dorunner.se\/aretshantverkare\/resultat\/resultat-2017\/vinnare-2017\/\" class=\"elementor-item\">Vinnare 2017<\/a><\/li>\n<li class=\"menu-item menu-item-type-post_type menu-item-object-page menu-item-609\"><a href=\"https:\/\/www.dorunner.se\/aretshantverkare\/resultat\/resultat-2016\/vinnare-2016\/\" class=\"elementor-item\">Vinnare 2016<\/a><\/li>\n<li class=\"menu-item menu-item-type-post_type menu-item-object-page menu-item-610\"><a href=\"https:\/\/www.dorunner.se\/aretshantverkare\/resultat\/resultat-2015\/vinnare-2015\/\" class=\"elementor-item\">Vinnare 2015<\/a><\/li>\n<\/ul>\t\t\t<\/nav>\n\t\t\t\t\t\t<nav class=\"elementor-nav-menu--dropdown elementor-nav-menu__container\" aria-hidden=\"true\">\n\t\t\t\t<ul id=\"menu-2-e3f70a1\" class=\"elementor-nav-menu\"><li class=\"menu-item menu-item-type-post_type menu-item-object-page menu-item-3716\"><a href=\"https:\/\/www.dorunner.se\/aretshantverkare\/resultat\/resultat-2023\/vinnare-2023\/\" class=\"elementor-item\" tabindex=\"-1\">Vinnare 2023<\/a><\/li>\n<li class=\"menu-item menu-item-type-post_type menu-item-object-page menu-item-604\"><a href=\"https:\/\/www.dorunner.se\/aretshantverkare\/resultat\/resultat-2022\/vinnare-2022\/\" class=\"elementor-item\" tabindex=\"-1\">Vinnare 2022<\/a><\/li>\n<li class=\"menu-item menu-item-type-post_type menu-item-object-page menu-item-605\"><a href=\"https:\/\/www.dorunner.se\/aretshantverkare\/resultat\/resultat-2020-2021\/vinnare-2020-2021\/\" class=\"elementor-item\" tabindex=\"-1\">Vinnare 2020\/2021<\/a><\/li>\n<li class=\"menu-item menu-item-type-post_type menu-item-object-page menu-item-606\"><a href=\"https:\/\/www.dorunner.se\/aretshantverkare\/resultat\/resultat-2019\/vinnare-2019\/\" class=\"elementor-item\" tabindex=\"-1\">Vinnare 2019<\/a><\/li>\n<li class=\"menu-item menu-item-type-post_type menu-item-object-page menu-item-607\"><a href=\"https:\/\/www.dorunner.se\/aretshantverkare\/resultat\/resultat-2018\/vinnare-2018\/\" class=\"elementor-item\" tabindex=\"-1\">Vinnare 2018<\/a><\/li>\n<li class=\"menu-item menu-item-type-post_type menu-item-object-page menu-item-608\"><a href=\"https:\/\/www.dorunner.se\/aretshantverkare\/resultat\/resultat-2017\/vinnare-2017\/\" class=\"elementor-item\" tabindex=\"-1\">Vinnare 2017<\/a><\/li>\n<li class=\"menu-item menu-item-type-post_type menu-item-object-page menu-item-609\"><a href=\"https:\/\/www.dorunner.se\/aretshantverkare\/resultat\/resultat-2016\/vinnare-2016\/\" class=\"elementor-item\" tabindex=\"-1\">Vinnare 2016<\/a><\/li>\n<li class=\"menu-item menu-item-type-post_type menu-item-object-page menu-item-610\"><a href=\"https:\/\/www.dorunner.se\/aretshantverkare\/resultat\/resultat-2015\/vinnare-2015\/\" class=\"elementor-item\" tabindex=\"-1\">Vinnare 2015<\/a><\/li>\n<\/ul>\t\t\t<\/nav>\n\t\t\t\t<\/div>\n\t\t\t\t<\/div>\n\t\t\t\t\t<\/div>\n\t\t<\/div>\n\t\t\t\t\t<\/div>\n\t\t<\/section>\n\t\t\t\t<section class=\"elementor-section elementor-top-section elementor-element elementor-element-39884852 elementor-section-boxed elementor-section-height-default elementor-section-height-default\" data-id=\"39884852\" data-element_type=\"section\">\n\t\t\t\t\t\t<div class=\"elementor-container elementor-column-gap-default\">\n\t\t\t\t\t<div class=\"elementor-column elementor-col-50 elementor-top-column elementor-element elementor-element-46c4b9ff\" data-id=\"46c4b9ff\" data-element_type=\"column\" data-settings=\"{&quot;background_background&quot;:&quot;classic&quot;}\">\n\t\t\t<div class=\"elementor-widget-wrap elementor-element-populated\">\n\t\t\t\t\t<div class=\"elementor-background-overlay\"><\/div>\n\t\t\t\t\t\t<div class=\"elementor-element elementor-element-291d7bf7 elementor-widget elementor-widget-toggle\" data-id=\"291d7bf7\" data-element_type=\"widget\" data-widget_type=\"toggle.default\">\n\t\t\t\t<div class=\"elementor-widget-container\">\n\t\t\t<style>\/*! elementor - v3.23.0 - 05-08-2024 *\/\n.elementor-toggle{text-align:start}.elementor-toggle .elementor-tab-title{font-weight:700;line-height:1;margin:0;padding:15px;border-bottom:1px solid #d5d8dc;cursor:pointer;outline:none}.elementor-toggle .elementor-tab-title .elementor-toggle-icon{display:inline-block;width:1em}.elementor-toggle .elementor-tab-title .elementor-toggle-icon svg{margin-inline-start:-5px;width:1em;height:1em}.elementor-toggle .elementor-tab-title .elementor-toggle-icon.elementor-toggle-icon-right{float:right;text-align:right}.elementor-toggle .elementor-tab-title .elementor-toggle-icon.elementor-toggle-icon-left{float:left;text-align:left}.elementor-toggle .elementor-tab-title .elementor-toggle-icon .elementor-toggle-icon-closed{display:block}.elementor-toggle .elementor-tab-title .elementor-toggle-icon .elementor-toggle-icon-opened{display:none}.elementor-toggle .elementor-tab-title.elementor-active{border-bottom:none}.elementor-toggle .elementor-tab-title.elementor-active .elementor-toggle-icon-closed{display:none}.elementor-toggle .elementor-tab-title.elementor-active .elementor-toggle-icon-opened{display:block}.elementor-toggle .elementor-tab-content{padding:15px;border-bottom:1px solid #d5d8dc;display:none}@media (max-width:767px){.elementor-toggle .elementor-tab-title{padding:12px}.elementor-toggle .elementor-tab-content{padding:12px 10px}}.e-con-inner>.elementor-widget-toggle,.e-con>.elementor-widget-toggle{width:var(--container-widget-width);--flex-grow:var(--container-widget-flex-grow)}<\/style>\t\t<div class=\"elementor-toggle\">\n\t\t\t\t\t\t\t<div class=\"elementor-toggle-item\">\n\t\t\t\t\t<div id=\"elementor-tab-title-6891\" class=\"elementor-tab-title\" data-tab=\"1\" role=\"button\" aria-controls=\"elementor-tab-content-6891\" aria-expanded=\"false\">\n\t\t\t\t\t\t\t\t\t\t\t\t<span class=\"elementor-toggle-icon elementor-toggle-icon-left\" aria-hidden=\"true\">\n\t\t\t\t\t\t\t\t\t\t\t\t\t\t\t<span class=\"elementor-toggle-icon-closed\"><i class=\"fas fa-caret-right\"><\/i><\/span>\n\t\t\t\t\t\t\t\t<span class=\"elementor-toggle-icon-opened\"><i class=\"elementor-toggle-icon-opened fas fa-caret-up\"><\/i><\/span>\n\t\t\t\t\t\t\t\t\t\t\t\t\t<\/span>\n\t\t\t\t\t\t\t\t\t\t\t\t<a class=\"elementor-toggle-title\" tabindex=\"0\">\u00c5rets VVS-f\u00f6retag<\/a>\n\t\t\t\t\t<\/div>\n\n\t\t\t\t\t<div id=\"elementor-tab-content-6891\" class=\"elementor-tab-content elementor-clearfix\" data-tab=\"1\" role=\"region\" aria-labelledby=\"elementor-tab-title-6891\"><h5><strong>Sm\u00e5\/medelstora<\/strong><\/h5><p><strong><span style=\"color: #d9b06b;\">Aktiebolaget Dorotea V\u00e4rme &amp; Sanitet<\/span> <span style=\"color: #d9b06b;\"><img decoding=\"async\" class=\"alignnone wp-image-189\" src=\"https:\/\/www.dorunner.se\/aretshantverkare\/wp-content\/uploads\/2022\/11\/trophy-300x267.png\" alt=\"Pokalikon\" width=\"19\" height=\"17\" srcset=\"https:\/\/www.dorunner.se\/aretshantverkare\/wp-content\/uploads\/2022\/11\/trophy-300x267.png 300w, https:\/\/www.dorunner.se\/aretshantverkare\/wp-content\/uploads\/2022\/11\/trophy.png 576w\" sizes=\"(max-width: 19px) 100vw, 19px\" \/><\/span><\/strong><\/p><p><span class=\"block pb-2\">R\u00f6rservice i Sk\u00e5ne AB<\/span><\/p><p><span class=\"block pb-2\">Sammy Dorchs VVS &amp; Service AB<\/span><\/p><p><span class=\"block pb-2\">M\u00e5rtenssons VVS i S\u00f6lvesborg AB<\/span><\/p><p><span class=\"block pb-2\">Ystads R\u00f6rtj\u00e4nst AB<\/span><\/p><h5><strong>Stora<\/strong><\/h5><p><span class=\"block pb-2\"><strong><span style=\"color: #d9b06b;\">R\u00f6r Mont\u00f6ren Syd AB <img decoding=\"async\" class=\"alignnone wp-image-189\" src=\"https:\/\/www.dorunner.se\/aretshantverkare\/wp-content\/uploads\/2022\/11\/trophy-300x267.png\" alt=\"Pokalikon\" width=\"19\" height=\"17\" srcset=\"https:\/\/www.dorunner.se\/aretshantverkare\/wp-content\/uploads\/2022\/11\/trophy-300x267.png 300w, https:\/\/www.dorunner.se\/aretshantverkare\/wp-content\/uploads\/2022\/11\/trophy.png 576w\" sizes=\"(max-width: 19px) 100vw, 19px\" \/><\/span><\/strong><\/span><\/p><p><span class=\"block pb-2\">AB Arildssons R\u00f6r<\/span><\/p><p><span class=\"block pb-2\">R\u00f6rproduktion i Norrk\u00f6ping AB<\/span><\/p><p><span class=\"block pb-2\">B\u00e5stad R\u00f6r Aktiebolag<\/span><\/p><p><span class=\"block pb-2\">Termor\u00f6r Stockholm AB<\/span><\/p><\/div>\n\t\t\t\t<\/div>\n\t\t\t\t\t\t\t\t<\/div>\n\t\t\t\t<\/div>\n\t\t\t\t<\/div>\n\t\t\t\t\t<\/div>\n\t\t<\/div>\n\t\t\t\t<div class=\"elementor-column elementor-col-50 elementor-top-column elementor-element elementor-element-5df69674\" data-id=\"5df69674\" data-element_type=\"column\" data-settings=\"{&quot;background_background&quot;:&quot;classic&quot;}\">\n\t\t\t<div class=\"elementor-widget-wrap elementor-element-populated\">\n\t\t\t\t\t\t<div class=\"elementor-element elementor-element-7085c3e0 elementor-widget elementor-widget-toggle\" data-id=\"7085c3e0\" data-element_type=\"widget\" data-widget_type=\"toggle.default\">\n\t\t\t\t<div class=\"elementor-widget-container\">\n\t\t\t\t\t<div class=\"elementor-toggle\">\n\t\t\t\t\t\t\t<div class=\"elementor-toggle-item\">\n\t\t\t\t\t<div id=\"elementor-tab-title-1881\" class=\"elementor-tab-title\" data-tab=\"1\" role=\"button\" aria-controls=\"elementor-tab-content-1881\" aria-expanded=\"false\">\n\t\t\t\t\t\t\t\t\t\t\t\t<span class=\"elementor-toggle-icon elementor-toggle-icon-left\" aria-hidden=\"true\">\n\t\t\t\t\t\t\t\t\t\t\t\t\t\t\t<span class=\"elementor-toggle-icon-closed\"><i class=\"fas fa-caret-right\"><\/i><\/span>\n\t\t\t\t\t\t\t\t<span class=\"elementor-toggle-icon-opened\"><i class=\"elementor-toggle-icon-opened fas fa-caret-up\"><\/i><\/span>\n\t\t\t\t\t\t\t\t\t\t\t\t\t<\/span>\n\t\t\t\t\t\t\t\t\t\t\t\t<a class=\"elementor-toggle-title\" tabindex=\"0\">\u00c5rets Elf\u00f6retag<\/a>\n\t\t\t\t\t<\/div>\n\n\t\t\t\t\t<div id=\"elementor-tab-content-1881\" class=\"elementor-tab-content elementor-clearfix\" data-tab=\"1\" role=\"region\" aria-labelledby=\"elementor-tab-title-1881\"><h5><strong>Sm\u00e5\/medelstora<\/strong><\/h5><p><span class=\"block pb-2\"><strong><span style=\"color: #d9b06b;\">EMMA Elinstallationer AB<\/span> <span style=\"color: #d9b06b;\"><img decoding=\"async\" class=\"alignnone wp-image-189\" src=\"https:\/\/www.dorunner.se\/aretshantverkare\/wp-content\/uploads\/2022\/11\/trophy-300x267.png\" alt=\"Pokalikon\" width=\"19\" height=\"17\" srcset=\"https:\/\/www.dorunner.se\/aretshantverkare\/wp-content\/uploads\/2022\/11\/trophy-300x267.png 300w, https:\/\/www.dorunner.se\/aretshantverkare\/wp-content\/uploads\/2022\/11\/trophy.png 576w\" sizes=\"(max-width: 19px) 100vw, 19px\" \/><\/span><\/strong><\/span><\/p><p><span class=\"block pb-2\">H Brand\u00e9n Service AB<\/span><\/p><p><span class=\"block pb-2\">AB TrendEL By JDP<\/span><\/p><p><span class=\"block pb-2\">AWJ Elteknik AB<\/span><\/p><p><span class=\"block pb-2\">Kraft &amp; belysningsteknik i Uppsala AB<\/span><\/p><h5><strong>Stora<\/strong><\/h5><p><span class=\"block pb-2\"><strong><span style=\"color: #d9b06b;\">Rylanders El i Lysekil AB<\/span> <span style=\"color: #d9b06b;\"><img decoding=\"async\" class=\"alignnone wp-image-189\" src=\"https:\/\/www.dorunner.se\/aretshantverkare\/wp-content\/uploads\/2022\/11\/trophy-300x267.png\" alt=\"Pokalikon\" width=\"19\" height=\"17\" srcset=\"https:\/\/www.dorunner.se\/aretshantverkare\/wp-content\/uploads\/2022\/11\/trophy-300x267.png 300w, https:\/\/www.dorunner.se\/aretshantverkare\/wp-content\/uploads\/2022\/11\/trophy.png 576w\" sizes=\"(max-width: 19px) 100vw, 19px\" \/><\/span><\/strong><\/span><\/p><p><span class=\"block pb-2\">Eldialog Green Electro AB<\/span><\/p><p><span class=\"block pb-2\">EL &amp; PC-Installationer i \u00d6rebro AB<\/span><\/p><p><span class=\"block pb-2\">Elbolaget V\u00e4llingby AB<\/span><\/p><p><span class=\"block pb-2\">AB Syd EL i Malm\u00f6<\/span><\/p><\/div>\n\t\t\t\t<\/div>\n\t\t\t\t\t\t\t\t<\/div>\n\t\t\t\t<\/div>\n\t\t\t\t<\/div>\n\t\t\t\t\t<\/div>\n\t\t<\/div>\n\t\t\t\t\t<\/div>\n\t\t<\/section>\n\t\t\t\t<section class=\"elementor-section elementor-top-section elementor-element elementor-element-55291c4c elementor-section-boxed elementor-section-height-default elementor-section-height-default\" data-id=\"55291c4c\" data-element_type=\"section\">\n\t\t\t\t\t\t<div class=\"elementor-container elementor-column-gap-default\">\n\t\t\t\t\t<div class=\"elementor-column elementor-col-50 elementor-top-column elementor-element elementor-element-5938a169\" data-id=\"5938a169\" data-element_type=\"column\" data-settings=\"{&quot;background_background&quot;:&quot;classic&quot;}\">\n\t\t\t<div class=\"elementor-widget-wrap elementor-element-populated\">\n\t\t\t\t\t<div class=\"elementor-background-overlay\"><\/div>\n\t\t\t\t\t\t<div class=\"elementor-element elementor-element-1f82b76f elementor-widget elementor-widget-toggle\" data-id=\"1f82b76f\" data-element_type=\"widget\" data-widget_type=\"toggle.default\">\n\t\t\t\t<div class=\"elementor-widget-container\">\n\t\t\t\t\t<div class=\"elementor-toggle\">\n\t\t\t\t\t\t\t<div class=\"elementor-toggle-item\">\n\t\t\t\t\t<div id=\"elementor-tab-title-5281\" class=\"elementor-tab-title\" data-tab=\"1\" role=\"button\" aria-controls=\"elementor-tab-content-5281\" aria-expanded=\"false\">\n\t\t\t\t\t\t\t\t\t\t\t\t<span class=\"elementor-toggle-icon elementor-toggle-icon-left\" aria-hidden=\"true\">\n\t\t\t\t\t\t\t\t\t\t\t\t\t\t\t<span class=\"elementor-toggle-icon-closed\"><i class=\"fas fa-caret-right\"><\/i><\/span>\n\t\t\t\t\t\t\t\t<span class=\"elementor-toggle-icon-opened\"><i class=\"elementor-toggle-icon-opened fas fa-caret-up\"><\/i><\/span>\n\t\t\t\t\t\t\t\t\t\t\t\t\t<\/span>\n\t\t\t\t\t\t\t\t\t\t\t\t<a class=\"elementor-toggle-title\" tabindex=\"0\">\u00c5rets M\u00e5lerif\u00f6retag<\/a>\n\t\t\t\t\t<\/div>\n\n\t\t\t\t\t<div id=\"elementor-tab-content-5281\" class=\"elementor-tab-content elementor-clearfix\" data-tab=\"1\" role=\"region\" aria-labelledby=\"elementor-tab-title-5281\"><h5><strong>Sm\u00e5\/medelstora<\/strong><\/h5><p><span class=\"block pb-2\"><strong><span style=\"color: #d9b06b;\">Myskje M\u00e5leri AB<\/span> <span style=\"color: #d9b06b;\"><img decoding=\"async\" class=\"alignnone wp-image-189\" src=\"https:\/\/www.dorunner.se\/aretshantverkare\/wp-content\/uploads\/2022\/11\/trophy-300x267.png\" alt=\"Pokalikon\" width=\"19\" height=\"17\" srcset=\"https:\/\/www.dorunner.se\/aretshantverkare\/wp-content\/uploads\/2022\/11\/trophy-300x267.png 300w, https:\/\/www.dorunner.se\/aretshantverkare\/wp-content\/uploads\/2022\/11\/trophy.png 576w\" sizes=\"(max-width: 19px) 100vw, 19px\" \/><\/span><\/strong><\/span><\/p><p><span class=\"block pb-2\">Libergs M\u00e5leri AB<\/span><\/p><p><span class=\"block pb-2\">Dalar\u00f6 M\u00e5leriservice Aktiebolag<\/span><\/p><p><span class=\"block pb-2\">Retro M\u00e5leri S\u00f6dermalm AB<\/span><\/p><p><span class=\"block pb-2\">Linneby M\u00e5leri AB<\/span><\/p><h5><strong>Stora<\/strong><\/h5><p><span class=\"block pb-2\"><strong><span style=\"color: #d9b06b;\">Renew Service AB<\/span> <span style=\"color: #d9b06b;\"><img decoding=\"async\" class=\"alignnone wp-image-189\" src=\"https:\/\/www.dorunner.se\/aretshantverkare\/wp-content\/uploads\/2022\/11\/trophy-300x267.png\" alt=\"Pokalikon\" width=\"19\" height=\"17\" srcset=\"https:\/\/www.dorunner.se\/aretshantverkare\/wp-content\/uploads\/2022\/11\/trophy-300x267.png 300w, https:\/\/www.dorunner.se\/aretshantverkare\/wp-content\/uploads\/2022\/11\/trophy.png 576w\" sizes=\"(max-width: 19px) 100vw, 19px\" \/><\/span><\/strong><\/span><\/p><p><span class=\"block pb-2\">Ag\u00f6 M\u00e5leri AB<\/span><\/p><p><span class=\"block pb-2\">Pigmenta M\u00e5leri AB<\/span><\/p><p><span class=\"block pb-2\">Stoby M\u00e5leri AB<\/span><\/p><p><span class=\"block pb-2\">Malm\u00f6 M\u00e5leritj\u00e4nst AB<\/span><\/p><\/div>\n\t\t\t\t<\/div>\n\t\t\t\t\t\t\t\t<\/div>\n\t\t\t\t<\/div>\n\t\t\t\t<\/div>\n\t\t\t\t\t<\/div>\n\t\t<\/div>\n\t\t\t\t<div class=\"elementor-column elementor-col-50 elementor-top-column elementor-element elementor-element-1344f432\" data-id=\"1344f432\" data-element_type=\"column\" data-settings=\"{&quot;background_background&quot;:&quot;classic&quot;}\">\n\t\t\t<div class=\"elementor-widget-wrap elementor-element-populated\">\n\t\t\t\t\t<div class=\"elementor-background-overlay\"><\/div>\n\t\t\t\t\t\t<div class=\"elementor-element elementor-element-3c224c0f elementor-widget elementor-widget-toggle\" data-id=\"3c224c0f\" data-element_type=\"widget\" data-widget_type=\"toggle.default\">\n\t\t\t\t<div class=\"elementor-widget-container\">\n\t\t\t\t\t<div class=\"elementor-toggle\">\n\t\t\t\t\t\t\t<div class=\"elementor-toggle-item\">\n\t\t\t\t\t<div id=\"elementor-tab-title-1001\" class=\"elementor-tab-title\" data-tab=\"1\" role=\"button\" aria-controls=\"elementor-tab-content-1001\" aria-expanded=\"false\">\n\t\t\t\t\t\t\t\t\t\t\t\t<span class=\"elementor-toggle-icon elementor-toggle-icon-left\" aria-hidden=\"true\">\n\t\t\t\t\t\t\t\t\t\t\t\t\t\t\t<span class=\"elementor-toggle-icon-closed\"><i class=\"fas fa-caret-right\"><\/i><\/span>\n\t\t\t\t\t\t\t\t<span class=\"elementor-toggle-icon-opened\"><i class=\"elementor-toggle-icon-opened fas fa-caret-up\"><\/i><\/span>\n\t\t\t\t\t\t\t\t\t\t\t\t\t<\/span>\n\t\t\t\t\t\t\t\t\t\t\t\t<a class=\"elementor-toggle-title\" tabindex=\"0\">\u00c5rets Byggf\u00f6retag<\/a>\n\t\t\t\t\t<\/div>\n\n\t\t\t\t\t<div id=\"elementor-tab-content-1001\" class=\"elementor-tab-content elementor-clearfix\" data-tab=\"1\" role=\"region\" aria-labelledby=\"elementor-tab-title-1001\"><h5><strong>Sm\u00e5<\/strong><\/h5><p><span class=\"block pb-2\"><strong><span style=\"color: #d9b06b;\">M Degerstedt Bygg AB<\/span> <span style=\"color: #d9b06b;\"><img decoding=\"async\" class=\"alignnone wp-image-189\" src=\"https:\/\/www.dorunner.se\/aretshantverkare\/wp-content\/uploads\/2022\/11\/trophy-300x267.png\" alt=\"Pokalikon\" width=\"19\" height=\"17\" srcset=\"https:\/\/www.dorunner.se\/aretshantverkare\/wp-content\/uploads\/2022\/11\/trophy-300x267.png 300w, https:\/\/www.dorunner.se\/aretshantverkare\/wp-content\/uploads\/2022\/11\/trophy.png 576w\" sizes=\"(max-width: 19px) 100vw, 19px\" \/><\/span><\/strong><\/span><\/p><p><span class=\"block pb-2\">Patrik Mesch Entreprenad AB<\/span><\/p><p><span class=\"block pb-2\">Leinar p\u00e5 taket AB<\/span><\/p><p><span class=\"block pb-2\">Anders Ljungstr\u00f6m Bygg &amp; Montage AB<\/span><\/p><p><span class=\"block pb-2\">Lindqvist &amp; Engstr\u00f6m AB\u00a0<\/span><\/p><h5><strong>Stora<\/strong><\/h5><p><span class=\"block pb-2\"><strong><span style=\"color: #d9b06b;\">RO-Gruppen AB<\/span> <span style=\"color: #d9b06b;\"><img decoding=\"async\" class=\"alignnone wp-image-189\" src=\"https:\/\/www.dorunner.se\/aretshantverkare\/wp-content\/uploads\/2022\/11\/trophy-300x267.png\" alt=\"Pokalikon\" width=\"19\" height=\"17\" srcset=\"https:\/\/www.dorunner.se\/aretshantverkare\/wp-content\/uploads\/2022\/11\/trophy-300x267.png 300w, https:\/\/www.dorunner.se\/aretshantverkare\/wp-content\/uploads\/2022\/11\/trophy.png 576w\" sizes=\"(max-width: 19px) 100vw, 19px\" \/><\/span><\/strong><\/span><\/p><p><span class=\"block pb-2\">Byggcomfort Sweden AB<\/span><\/p><p><span class=\"block pb-2\">A. Petterssons Bygg AB<\/span><\/p><p><span class=\"block pb-2\">Byggbolaget S\u00f6dermalm AB<\/span><\/p><p><span class=\"block pb-4\">Sj\u00f6berg &amp; Therm\u00e9 AB<\/span><\/p><\/div>\n\t\t\t\t<\/div>\n\t\t\t\t\t\t\t\t<\/div>\n\t\t\t\t<\/div>\n\t\t\t\t<\/div>\n\t\t\t\t\t<\/div>\n\t\t<\/div>\n\t\t\t\t\t<\/div>\n\t\t<\/section>\n\t\t\t\t<\/div>\n\t\t","protected":false},"excerpt":{"rendered":"<p>PR &#038; Bilder 2017 \u00c5rets VVS-f\u00f6retag Sm\u00e5\/medelstora Aktiebolaget Dorotea V\u00e4rme &amp; Sanitet R\u00f6rservice i Sk\u00e5ne AB Sammy Dorchs VVS &amp; Service AB M\u00e5rtenssons VVS i S\u00f6lvesborg AB Ystads R\u00f6rtj\u00e4nst AB Stora R\u00f6r Mont\u00f6ren Syd AB AB Arildssons R\u00f6r R\u00f6rproduktion i Norrk\u00f6ping AB B\u00e5stad R\u00f6r Aktiebolag Termor\u00f6r Stockholm AB \u00c5rets Elf\u00f6retag Sm\u00e5\/medelstora EMMA Elinstallationer AB H [&hellip;]<\/p>\n","protected":false},"author":1,"featured_media":0,"parent":37,"menu_order":1,"comment_status":"closed","ping_status":"closed","template":"","meta":{"footnotes":""},"_links":{"self":[{"href":"https:\/\/www.dorunner.se\/aretshantverkare\/wp-json\/wp\/v2\/pages\/139"}],"collection":[{"href":"https:\/\/www.dorunner.se\/aretshantverkare\/wp-json\/wp\/v2\/pages"}],"about":[{"href":"https:\/\/www.dorunner.se\/aretshantverkare\/wp-json\/wp\/v2\/types\/page"}],"author":[{"embeddable":true,"href":"https:\/\/www.dorunner.se\/aretshantverkare\/wp-json\/wp\/v2\/users\/1"}],"replies":[{"embeddable":true,"href":"https:\/\/www.dorunner.se\/aretshantverkare\/wp-json\/wp\/v2\/comments?post=139"}],"version-history":[{"count":16,"href":"https:\/\/www.dorunner.se\/aretshantverkare\/wp-json\/wp\/v2\/pages\/139\/revisions"}],"predecessor-version":[{"id":3161,"href":"https:\/\/www.dorunner.se\/aretshantverkare\/wp-json\/wp\/v2\/pages\/139\/revisions\/3161"}],"up":[{"embeddable":true,"href":"https:\/\/www.dorunner.se\/aretshantverkare\/wp-json\/wp\/v2\/pages\/37"}],"wp:attachment":[{"href":"https:\/\/www.dorunner.se\/aretshantverkare\/wp-json\/wp\/v2\/media?parent=139"}],"curies":[{"name":"wp","href":"https:\/\/api.w.org\/{rel}","templated":true}]}}