{"id":113,"date":"2022-11-18T10:41:25","date_gmt":"2022-11-18T10:41:25","guid":{"rendered":"https:\/\/www.testrunner.se\/aretshantverkare\/?page_id=113"},"modified":"2022-12-15T10:18:14","modified_gmt":"2022-12-15T10:18:14","slug":"finalister-2020-2021","status":"publish","type":"page","link":"https:\/\/www.dorunner.se\/aretshantverkare\/resultat\/resultat-2020-2021\/finalister-2020-2021\/","title":{"rendered":"Finalister 2020\/2021"},"content":{"rendered":"\t\t<div data-elementor-type=\"wp-page\" data-elementor-id=\"113\" class=\"elementor elementor-113\" data-elementor-post-type=\"page\">\n\t\t\t\t\t\t<section class=\"elementor-section elementor-top-section elementor-element elementor-element-4b1621aa elementor-section-boxed elementor-section-height-default elementor-section-height-default\" data-id=\"4b1621aa\" data-element_type=\"section\">\n\t\t\t\t\t\t<div class=\"elementor-container elementor-column-gap-default\">\n\t\t\t\t\t<div class=\"elementor-column elementor-col-50 elementor-top-column elementor-element elementor-element-3fe0cad8\" data-id=\"3fe0cad8\" data-element_type=\"column\" data-settings=\"{&quot;background_background&quot;:&quot;classic&quot;}\">\n\t\t\t<div class=\"elementor-widget-wrap elementor-element-populated\">\n\t\t\t\t\t<div class=\"elementor-background-overlay\"><\/div>\n\t\t\t\t\t\t<div class=\"elementor-element elementor-element-41e8912 elementor-widget elementor-widget-toggle\" data-id=\"41e8912\" data-element_type=\"widget\" data-widget_type=\"toggle.default\">\n\t\t\t\t<div class=\"elementor-widget-container\">\n\t\t\t<style>\/*! elementor - v3.23.0 - 05-08-2024 *\/\n.elementor-toggle{text-align:start}.elementor-toggle .elementor-tab-title{font-weight:700;line-height:1;margin:0;padding:15px;border-bottom:1px solid #d5d8dc;cursor:pointer;outline:none}.elementor-toggle .elementor-tab-title .elementor-toggle-icon{display:inline-block;width:1em}.elementor-toggle .elementor-tab-title .elementor-toggle-icon svg{margin-inline-start:-5px;width:1em;height:1em}.elementor-toggle .elementor-tab-title .elementor-toggle-icon.elementor-toggle-icon-right{float:right;text-align:right}.elementor-toggle .elementor-tab-title .elementor-toggle-icon.elementor-toggle-icon-left{float:left;text-align:left}.elementor-toggle .elementor-tab-title .elementor-toggle-icon .elementor-toggle-icon-closed{display:block}.elementor-toggle .elementor-tab-title .elementor-toggle-icon .elementor-toggle-icon-opened{display:none}.elementor-toggle .elementor-tab-title.elementor-active{border-bottom:none}.elementor-toggle .elementor-tab-title.elementor-active .elementor-toggle-icon-closed{display:none}.elementor-toggle .elementor-tab-title.elementor-active .elementor-toggle-icon-opened{display:block}.elementor-toggle .elementor-tab-content{padding:15px;border-bottom:1px solid #d5d8dc;display:none}@media (max-width:767px){.elementor-toggle .elementor-tab-title{padding:12px}.elementor-toggle .elementor-tab-content{padding:12px 10px}}.e-con-inner>.elementor-widget-toggle,.e-con>.elementor-widget-toggle{width:var(--container-widget-width);--flex-grow:var(--container-widget-flex-grow)}<\/style>\t\t<div class=\"elementor-toggle\">\n\t\t\t\t\t\t\t<div class=\"elementor-toggle-item\">\n\t\t\t\t\t<div id=\"elementor-tab-title-6911\" class=\"elementor-tab-title\" data-tab=\"1\" role=\"button\" aria-controls=\"elementor-tab-content-6911\" aria-expanded=\"false\">\n\t\t\t\t\t\t\t\t\t\t\t\t<span class=\"elementor-toggle-icon elementor-toggle-icon-left\" aria-hidden=\"true\">\n\t\t\t\t\t\t\t\t\t\t\t\t\t\t\t<span class=\"elementor-toggle-icon-closed\"><i class=\"fas fa-caret-right\"><\/i><\/span>\n\t\t\t\t\t\t\t\t<span class=\"elementor-toggle-icon-opened\"><i class=\"elementor-toggle-icon-opened fas fa-caret-up\"><\/i><\/span>\n\t\t\t\t\t\t\t\t\t\t\t\t\t<\/span>\n\t\t\t\t\t\t\t\t\t\t\t\t<a class=\"elementor-toggle-title\" tabindex=\"0\">\u00c5rets VVS-f\u00f6retag<\/a>\n\t\t\t\t\t<\/div>\n\n\t\t\t\t\t<div id=\"elementor-tab-content-6911\" class=\"elementor-tab-content elementor-clearfix\" data-tab=\"1\" role=\"region\" aria-labelledby=\"elementor-tab-title-6911\"><h5><strong>Sm\u00e5<\/strong><\/h5><p><span class=\"block pb-2\">M\u00e5rtenssons VVS i S\u00f6lvesborg AB<\/span><\/p><p><span class=\"block pb-2\">Ekl\u00f6ws R\u00f6r och V\u00e4rmepumpsteknik<\/span><\/p><p><span class=\"block pb-2\"> AB<\/span><span class=\"block pb-2\">Andreas Simonsson VVS och Industriservice i Malm\u00f6<\/span><\/p><p><span class=\"block pb-2\"> AB<\/span><span class=\"block pb-2\">V\u00e4xj\u00f6 V\u00e4rmepump &amp; VVS AB<\/span><\/p><p><span class=\"block pb-2\">Aberga VVS &amp; Svets<\/span><\/p><p>\u00a0<\/p><h5><strong>Medelstora<\/strong><\/h5><p><span class=\"block pb-2\">Carlaplans R\u00f6r AB<\/span><\/p><p><span class=\"block pb-2\">R\u00f6rservice i Sk\u00e5ne AB<\/span><\/p><p><span class=\"block pb-2\">R\u00f6rbussen Akutservice AB<\/span><\/p><p><span class=\"block pb-2\">VVS Kompaniet i \u00c4lmhult AB<\/span><\/p><p><span class=\"block pb-2\">Bylunds VVS AB<\/span><\/p><p>\u00a0<\/p><h5><strong>Stora<\/strong><\/h5><p><span class=\"block pb-2\">LG Contracting<\/span><\/p><p><span class=\"block pb-2\">Termor\u00f6r Stockholm AB<\/span><\/p><p><span class=\"block pb-2\">R\u00f6rfirma J. Franz\u00e9n AB<\/span><\/p><p><span class=\"block pb-4\">Nya S\u00f6berg &amp; S\u00f6derstr\u00f6m R\u00f6r AB<\/span><\/p><p><span class=\"block pb-4\">Aspuddens R\u00f6rservice AB<\/span><\/p><\/div>\n\t\t\t\t<\/div>\n\t\t\t\t\t\t\t\t<\/div>\n\t\t\t\t<\/div>\n\t\t\t\t<\/div>\n\t\t\t\t\t<\/div>\n\t\t<\/div>\n\t\t\t\t<div class=\"elementor-column elementor-col-50 elementor-top-column elementor-element elementor-element-310ff6ea\" data-id=\"310ff6ea\" data-element_type=\"column\" data-settings=\"{&quot;background_background&quot;:&quot;classic&quot;}\">\n\t\t\t<div class=\"elementor-widget-wrap elementor-element-populated\">\n\t\t\t\t\t\t<div class=\"elementor-element elementor-element-32a08ce1 elementor-widget elementor-widget-toggle\" data-id=\"32a08ce1\" data-element_type=\"widget\" data-widget_type=\"toggle.default\">\n\t\t\t\t<div class=\"elementor-widget-container\">\n\t\t\t\t\t<div class=\"elementor-toggle\">\n\t\t\t\t\t\t\t<div class=\"elementor-toggle-item\">\n\t\t\t\t\t<div id=\"elementor-tab-title-8491\" class=\"elementor-tab-title\" data-tab=\"1\" role=\"button\" aria-controls=\"elementor-tab-content-8491\" aria-expanded=\"false\">\n\t\t\t\t\t\t\t\t\t\t\t\t<span class=\"elementor-toggle-icon elementor-toggle-icon-left\" aria-hidden=\"true\">\n\t\t\t\t\t\t\t\t\t\t\t\t\t\t\t<span class=\"elementor-toggle-icon-closed\"><i class=\"fas fa-caret-right\"><\/i><\/span>\n\t\t\t\t\t\t\t\t<span class=\"elementor-toggle-icon-opened\"><i class=\"elementor-toggle-icon-opened fas fa-caret-up\"><\/i><\/span>\n\t\t\t\t\t\t\t\t\t\t\t\t\t<\/span>\n\t\t\t\t\t\t\t\t\t\t\t\t<a class=\"elementor-toggle-title\" tabindex=\"0\">\u00c5rets Elf\u00f6retag<\/a>\n\t\t\t\t\t<\/div>\n\n\t\t\t\t\t<div id=\"elementor-tab-content-8491\" class=\"elementor-tab-content elementor-clearfix\" data-tab=\"1\" role=\"region\" aria-labelledby=\"elementor-tab-title-8491\"><h5><strong>Sm\u00e5<\/strong><\/h5><p><span class=\"block pb-2\">Hyr en timme<\/span><\/p><p><span class=\"block pb-2\">Elkontakten Sverige AB<\/span><\/p><p><span class=\"block pb-2\">KNG El Konsult &amp; Installation<\/span><\/p><p><span class=\"block pb-2\">ITA Elteknik<\/span><\/p><p><span class=\"block pb-2\">Andersson Jimmy Elteknik AB<\/span><\/p><p>\u00a0<\/p><h5><strong>Medelstora<\/strong><\/h5><p><span class=\"block pb-2\">\u00c5kessons El i Ockelbo AB<\/span><\/p><p><span class=\"block pb-2\">Elektropartner Nacka AB<\/span><\/p><p><span class=\"block pb-2\">Gr\u00f6ndals Elinstallationer AB<\/span><\/p><p><span class=\"block pb-2\">Dexel AB<\/span><\/p><p><span class=\"block pb-2\">Hjulsbro Elservice AB<\/span><\/p><p>\u00a0<\/p><h5><strong>Stora<\/strong><\/h5><p><span class=\"block pb-2\">Elcenter AB<\/span><\/p><p><span class=\"block pb-2\">Jikson Solutions AB<\/span><\/p><p><span class=\"block pb-2\">Elservice i Trelleborg AB<\/span><\/p><p><span class=\"block pb-2\">Elsea Installation<\/span><\/p><p><span class=\"block pb-2\">Custom Installation Group<\/span><\/p><\/div>\n\t\t\t\t<\/div>\n\t\t\t\t\t\t\t\t<\/div>\n\t\t\t\t<\/div>\n\t\t\t\t<\/div>\n\t\t\t\t\t<\/div>\n\t\t<\/div>\n\t\t\t\t\t<\/div>\n\t\t<\/section>\n\t\t\t\t<section class=\"elementor-section elementor-top-section elementor-element elementor-element-2fea34df elementor-section-boxed elementor-section-height-default elementor-section-height-default\" data-id=\"2fea34df\" data-element_type=\"section\">\n\t\t\t\t\t\t<div class=\"elementor-container elementor-column-gap-default\">\n\t\t\t\t\t<div class=\"elementor-column elementor-col-50 elementor-top-column elementor-element elementor-element-31a065f4\" data-id=\"31a065f4\" data-element_type=\"column\" data-settings=\"{&quot;background_background&quot;:&quot;classic&quot;}\">\n\t\t\t<div class=\"elementor-widget-wrap elementor-element-populated\">\n\t\t\t\t\t<div class=\"elementor-background-overlay\"><\/div>\n\t\t\t\t\t\t<div class=\"elementor-element elementor-element-2f070d44 elementor-widget elementor-widget-toggle\" data-id=\"2f070d44\" data-element_type=\"widget\" data-widget_type=\"toggle.default\">\n\t\t\t\t<div class=\"elementor-widget-container\">\n\t\t\t\t\t<div class=\"elementor-toggle\">\n\t\t\t\t\t\t\t<div class=\"elementor-toggle-item\">\n\t\t\t\t\t<div id=\"elementor-tab-title-7881\" class=\"elementor-tab-title\" data-tab=\"1\" role=\"button\" aria-controls=\"elementor-tab-content-7881\" aria-expanded=\"false\">\n\t\t\t\t\t\t\t\t\t\t\t\t<span class=\"elementor-toggle-icon elementor-toggle-icon-left\" aria-hidden=\"true\">\n\t\t\t\t\t\t\t\t\t\t\t\t\t\t\t<span class=\"elementor-toggle-icon-closed\"><i class=\"fas fa-caret-right\"><\/i><\/span>\n\t\t\t\t\t\t\t\t<span class=\"elementor-toggle-icon-opened\"><i class=\"elementor-toggle-icon-opened fas fa-caret-up\"><\/i><\/span>\n\t\t\t\t\t\t\t\t\t\t\t\t\t<\/span>\n\t\t\t\t\t\t\t\t\t\t\t\t<a class=\"elementor-toggle-title\" tabindex=\"0\">\u00c5rets M\u00e5lerif\u00f6retag<\/a>\n\t\t\t\t\t<\/div>\n\n\t\t\t\t\t<div id=\"elementor-tab-content-7881\" class=\"elementor-tab-content elementor-clearfix\" data-tab=\"1\" role=\"region\" aria-labelledby=\"elementor-tab-title-7881\"><h5><strong>Sm\u00e5<\/strong><\/h5><p><span class=\"block pb-2\">M\u00f6ckl\u00f6 m\u00e5leri AB<\/span><\/p><p><span class=\"block pb-2\">M Heinonen M\u00e5leri<\/span><\/p><p><span class=\"block pb-2\">F\u00e4rgstark Sk\u00f6vde<\/span><\/p><p><span class=\"block pb-2\">Peterssons M\u00e5leri i Lenhovda AB<\/span><\/p><p><span class=\"block pb-2\">Stockholms Dekorationsm\u00e5lare AB<br \/>\u00a0<\/span><\/p><h5><strong>Medelstora<\/strong><\/h5><p><span class=\"block pb-2\">JF M\u00e5leriteam AB<\/span><\/p><p><span class=\"block pb-2\">Anders Jansson M\u00e5leri AB<\/span><\/p><p><span class=\"block pb-2\">Myskje M\u00e5leri<\/span><\/p><p><span class=\"block pb-2\">Stockholms Innerstads m\u00e5leri och inredning AB<\/span><\/p><p><span class=\"block pb-2\">Belin &amp; Oscarsson M\u00e5leri<br \/>\u00a0<\/span><\/p><h5><strong>Stora<\/strong><\/h5><p><span class=\"block pb-2\">Stoby M\u00e5leri AB<\/span><\/p><p><span class=\"block pb-2\">M\u00e5leritj\u00e4nst i Syd AB<\/span><\/p><p><span class=\"block pb-2\">Peter Fors M\u00e5leri &amp; Entreprenad<\/span><\/p><p><span class=\"block pb-2\">Malm\u00f6 M\u00e5leritj\u00e4nst AB<\/span><\/p><p><span class=\"block pb-2\">Lundberg &amp; Starr\u00e9n M\u00e5leri AB<\/span><\/p><\/div>\n\t\t\t\t<\/div>\n\t\t\t\t\t\t\t\t<\/div>\n\t\t\t\t<\/div>\n\t\t\t\t<\/div>\n\t\t\t\t\t<\/div>\n\t\t<\/div>\n\t\t\t\t<div class=\"elementor-column elementor-col-50 elementor-top-column elementor-element elementor-element-2aadfbb7\" data-id=\"2aadfbb7\" data-element_type=\"column\" data-settings=\"{&quot;background_background&quot;:&quot;classic&quot;}\">\n\t\t\t<div class=\"elementor-widget-wrap elementor-element-populated\">\n\t\t\t\t\t<div class=\"elementor-background-overlay\"><\/div>\n\t\t\t\t\t\t<div class=\"elementor-element elementor-element-3339f1f3 elementor-widget elementor-widget-toggle\" data-id=\"3339f1f3\" data-element_type=\"widget\" data-widget_type=\"toggle.default\">\n\t\t\t\t<div class=\"elementor-widget-container\">\n\t\t\t\t\t<div class=\"elementor-toggle\">\n\t\t\t\t\t\t\t<div class=\"elementor-toggle-item\">\n\t\t\t\t\t<div id=\"elementor-tab-title-8591\" class=\"elementor-tab-title\" data-tab=\"1\" role=\"button\" aria-controls=\"elementor-tab-content-8591\" aria-expanded=\"false\">\n\t\t\t\t\t\t\t\t\t\t\t\t<span class=\"elementor-toggle-icon elementor-toggle-icon-left\" aria-hidden=\"true\">\n\t\t\t\t\t\t\t\t\t\t\t\t\t\t\t<span class=\"elementor-toggle-icon-closed\"><i class=\"fas fa-caret-right\"><\/i><\/span>\n\t\t\t\t\t\t\t\t<span class=\"elementor-toggle-icon-opened\"><i class=\"elementor-toggle-icon-opened fas fa-caret-up\"><\/i><\/span>\n\t\t\t\t\t\t\t\t\t\t\t\t\t<\/span>\n\t\t\t\t\t\t\t\t\t\t\t\t<a class=\"elementor-toggle-title\" tabindex=\"0\">\u00c5rets Byggf\u00f6retag<\/a>\n\t\t\t\t\t<\/div>\n\n\t\t\t\t\t<div id=\"elementor-tab-content-8591\" class=\"elementor-tab-content elementor-clearfix\" data-tab=\"1\" role=\"region\" aria-labelledby=\"elementor-tab-title-8591\"><h5><strong>Sm\u00e5<\/strong><\/h5><p><span class=\"block pb-2\">B4D Byggtj\u00e4nst f\u00f6r dig<\/span><\/p><p><span class=\"block pb-2\">LE &amp; ED Bygg AB<\/span><\/p><p><span class=\"block pb-2\">Avesta Bygg &amp; Montage AB<\/span><\/p><p><span class=\"block pb-2\">PP Hus och Bygg AB<\/span><\/p><p><span class=\"block pb-2\">T\u00e4lje Villaservice<\/span><\/p><p>\u00a0<\/p><h5><strong>Medelstora<\/strong><\/h5><p><span class=\"block pb-2\">Timmersdala Bygg AB<\/span><\/p><p><span class=\"block pb-2\">S Rybergs Bygg &amp; Interi\u00f6r AB<\/span><\/p><p><span class=\"block pb-2\">H &amp; B Larsson Bygg AB<\/span><\/p><p><span class=\"block pb-2\">X3M Construction i V\u00e4st AB<\/span><\/p><p><span class=\"block pb-2\">Robin Sj\u00f6str\u00f6m Bygg AB<\/span><\/p><p>\u00a0<\/p><h5><strong>Stora<\/strong><\/h5><p><span class=\"block pb-2\">M Degerstedt Bygg AB<\/span><\/p><p><span class=\"block pb-2\">DM Tak AB<\/span><\/p><p><span class=\"block pb-2\">Biwi Bygg AB<\/span><\/p><p><span class=\"block pb-2\">Sydsverige Entreprenad AB<\/span><\/p><p><span class=\"block pb-2\">DN Bygg &amp; Inredning<\/span><\/p><\/div>\n\t\t\t\t<\/div>\n\t\t\t\t\t\t\t\t<\/div>\n\t\t\t\t<\/div>\n\t\t\t\t<\/div>\n\t\t\t\t\t<\/div>\n\t\t<\/div>\n\t\t\t\t\t<\/div>\n\t\t<\/section>\n\t\t\t\t<section class=\"elementor-section elementor-top-section elementor-element elementor-element-3620cc61 elementor-section-boxed elementor-section-height-default elementor-section-height-default\" data-id=\"3620cc61\" data-element_type=\"section\">\n\t\t\t\t\t\t<div class=\"elementor-container elementor-column-gap-default\">\n\t\t\t\t\t<div class=\"elementor-column elementor-col-50 elementor-top-column elementor-element elementor-element-61cd67c2\" data-id=\"61cd67c2\" data-element_type=\"column\" data-settings=\"{&quot;background_background&quot;:&quot;classic&quot;}\">\n\t\t\t<div class=\"elementor-widget-wrap elementor-element-populated\">\n\t\t\t\t\t<div class=\"elementor-background-overlay\"><\/div>\n\t\t\t\t\t\t<div class=\"elementor-element elementor-element-67df7401 elementor-widget elementor-widget-toggle\" data-id=\"67df7401\" data-element_type=\"widget\" data-widget_type=\"toggle.default\">\n\t\t\t\t<div class=\"elementor-widget-container\">\n\t\t\t\t\t<div class=\"elementor-toggle\">\n\t\t\t\t\t\t\t<div class=\"elementor-toggle-item\">\n\t\t\t\t\t<div id=\"elementor-tab-title-1741\" class=\"elementor-tab-title\" data-tab=\"1\" role=\"button\" aria-controls=\"elementor-tab-content-1741\" aria-expanded=\"false\">\n\t\t\t\t\t\t\t\t\t\t\t\t<span class=\"elementor-toggle-icon elementor-toggle-icon-left\" aria-hidden=\"true\">\n\t\t\t\t\t\t\t\t\t\t\t\t\t\t\t<span class=\"elementor-toggle-icon-closed\"><i class=\"fas fa-caret-right\"><\/i><\/span>\n\t\t\t\t\t\t\t\t<span class=\"elementor-toggle-icon-opened\"><i class=\"elementor-toggle-icon-opened fas fa-caret-up\"><\/i><\/span>\n\t\t\t\t\t\t\t\t\t\t\t\t\t<\/span>\n\t\t\t\t\t\t\t\t\t\t\t\t<a class=\"elementor-toggle-title\" tabindex=\"0\">\u00c5rets Badrumsentrepren\u00f6r<\/a>\n\t\t\t\t\t<\/div>\n\n\t\t\t\t\t<div id=\"elementor-tab-content-1741\" class=\"elementor-tab-content elementor-clearfix\" data-tab=\"1\" role=\"region\" aria-labelledby=\"elementor-tab-title-1741\"><h5><strong>Sm\u00e5<\/strong><\/h5><p><span class=\"block pb-2\">Mur &amp; Plattservice Stockholm AB<\/span><\/p><p><span class=\"block pb-2\">J\u00e4rna Platts\u00e4ttning AB<\/span><\/p><p><span class=\"block pb-2\">Casanova Bygg<\/span><\/p><p><span class=\"block pb-2\">Deonis AB<\/span><\/p><p><span class=\"block pb-2\">Lindmarks Kakel AB<\/span><\/p><p>\u00a0<\/p><h5><strong>Medelstora<\/strong><\/h5><p><span class=\"block pb-2\">Biwi Platts\u00e4ttning AB<\/span><\/p><p><span class=\"block pb-2\">JMG Kakel &amp; Klinker<\/span><\/p><p><span class=\"block pb-2\">Pool &amp; Platt Entreprenad i Sverige AB<\/span><\/p><p><span class=\"block pb-2\">Sk\u00e5nska Fastighet &amp; Badrum<\/span><\/p><p><span class=\"block pb-2\">Firma Fix &amp; Fog Platts\u00e4ttning<\/span><\/p><p>\u00a0<\/p><h5><strong>Stora<\/strong><\/h5><p><span class=\"block pb-2\">Dobro Byggkonsult AB<\/span><\/p><p><span class=\"block pb-2\">Tevy &#8211; Bygg och Inredning AB<\/span><\/p><p><span class=\"block pb-2\">C5 Gruppen AB<\/span><\/p><p><span class=\"block pb-2\">Likana Bygg &amp; Platt AB<\/span><\/p><p><span class=\"block pb-2\">Optimal Platts\u00e4ttning i Stockholm AB<\/span><\/p><\/div>\n\t\t\t\t<\/div>\n\t\t\t\t\t\t\t\t<\/div>\n\t\t\t\t<\/div>\n\t\t\t\t<\/div>\n\t\t\t\t\t<\/div>\n\t\t<\/div>\n\t\t\t\t<div class=\"elementor-column elementor-col-50 elementor-top-column elementor-element elementor-element-81a5e80\" data-id=\"81a5e80\" data-element_type=\"column\" data-settings=\"{&quot;background_background&quot;:&quot;classic&quot;}\">\n\t\t\t<div class=\"elementor-widget-wrap elementor-element-populated\">\n\t\t\t\t\t<div class=\"elementor-background-overlay\"><\/div>\n\t\t\t\t\t\t<div class=\"elementor-element elementor-element-32b8a56f elementor-widget elementor-widget-toggle\" data-id=\"32b8a56f\" data-element_type=\"widget\" data-widget_type=\"toggle.default\">\n\t\t\t\t<div class=\"elementor-widget-container\">\n\t\t\t\t\t<div class=\"elementor-toggle\">\n\t\t\t\t\t\t\t<div class=\"elementor-toggle-item\">\n\t\t\t\t\t<div id=\"elementor-tab-title-8501\" class=\"elementor-tab-title\" data-tab=\"1\" role=\"button\" aria-controls=\"elementor-tab-content-8501\" aria-expanded=\"false\">\n\t\t\t\t\t\t\t\t\t\t\t\t<span class=\"elementor-toggle-icon elementor-toggle-icon-left\" aria-hidden=\"true\">\n\t\t\t\t\t\t\t\t\t\t\t\t\t\t\t<span class=\"elementor-toggle-icon-closed\"><i class=\"fas fa-caret-right\"><\/i><\/span>\n\t\t\t\t\t\t\t\t<span class=\"elementor-toggle-icon-opened\"><i class=\"elementor-toggle-icon-opened fas fa-caret-up\"><\/i><\/span>\n\t\t\t\t\t\t\t\t\t\t\t\t\t<\/span>\n\t\t\t\t\t\t\t\t\t\t\t\t<a class=\"elementor-toggle-title\" tabindex=\"0\">\u00c5rets Golventrepren\u00f6r<\/a>\n\t\t\t\t\t<\/div>\n\n\t\t\t\t\t<div id=\"elementor-tab-content-8501\" class=\"elementor-tab-content elementor-clearfix\" data-tab=\"1\" role=\"region\" aria-labelledby=\"elementor-tab-title-8501\"><h5><strong>Sm\u00e5<\/strong><\/h5><p><span class=\"block pb-2\">G\u00f6teborgs Langettering AB<\/span><\/p><p><span class=\"block pb-2\">PO Golv &amp; Bygg AB<\/span><\/p><p><span class=\"block pb-2\">Njudungs Golv<\/span><\/p><p><span class=\"block pb-2\">M\u00e5lerifima Alfred Holm AB<\/span><\/p><p>\u00a0<\/p><h5><strong>Medelstora<\/strong><\/h5><p><span class=\"block pb-2\">Golvteknik Enteprenad Stockholm AB<\/span><\/p><p><span class=\"block pb-2\">InDoor Floor &amp; Wall Sweden AB<\/span><\/p><p><span class=\"block pb-2\">3L Golv AB<\/span><\/p><p><span class=\"block pb-2\">Palmreds Golv &amp; Entreprenad AB<\/span><\/p><p>\u00a0<\/p><h5><strong>Stora<\/strong><\/h5><p><span class=\"block pb-2\">Eje Holgersson Golv AB<\/span><\/p><p><span class=\"block pb-2\">Golvmaterial Hans Johansson AB<\/span><\/p><p><span class=\"block pb-2\">Rosersbergs Golv AB<\/span><\/p><p><span class=\"block pb-2\">LD Golv &amp; Platt AB<\/span><\/p><\/div>\n\t\t\t\t<\/div>\n\t\t\t\t\t\t\t\t<\/div>\n\t\t\t\t<\/div>\n\t\t\t\t<\/div>\n\t\t\t\t\t<\/div>\n\t\t<\/div>\n\t\t\t\t\t<\/div>\n\t\t<\/section>\n\t\t\t\t<section class=\"elementor-section elementor-top-section elementor-element elementor-element-62ed1e6e elementor-section-boxed elementor-section-height-default elementor-section-height-default\" data-id=\"62ed1e6e\" data-element_type=\"section\">\n\t\t\t\t\t\t<div class=\"elementor-container elementor-column-gap-default\">\n\t\t\t\t\t<div class=\"elementor-column elementor-col-100 elementor-top-column elementor-element elementor-element-68e0b8e\" data-id=\"68e0b8e\" data-element_type=\"column\">\n\t\t\t<div class=\"elementor-widget-wrap elementor-element-populated\">\n\t\t\t\t\t\t<div class=\"elementor-element elementor-element-61db6018 elementor-widget elementor-widget-heading\" data-id=\"61db6018\" data-element_type=\"widget\" data-widget_type=\"heading.default\">\n\t\t\t\t<div class=\"elementor-widget-container\">\n\t\t\t<style>\/*! elementor - v3.23.0 - 05-08-2024 *\/\n.elementor-heading-title{padding:0;margin:0;line-height:1}.elementor-widget-heading .elementor-heading-title[class*=elementor-size-]>a{color:inherit;font-size:inherit;line-height:inherit}.elementor-widget-heading .elementor-heading-title.elementor-size-small{font-size:15px}.elementor-widget-heading .elementor-heading-title.elementor-size-medium{font-size:19px}.elementor-widget-heading .elementor-heading-title.elementor-size-large{font-size:29px}.elementor-widget-heading .elementor-heading-title.elementor-size-xl{font-size:39px}.elementor-widget-heading .elementor-heading-title.elementor-size-xxl{font-size:59px}<\/style><h2 class=\"elementor-heading-title elementor-size-default\">Vill du se vilka vinnarna blev?<\/h2>\t\t<\/div>\n\t\t\t\t<\/div>\n\t\t\t\t<div class=\"elementor-element elementor-element-28207744 elementor-align-center elementor-widget elementor-widget-button\" data-id=\"28207744\" data-element_type=\"widget\" data-widget_type=\"button.default\">\n\t\t\t\t<div class=\"elementor-widget-container\">\n\t\t\t\t\t<div class=\"elementor-button-wrapper\">\n\t\t\t<a class=\"elementor-button elementor-button-link elementor-size-sm\" href=\"\/aretshantverkare\/resultat\/2022-2\/vinnare-2022\/\">\n\t\t\t\t\t\t<span class=\"elementor-button-content-wrapper\">\n\t\t\t\t\t\t\t\t\t<span class=\"elementor-button-text\">Vinnare 2022<\/span>\n\t\t\t\t\t<\/span>\n\t\t\t\t\t<\/a>\n\t\t<\/div>\n\t\t\t\t<\/div>\n\t\t\t\t<\/div>\n\t\t\t\t\t<\/div>\n\t\t<\/div>\n\t\t\t\t\t<\/div>\n\t\t<\/section>\n\t\t\t\t<\/div>\n\t\t","protected":false},"excerpt":{"rendered":"<p>\u00c5rets VVS-f\u00f6retag Sm\u00e5 M\u00e5rtenssons VVS i S\u00f6lvesborg AB Ekl\u00f6ws R\u00f6r och V\u00e4rmepumpsteknik ABAndreas Simonsson VVS och Industriservice i Malm\u00f6 ABV\u00e4xj\u00f6 V\u00e4rmepump &amp; VVS AB Aberga VVS &amp; Svets \u00a0 Medelstora Carlaplans R\u00f6r AB R\u00f6rservice i Sk\u00e5ne AB R\u00f6rbussen Akutservice AB VVS Kompaniet i \u00c4lmhult AB Bylunds VVS AB \u00a0 Stora LG Contracting Termor\u00f6r Stockholm AB [&hellip;]<\/p>\n","protected":false},"author":1,"featured_media":0,"parent":31,"menu_order":0,"comment_status":"closed","ping_status":"closed","template":"","meta":{"footnotes":""},"_links":{"self":[{"href":"https:\/\/www.dorunner.se\/aretshantverkare\/wp-json\/wp\/v2\/pages\/113"}],"collection":[{"href":"https:\/\/www.dorunner.se\/aretshantverkare\/wp-json\/wp\/v2\/pages"}],"about":[{"href":"https:\/\/www.dorunner.se\/aretshantverkare\/wp-json\/wp\/v2\/types\/page"}],"author":[{"embeddable":true,"href":"https:\/\/www.dorunner.se\/aretshantverkare\/wp-json\/wp\/v2\/users\/1"}],"replies":[{"embeddable":true,"href":"https:\/\/www.dorunner.se\/aretshantverkare\/wp-json\/wp\/v2\/comments?post=113"}],"version-history":[{"count":25,"href":"https:\/\/www.dorunner.se\/aretshantverkare\/wp-json\/wp\/v2\/pages\/113\/revisions"}],"predecessor-version":[{"id":3123,"href":"https:\/\/www.dorunner.se\/aretshantverkare\/wp-json\/wp\/v2\/pages\/113\/revisions\/3123"}],"up":[{"embeddable":true,"href":"https:\/\/www.dorunner.se\/aretshantverkare\/wp-json\/wp\/v2\/pages\/31"}],"wp:attachment":[{"href":"https:\/\/www.dorunner.se\/aretshantverkare\/wp-json\/wp\/v2\/media?parent=113"}],"curies":[{"name":"wp","href":"https:\/\/api.w.org\/{rel}","templated":true}]}}