{"id":103,"date":"2022-11-18T10:33:31","date_gmt":"2022-11-18T10:33:31","guid":{"rendered":"https:\/\/www.testrunner.se\/aretshantverkare\/?page_id=103"},"modified":"2022-12-13T22:29:46","modified_gmt":"2022-12-13T22:29:46","slug":"finalister-2022","status":"publish","type":"page","link":"https:\/\/www.dorunner.se\/aretshantverkare\/resultat\/resultat-2022\/finalister-2022\/","title":{"rendered":"Finalister 2022"},"content":{"rendered":"\t\t<div data-elementor-type=\"wp-page\" data-elementor-id=\"103\" class=\"elementor elementor-103\" data-elementor-post-type=\"page\">\n\t\t\t\t\t\t<section class=\"elementor-section elementor-top-section elementor-element elementor-element-af379a3 elementor-section-boxed elementor-section-height-default elementor-section-height-default\" data-id=\"af379a3\" data-element_type=\"section\">\n\t\t\t\t\t\t<div class=\"elementor-container elementor-column-gap-default\">\n\t\t\t\t\t<div class=\"elementor-column elementor-col-50 elementor-top-column elementor-element elementor-element-e9e39fe\" data-id=\"e9e39fe\" data-element_type=\"column\" data-settings=\"{&quot;background_background&quot;:&quot;classic&quot;}\">\n\t\t\t<div class=\"elementor-widget-wrap elementor-element-populated\">\n\t\t\t\t\t<div class=\"elementor-background-overlay\"><\/div>\n\t\t\t\t\t\t<div class=\"elementor-element elementor-element-adf85bd elementor-widget elementor-widget-toggle\" data-id=\"adf85bd\" data-element_type=\"widget\" data-widget_type=\"toggle.default\">\n\t\t\t\t<div class=\"elementor-widget-container\">\n\t\t\t<style>\/*! elementor - v3.23.0 - 05-08-2024 *\/\n.elementor-toggle{text-align:start}.elementor-toggle .elementor-tab-title{font-weight:700;line-height:1;margin:0;padding:15px;border-bottom:1px solid #d5d8dc;cursor:pointer;outline:none}.elementor-toggle .elementor-tab-title .elementor-toggle-icon{display:inline-block;width:1em}.elementor-toggle .elementor-tab-title .elementor-toggle-icon svg{margin-inline-start:-5px;width:1em;height:1em}.elementor-toggle .elementor-tab-title .elementor-toggle-icon.elementor-toggle-icon-right{float:right;text-align:right}.elementor-toggle .elementor-tab-title .elementor-toggle-icon.elementor-toggle-icon-left{float:left;text-align:left}.elementor-toggle .elementor-tab-title .elementor-toggle-icon .elementor-toggle-icon-closed{display:block}.elementor-toggle .elementor-tab-title .elementor-toggle-icon .elementor-toggle-icon-opened{display:none}.elementor-toggle .elementor-tab-title.elementor-active{border-bottom:none}.elementor-toggle .elementor-tab-title.elementor-active .elementor-toggle-icon-closed{display:none}.elementor-toggle .elementor-tab-title.elementor-active .elementor-toggle-icon-opened{display:block}.elementor-toggle .elementor-tab-content{padding:15px;border-bottom:1px solid #d5d8dc;display:none}@media (max-width:767px){.elementor-toggle .elementor-tab-title{padding:12px}.elementor-toggle .elementor-tab-content{padding:12px 10px}}.e-con-inner>.elementor-widget-toggle,.e-con>.elementor-widget-toggle{width:var(--container-widget-width);--flex-grow:var(--container-widget-flex-grow)}<\/style>\t\t<div class=\"elementor-toggle\">\n\t\t\t\t\t\t\t<div class=\"elementor-toggle-item\">\n\t\t\t\t\t<div id=\"elementor-tab-title-1821\" class=\"elementor-tab-title\" data-tab=\"1\" role=\"button\" aria-controls=\"elementor-tab-content-1821\" aria-expanded=\"false\">\n\t\t\t\t\t\t\t\t\t\t\t\t<span class=\"elementor-toggle-icon elementor-toggle-icon-left\" aria-hidden=\"true\">\n\t\t\t\t\t\t\t\t\t\t\t\t\t\t\t<span class=\"elementor-toggle-icon-closed\"><i class=\"fas fa-caret-right\"><\/i><\/span>\n\t\t\t\t\t\t\t\t<span class=\"elementor-toggle-icon-opened\"><i class=\"elementor-toggle-icon-opened fas fa-caret-up\"><\/i><\/span>\n\t\t\t\t\t\t\t\t\t\t\t\t\t<\/span>\n\t\t\t\t\t\t\t\t\t\t\t\t<a class=\"elementor-toggle-title\" tabindex=\"0\">\u00c5rets VVS-f\u00f6retag<\/a>\n\t\t\t\t\t<\/div>\n\n\t\t\t\t\t<div id=\"elementor-tab-content-1821\" class=\"elementor-tab-content elementor-clearfix\" data-tab=\"1\" role=\"region\" aria-labelledby=\"elementor-tab-title-1821\"><h5><strong>Sm\u00e5<\/strong><\/h5><p>R\u00f6rpulsen VVS Trollh\u00e4ttan AB<\/p><p>Morgan Karlstr\u00f6m<\/p><p><span style=\"text-decoration: underline;\"><a href=\"https:\/\/www.dorunner.se\/f\u00f6retag\/v\u00e4rmepumpsproffsen-i-53529\">V\u00e4rmepumpsProffsen i m\u00e4lardalen AB<\/a><\/span><\/p><p>Andreas Simonsson VVS och Industriservice i Malm\u00f6 AB<\/p><p>Aktiebolaget Dorotea V\u00e4rme &amp; Sanitet<\/p><h5>\u00a0<\/h5><h5><strong>Medelstora<\/strong><\/h5><p>R\u00f6rbussen Akutservice Stockholm AB<\/p><p>Lycksele V\u00e4rmeservice AB<\/p><p>08 Flex Transport&amp;service AB<\/p><p><span style=\"text-decoration: underline;\">Carlaplans R\u00f6r AB<\/span><\/p><p>VVS Kompaniet i \u00c4lmhult AB<\/p><h5>\u00a0<\/h5><h5><strong>Stora<\/strong><\/h5><p>MENAIR AB<\/p><p>Rylanders VVS AB<\/p><p>TermoR\u00f6r Stockholm AB<\/p><p>R\u00f6rmannen i Bromma AB<\/p><p><span style=\"text-decoration: underline;\"><a href=\"_wp_link_placeholder\" data-wplink-edit=\"true\">Cyklande R\u00f6rmokaren AB<\/a><\/span><\/p><\/div>\n\t\t\t\t<\/div>\n\t\t\t\t\t\t\t\t<\/div>\n\t\t\t\t<\/div>\n\t\t\t\t<\/div>\n\t\t\t\t\t<\/div>\n\t\t<\/div>\n\t\t\t\t<div class=\"elementor-column elementor-col-50 elementor-top-column elementor-element elementor-element-7eb94c7\" data-id=\"7eb94c7\" data-element_type=\"column\" data-settings=\"{&quot;background_background&quot;:&quot;classic&quot;}\">\n\t\t\t<div class=\"elementor-widget-wrap elementor-element-populated\">\n\t\t\t\t\t\t<div class=\"elementor-element elementor-element-04b007a elementor-widget elementor-widget-toggle\" data-id=\"04b007a\" data-element_type=\"widget\" data-widget_type=\"toggle.default\">\n\t\t\t\t<div class=\"elementor-widget-container\">\n\t\t\t\t\t<div class=\"elementor-toggle\">\n\t\t\t\t\t\t\t<div class=\"elementor-toggle-item\">\n\t\t\t\t\t<div id=\"elementor-tab-title-4911\" class=\"elementor-tab-title\" data-tab=\"1\" role=\"button\" aria-controls=\"elementor-tab-content-4911\" aria-expanded=\"false\">\n\t\t\t\t\t\t\t\t\t\t\t\t<span class=\"elementor-toggle-icon elementor-toggle-icon-left\" aria-hidden=\"true\">\n\t\t\t\t\t\t\t\t\t\t\t\t\t\t\t<span class=\"elementor-toggle-icon-closed\"><i class=\"fas fa-caret-right\"><\/i><\/span>\n\t\t\t\t\t\t\t\t<span class=\"elementor-toggle-icon-opened\"><i class=\"elementor-toggle-icon-opened fas fa-caret-up\"><\/i><\/span>\n\t\t\t\t\t\t\t\t\t\t\t\t\t<\/span>\n\t\t\t\t\t\t\t\t\t\t\t\t<a class=\"elementor-toggle-title\" tabindex=\"0\">\u00c5rets Elf\u00f6retag<\/a>\n\t\t\t\t\t<\/div>\n\n\t\t\t\t\t<div id=\"elementor-tab-content-4911\" class=\"elementor-tab-content elementor-clearfix\" data-tab=\"1\" role=\"region\" aria-labelledby=\"elementor-tab-title-4911\"><h5><strong>Sm\u00e5<\/strong><\/h5><p class=\"pb-2\"><span style=\"text-decoration: underline;\">ITA Elteknik AB<\/span><\/p><p class=\"pb-2\">Elnature Ab<\/p><p class=\"pb-2\">Pappas el AB<\/p><p class=\"pb-2\">Elektrikern &amp; Bemanning i Halland<\/p><p class=\"pb-2\">1 EL AB<\/p><p class=\"pb-2\"><span style=\"text-decoration: underline;\">Otters EL AB<\/span><\/p><h5>\u00a0<\/h5><h5><strong>Medelstora<\/strong><\/h5><p class=\"pb-2\">Elprojekt V\u00e4rmland AB<\/p><p class=\"pb-2\"><span style=\"text-decoration: underline;\">Stockholms Elmilj\u00f6 AB<\/span><\/p><p class=\"pb-2\"><span style=\"text-decoration: underline;\"><a href=\"https:\/\/www.dorunner.se\/f\u00f6retag\/k-sylwan-el-ab-13343\">K-Sylwan El AB<\/a><\/span><\/p><p class=\"pb-2\">Dahlgren\u2019s El &amp; ljus<\/p><p class=\"pb-2\">\u00c5slunds El AB<\/p><h5>\u00a0<\/h5><h5><strong>Stora<\/strong><\/h5><p class=\"pb-2\">2electrify AB<\/p><p class=\"pb-2\">V\u00e4xj\u00f6 Elmontage AB<\/p><p class=\"pb-2\">Jikson Solutions AB<\/p><p class=\"pb-2\"><span style=\"text-decoration: underline;\"><a href=\"https:\/\/www.dorunner.se\/f\u00f6retag\/aktiebolaget-surahammars-elaff\u00e4r-38430\">Aktiebolaget Surahammars Elaff\u00e4r<\/a><\/span><\/p><p class=\"pb-2\">Elsea Installation<\/p><\/div>\n\t\t\t\t<\/div>\n\t\t\t\t\t\t\t\t<\/div>\n\t\t\t\t<\/div>\n\t\t\t\t<\/div>\n\t\t\t\t\t<\/div>\n\t\t<\/div>\n\t\t\t\t\t<\/div>\n\t\t<\/section>\n\t\t\t\t<section class=\"elementor-section elementor-top-section elementor-element elementor-element-f772f62 elementor-section-boxed elementor-section-height-default elementor-section-height-default\" data-id=\"f772f62\" data-element_type=\"section\">\n\t\t\t\t\t\t<div class=\"elementor-container elementor-column-gap-default\">\n\t\t\t\t\t<div class=\"elementor-column elementor-col-50 elementor-top-column elementor-element elementor-element-6d8bc13\" data-id=\"6d8bc13\" data-element_type=\"column\" data-settings=\"{&quot;background_background&quot;:&quot;classic&quot;}\">\n\t\t\t<div class=\"elementor-widget-wrap elementor-element-populated\">\n\t\t\t\t\t<div class=\"elementor-background-overlay\"><\/div>\n\t\t\t\t\t\t<div class=\"elementor-element elementor-element-cbeb32a elementor-widget elementor-widget-toggle\" data-id=\"cbeb32a\" data-element_type=\"widget\" data-widget_type=\"toggle.default\">\n\t\t\t\t<div class=\"elementor-widget-container\">\n\t\t\t\t\t<div class=\"elementor-toggle\">\n\t\t\t\t\t\t\t<div class=\"elementor-toggle-item\">\n\t\t\t\t\t<div id=\"elementor-tab-title-2131\" class=\"elementor-tab-title\" data-tab=\"1\" role=\"button\" aria-controls=\"elementor-tab-content-2131\" aria-expanded=\"false\">\n\t\t\t\t\t\t\t\t\t\t\t\t<span class=\"elementor-toggle-icon elementor-toggle-icon-left\" aria-hidden=\"true\">\n\t\t\t\t\t\t\t\t\t\t\t\t\t\t\t<span class=\"elementor-toggle-icon-closed\"><i class=\"fas fa-caret-right\"><\/i><\/span>\n\t\t\t\t\t\t\t\t<span class=\"elementor-toggle-icon-opened\"><i class=\"elementor-toggle-icon-opened fas fa-caret-up\"><\/i><\/span>\n\t\t\t\t\t\t\t\t\t\t\t\t\t<\/span>\n\t\t\t\t\t\t\t\t\t\t\t\t<a class=\"elementor-toggle-title\" tabindex=\"0\">\u00c5rets M\u00e5lerif\u00f6retag<\/a>\n\t\t\t\t\t<\/div>\n\n\t\t\t\t\t<div id=\"elementor-tab-content-2131\" class=\"elementor-tab-content elementor-clearfix\" data-tab=\"1\" role=\"region\" aria-labelledby=\"elementor-tab-title-2131\"><h5><strong>Sm\u00e5<\/strong><\/h5><p>Anders Furuviks M\u00e5leri<\/p><p><span style=\"text-decoration: underline;\"><a href=\"https:\/\/www.dorunner.se\/f\u00f6retag\/linneby-m\u00e5leri-ab-8971\">Linneby M\u00e5leri AB<\/a><\/span><\/p><p>M\u00e5leri Fina Hem i V\u00e4rmland AB<\/p><p>Karlsson Kl\u00e4tterteknik AB<\/p><p><span style=\"text-decoration: underline;\"><a href=\"https:\/\/www.dorunner.se\/f\u00f6retag\/anders-toftling-61184\">Anders Toftling<\/a><\/span><\/p><h5>\u00a0<\/h5><h5><strong>Medelstora<\/strong><\/h5><p>Peterssons m\u00e5leri AB<\/p><p>M\u00f6ckl\u00f6 m\u00e5leri AB<\/p><p>Kim Modigs m\u00e5leri &amp; st\u00e4d AB<\/p><p><span style=\"text-decoration: underline;\"><a href=\"https:\/\/www.dorunner.se\/f\u00f6retag\/metodm\u00e5leri-i-j\u00f6nk\u00f6ping-ab-48481\">Metodm\u00e5leri i J\u00f6nk\u00f6ping AB<\/a><\/span><\/p><p>Renew Service AB<\/p><h5>\u00a0<\/h5><h5><strong>Stora<\/strong><\/h5><p><span style=\"text-decoration: underline;\"><a href=\"https:\/\/www.dorunner.se\/f\u00f6retag\/malm\u00f6-m\u00e5leritj\u00e4nst-ab-arl\u00f6v-17075\">Malm\u00f6 M\u00e5leritj\u00e4nst AB, ARL\u00d6V<\/a><\/span><\/p><p>Stoby M\u00e5leri AB<\/p><p>THs M\u00e5leri<\/p><p>Let\u2019s paint<\/p><p>Peter Fors M\u00e5leri &amp; Entreprenad AB<\/p><\/div>\n\t\t\t\t<\/div>\n\t\t\t\t\t\t\t\t<\/div>\n\t\t\t\t<\/div>\n\t\t\t\t<\/div>\n\t\t\t\t\t<\/div>\n\t\t<\/div>\n\t\t\t\t<div class=\"elementor-column elementor-col-50 elementor-top-column elementor-element elementor-element-399a8b3\" data-id=\"399a8b3\" data-element_type=\"column\" data-settings=\"{&quot;background_background&quot;:&quot;classic&quot;}\">\n\t\t\t<div class=\"elementor-widget-wrap elementor-element-populated\">\n\t\t\t\t\t<div class=\"elementor-background-overlay\"><\/div>\n\t\t\t\t\t\t<div class=\"elementor-element elementor-element-c1a8d86 elementor-widget elementor-widget-toggle\" data-id=\"c1a8d86\" data-element_type=\"widget\" data-widget_type=\"toggle.default\">\n\t\t\t\t<div class=\"elementor-widget-container\">\n\t\t\t\t\t<div class=\"elementor-toggle\">\n\t\t\t\t\t\t\t<div class=\"elementor-toggle-item\">\n\t\t\t\t\t<div id=\"elementor-tab-title-2031\" class=\"elementor-tab-title\" data-tab=\"1\" role=\"button\" aria-controls=\"elementor-tab-content-2031\" aria-expanded=\"false\">\n\t\t\t\t\t\t\t\t\t\t\t\t<span class=\"elementor-toggle-icon elementor-toggle-icon-left\" aria-hidden=\"true\">\n\t\t\t\t\t\t\t\t\t\t\t\t\t\t\t<span class=\"elementor-toggle-icon-closed\"><i class=\"fas fa-caret-right\"><\/i><\/span>\n\t\t\t\t\t\t\t\t<span class=\"elementor-toggle-icon-opened\"><i class=\"elementor-toggle-icon-opened fas fa-caret-up\"><\/i><\/span>\n\t\t\t\t\t\t\t\t\t\t\t\t\t<\/span>\n\t\t\t\t\t\t\t\t\t\t\t\t<a class=\"elementor-toggle-title\" tabindex=\"0\">\u00c5rets Byggf\u00f6retag<\/a>\n\t\t\t\t\t<\/div>\n\n\t\t\t\t\t<div id=\"elementor-tab-content-2031\" class=\"elementor-tab-content elementor-clearfix\" data-tab=\"1\" role=\"region\" aria-labelledby=\"elementor-tab-title-2031\"><h5><strong>Sm\u00e5<\/strong><\/h5><p>Bj\u00f6rstag\u00e5rd AB<\/p><p>Malm\u00f6 Arena Papp &amp; Pl\u00e5t AB<\/p><p><span style=\"text-decoration: underline;\"><a href=\"https:\/\/www.dorunner.se\/f\u00f6retag\/allti1bygg-huskvarna-55469\">Allt i 1 bygg Huskvarna AB<\/a><\/span><\/p><p>Edbsygg innerv\u00e4ggsspecialisten<\/p><p>Vincenthandcraft<\/p><p>Buchenz alltj\u00e4nst<\/p><h5>\u00a0<\/h5><h5><strong>Medelstora<\/strong><\/h5><p>Construction Number One Stockholm AB<\/p><p>Petra Bygg och Renovering AB<\/p><p>M Degerstedt Bygg AB<\/p><p><span style=\"text-decoration: underline;\"><a href=\"https:\/\/www.dorunner.se\/f\u00f6retag\/rambygruppen-bygg-m\u00e5leri-ab-63053\">Rambygruppen Bygg &amp; M\u00e5leri AB<\/a><\/span><\/p><p><span style=\"text-decoration: underline;\"><a href=\"https:\/\/www.dorunner.se\/f\u00f6retag\/object-entreprenad-ab-65243\">Object entreprenad AB<\/a><\/span><\/p><h5>\u00a0<\/h5><h5><strong>Stora<\/strong><\/h5><p>\u00c5ngsta bygg &amp; m\u00e5leri<\/p><p>Lennart i Salom AB<\/p><p><span style=\"text-decoration: underline;\"><a href=\"https:\/\/www.dorunner.se\/f\u00f6retag\/byggentreprenad-resurs-sverige-ab-22871\">Byggentreprenad Resurs Sverige AB<\/a><\/span><\/p><p>Jobryan Bygg AB<\/p><p>PP hus och bygg AB<\/p><\/div>\n\t\t\t\t<\/div>\n\t\t\t\t\t\t\t\t<\/div>\n\t\t\t\t<\/div>\n\t\t\t\t<\/div>\n\t\t\t\t\t<\/div>\n\t\t<\/div>\n\t\t\t\t\t<\/div>\n\t\t<\/section>\n\t\t\t\t<section class=\"elementor-section elementor-top-section elementor-element elementor-element-509f903 elementor-section-boxed elementor-section-height-default elementor-section-height-default\" data-id=\"509f903\" data-element_type=\"section\">\n\t\t\t\t\t\t<div class=\"elementor-container elementor-column-gap-default\">\n\t\t\t\t\t<div class=\"elementor-column elementor-col-50 elementor-top-column elementor-element elementor-element-e17c34c\" data-id=\"e17c34c\" data-element_type=\"column\" data-settings=\"{&quot;background_background&quot;:&quot;classic&quot;}\">\n\t\t\t<div class=\"elementor-widget-wrap elementor-element-populated\">\n\t\t\t\t\t<div class=\"elementor-background-overlay\"><\/div>\n\t\t\t\t\t\t<div class=\"elementor-element elementor-element-2561752 elementor-widget elementor-widget-toggle\" data-id=\"2561752\" data-element_type=\"widget\" data-widget_type=\"toggle.default\">\n\t\t\t\t<div class=\"elementor-widget-container\">\n\t\t\t\t\t<div class=\"elementor-toggle\">\n\t\t\t\t\t\t\t<div class=\"elementor-toggle-item\">\n\t\t\t\t\t<div id=\"elementor-tab-title-3911\" class=\"elementor-tab-title\" data-tab=\"1\" role=\"button\" aria-controls=\"elementor-tab-content-3911\" aria-expanded=\"false\">\n\t\t\t\t\t\t\t\t\t\t\t\t<span class=\"elementor-toggle-icon elementor-toggle-icon-left\" aria-hidden=\"true\">\n\t\t\t\t\t\t\t\t\t\t\t\t\t\t\t<span class=\"elementor-toggle-icon-closed\"><i class=\"fas fa-caret-right\"><\/i><\/span>\n\t\t\t\t\t\t\t\t<span class=\"elementor-toggle-icon-opened\"><i class=\"elementor-toggle-icon-opened fas fa-caret-up\"><\/i><\/span>\n\t\t\t\t\t\t\t\t\t\t\t\t\t<\/span>\n\t\t\t\t\t\t\t\t\t\t\t\t<a class=\"elementor-toggle-title\" tabindex=\"0\">\u00c5rets Badrumsentrepren\u00f6r<\/a>\n\t\t\t\t\t<\/div>\n\n\t\t\t\t\t<div id=\"elementor-tab-content-3911\" class=\"elementor-tab-content elementor-clearfix\" data-tab=\"1\" role=\"region\" aria-labelledby=\"elementor-tab-title-3911\"><p>Alain Bygg AB<\/p><p>Risinge Platts\u00e4ttning AB<\/p><p>Lindmarks Kakel AB<\/p><p><span style=\"text-decoration: underline;\"><a href=\"https:\/\/www.dorunner.se\/f\u00f6retag\/edlunds-kakel-klinker-byggservice-ab-19228\">Edlunds Kakel, Klinker &amp; Byggservice AB<\/a><\/span><\/p><p>Platts\u00e4ttarna i V\u00e4stra Stockholm AB<\/p><\/div>\n\t\t\t\t<\/div>\n\t\t\t\t\t\t\t\t<\/div>\n\t\t\t\t<\/div>\n\t\t\t\t<\/div>\n\t\t\t\t\t<\/div>\n\t\t<\/div>\n\t\t\t\t<div class=\"elementor-column elementor-col-50 elementor-top-column elementor-element elementor-element-2e67d3d\" data-id=\"2e67d3d\" data-element_type=\"column\" data-settings=\"{&quot;background_background&quot;:&quot;classic&quot;}\">\n\t\t\t<div class=\"elementor-widget-wrap elementor-element-populated\">\n\t\t\t\t\t<div class=\"elementor-background-overlay\"><\/div>\n\t\t\t\t\t\t<div class=\"elementor-element elementor-element-b8c7fd6 elementor-widget elementor-widget-toggle\" data-id=\"b8c7fd6\" data-element_type=\"widget\" data-widget_type=\"toggle.default\">\n\t\t\t\t<div class=\"elementor-widget-container\">\n\t\t\t\t\t<div class=\"elementor-toggle\">\n\t\t\t\t\t\t\t<div class=\"elementor-toggle-item\">\n\t\t\t\t\t<div id=\"elementor-tab-title-1931\" class=\"elementor-tab-title\" data-tab=\"1\" role=\"button\" aria-controls=\"elementor-tab-content-1931\" aria-expanded=\"false\">\n\t\t\t\t\t\t\t\t\t\t\t\t<span class=\"elementor-toggle-icon elementor-toggle-icon-left\" aria-hidden=\"true\">\n\t\t\t\t\t\t\t\t\t\t\t\t\t\t\t<span class=\"elementor-toggle-icon-closed\"><i class=\"fas fa-caret-right\"><\/i><\/span>\n\t\t\t\t\t\t\t\t<span class=\"elementor-toggle-icon-opened\"><i class=\"elementor-toggle-icon-opened fas fa-caret-up\"><\/i><\/span>\n\t\t\t\t\t\t\t\t\t\t\t\t\t<\/span>\n\t\t\t\t\t\t\t\t\t\t\t\t<a class=\"elementor-toggle-title\" tabindex=\"0\">\u00c5rets Golventrepren\u00f6r<\/a>\n\t\t\t\t\t<\/div>\n\n\t\t\t\t\t<div id=\"elementor-tab-content-1931\" class=\"elementor-tab-content elementor-clearfix\" data-tab=\"1\" role=\"region\" aria-labelledby=\"elementor-tab-title-1931\"><p>Fr\u00f6s\u00f6snickarn AB<\/p><p><span style=\"text-decoration: underline;\"><a href=\"https:\/\/www.dorunner.se\/f\u00f6retag\/goveteran-\u00f6sterg\u00f6tland-59439\">GOveteran \u00d6sterg\u00f6tland<\/a><\/span><\/p><p>PO Golv &amp; Bygg AB<\/p><p><span style=\"text-decoration: underline;\"><a href=\"https:\/\/www.dorunner.se\/f\u00f6retag\/solutias-ab-60121\">SOLUTIAS AB<\/a><\/span><\/p><p>Flexibel Bygg S\u00f6der AB<\/p><\/div>\n\t\t\t\t<\/div>\n\t\t\t\t\t\t\t\t<\/div>\n\t\t\t\t<\/div>\n\t\t\t\t<\/div>\n\t\t\t\t\t<\/div>\n\t\t<\/div>\n\t\t\t\t\t<\/div>\n\t\t<\/section>\n\t\t\t\t<section class=\"elementor-section elementor-top-section elementor-element elementor-element-fd97753 elementor-section-boxed elementor-section-height-default elementor-section-height-default\" data-id=\"fd97753\" data-element_type=\"section\">\n\t\t\t\t\t\t<div class=\"elementor-container elementor-column-gap-default\">\n\t\t\t\t\t<div class=\"elementor-column elementor-col-100 elementor-top-column elementor-element elementor-element-3b058a3\" data-id=\"3b058a3\" data-element_type=\"column\">\n\t\t\t<div class=\"elementor-widget-wrap elementor-element-populated\">\n\t\t\t\t\t\t<div class=\"elementor-element elementor-element-a8a2ad9 elementor-widget elementor-widget-heading\" data-id=\"a8a2ad9\" data-element_type=\"widget\" data-widget_type=\"heading.default\">\n\t\t\t\t<div class=\"elementor-widget-container\">\n\t\t\t<style>\/*! elementor - v3.23.0 - 05-08-2024 *\/\n.elementor-heading-title{padding:0;margin:0;line-height:1}.elementor-widget-heading .elementor-heading-title[class*=elementor-size-]>a{color:inherit;font-size:inherit;line-height:inherit}.elementor-widget-heading .elementor-heading-title.elementor-size-small{font-size:15px}.elementor-widget-heading .elementor-heading-title.elementor-size-medium{font-size:19px}.elementor-widget-heading .elementor-heading-title.elementor-size-large{font-size:29px}.elementor-widget-heading .elementor-heading-title.elementor-size-xl{font-size:39px}.elementor-widget-heading .elementor-heading-title.elementor-size-xxl{font-size:59px}<\/style><h2 class=\"elementor-heading-title elementor-size-default\">Vill du se vilka vinnarna blev?<\/h2>\t\t<\/div>\n\t\t\t\t<\/div>\n\t\t\t\t<div class=\"elementor-element elementor-element-0fc56d9 elementor-align-center elementor-widget elementor-widget-button\" data-id=\"0fc56d9\" data-element_type=\"widget\" data-widget_type=\"button.default\">\n\t\t\t\t<div class=\"elementor-widget-container\">\n\t\t\t\t\t<div class=\"elementor-button-wrapper\">\n\t\t\t<a class=\"elementor-button elementor-button-link elementor-size-sm\" href=\"\/aretshantverkare\/resultat\/resultat-2022\/vinnare-2022\/\">\n\t\t\t\t\t\t<span class=\"elementor-button-content-wrapper\">\n\t\t\t\t\t\t\t\t\t<span class=\"elementor-button-text\">Vinnare 2022<\/span>\n\t\t\t\t\t<\/span>\n\t\t\t\t\t<\/a>\n\t\t<\/div>\n\t\t\t\t<\/div>\n\t\t\t\t<\/div>\n\t\t\t\t\t<\/div>\n\t\t<\/div>\n\t\t\t\t\t<\/div>\n\t\t<\/section>\n\t\t\t\t<\/div>\n\t\t","protected":false},"excerpt":{"rendered":"<p>\u00c5rets VVS-f\u00f6retag Sm\u00e5 R\u00f6rpulsen VVS Trollh\u00e4ttan AB Morgan Karlstr\u00f6m V\u00e4rmepumpsProffsen i m\u00e4lardalen AB Andreas Simonsson VVS och Industriservice i Malm\u00f6 AB Aktiebolaget Dorotea V\u00e4rme &amp; Sanitet \u00a0 Medelstora R\u00f6rbussen Akutservice Stockholm AB Lycksele V\u00e4rmeservice AB 08 Flex Transport&amp;service AB Carlaplans R\u00f6r AB VVS Kompaniet i \u00c4lmhult AB \u00a0 Stora MENAIR AB Rylanders VVS AB TermoR\u00f6r [&hellip;]<\/p>\n","protected":false},"author":1,"featured_media":0,"parent":29,"menu_order":0,"comment_status":"closed","ping_status":"closed","template":"","meta":{"footnotes":""},"_links":{"self":[{"href":"https:\/\/www.dorunner.se\/aretshantverkare\/wp-json\/wp\/v2\/pages\/103"}],"collection":[{"href":"https:\/\/www.dorunner.se\/aretshantverkare\/wp-json\/wp\/v2\/pages"}],"about":[{"href":"https:\/\/www.dorunner.se\/aretshantverkare\/wp-json\/wp\/v2\/types\/page"}],"author":[{"embeddable":true,"href":"https:\/\/www.dorunner.se\/aretshantverkare\/wp-json\/wp\/v2\/users\/1"}],"replies":[{"embeddable":true,"href":"https:\/\/www.dorunner.se\/aretshantverkare\/wp-json\/wp\/v2\/comments?post=103"}],"version-history":[{"count":28,"href":"https:\/\/www.dorunner.se\/aretshantverkare\/wp-json\/wp\/v2\/pages\/103\/revisions"}],"predecessor-version":[{"id":3085,"href":"https:\/\/www.dorunner.se\/aretshantverkare\/wp-json\/wp\/v2\/pages\/103\/revisions\/3085"}],"up":[{"embeddable":true,"href":"https:\/\/www.dorunner.se\/aretshantverkare\/wp-json\/wp\/v2\/pages\/29"}],"wp:attachment":[{"href":"https:\/\/www.dorunner.se\/aretshantverkare\/wp-json\/wp\/v2\/media?parent=103"}],"curies":[{"name":"wp","href":"https:\/\/api.w.org\/{rel}","templated":true}]}}